{"id":4055,"date":"2025-06-04T14:32:13","date_gmt":"2025-06-04T12:32:13","guid":{"rendered":"https:\/\/www.hoteluniversal.it\/?page_id=4055"},"modified":"2026-04-23T17:12:47","modified_gmt":"2026-04-23T15:12:47","slug":"trattamenti-olistici","status":"publish","type":"page","link":"https:\/\/www.hoteluniversal.it\/it\/trattamenti-olistici\/","title":{"rendered":"Trattamenti olistici"},"content":{"rendered":"<div class=\"wpb-content-wrapper\"><p>[vc_row css_animation=&#8221;&#8221; row_type=&#8221;row&#8221; use_row_as_full_screen_section=&#8221;no&#8221; type=&#8221;full_width&#8221; angled_section=&#8221;no&#8221; text_align=&#8221;left&#8221; background_image_as_pattern=&#8221;without_pattern&#8221;][vc_column][vc_column_text css=&#8221;&#8221; el_class=&#8221;small-h1&#8243;]<\/p>\n<h1 style=\"text-align: center;\">Trattamenti olistici<\/h1>\n<p>[\/vc_column_text][vc_empty_space height=&#8221;82px&#8221;][\/vc_column][\/vc_row][vc_row css_animation=&#8221;&#8221; row_type=&#8221;row&#8221; use_row_as_full_screen_section=&#8221;no&#8221; type=&#8221;full_width&#8221; angled_section=&#8221;no&#8221; text_align=&#8221;left&#8221; background_image_as_pattern=&#8221;without_pattern&#8221;][vc_column width=&#8221;7\/12&#8243;][vc_column_text css=&#8221;&#8221;]<\/p>\n<h3><strong>Rigenera corpo e mente con un trattamento personalizzato direttamente in hotel<\/strong><\/h3>\n<p>&nbsp;<\/p>\n<p>Juliana Andrade, operatrice olistica con oltre 20 anni di esperienza nel mondo delle SPA e dei centri benessere, offre agli ospiti dell\u2019Hotel Universal un&#8217;esperienza unica e multisensoriale.<br \/>\nDal 2013 accompagna chi soggiorna nel nostro hotel in un percorso di rigenerazione profonda, unendo tecniche occidentali a rituali ispirati alla vibrante energia del Brasile.<\/p>\n<p> I trattamenti sono disponibili su prenotazione, direttamente in hotel.[\/vc_column_text][vc_column_text css=&#8221;&#8221;]\u201c<strong>By Brasil<\/strong>\u201d: il metodo esclusivo di <strong>Juliana<\/strong><br \/>\nI suoi trattamenti integrano:<\/p>\n<p>\u2714\ufe0f Viso illuminante<br \/>\n\u2714\ufe0f Classico svedese<br \/>\n\u2714\ufe0f Rilassante<br \/>\n\u2714\ufe0f Antistress<br \/>\n\u2714\ufe0f Defaticante gambe<br \/>\n\u2714\ufe0f Cervical e lombare<br \/>\n\u2714\ufe0f Bioposturale<br \/>\n\u2714\ufe0f Bio draining system<br \/>\n\u2714\ufe0f Connettivale profondo<br \/>\n\u2714\ufe0f Stretching dei meridiani<br \/>\n\u2714\ufe0f Decontratturante gambe e spalle<br \/>\n\u2714\ufe0f Tecniche energetiche Reiki Usui<br \/>\n\u2714\ufe0f Oli biologici brasiliani per un\u2019esperienza multisensoriale[\/vc_column_text][vc_column_inner el_class=&#8221;stelle-rece&#8221;][\/vc_column_inner][\/vc_column][vc_column width=&#8221;5\/12&#8243;][vc_single_image image=&#8221;4130&#8243; img_size=&#8221;large&#8221; css=&#8221;&#8221; qode_css_animation=&#8221;&#8221;][\/vc_column][\/vc_row][vc_row css_animation=&#8221;&#8221; row_type=&#8221;row&#8221; use_row_as_full_screen_section=&#8221;no&#8221; type=&#8221;full_width&#8221; angled_section=&#8221;no&#8221; text_align=&#8221;left&#8221; background_image_as_pattern=&#8221;without_pattern&#8221;][vc_column][vc_empty_space][vc_column_text css=&#8221;&#8221; el_class=&#8221;small-h1&#8243;]<\/p>\n<h2 style=\"text-align: center;\">UN&#8217;ESPERIENZA SU MISURA<\/h2>\n<p>[\/vc_column_text][\/vc_column][\/vc_row][vc_row css_animation=&#8221;&#8221; row_type=&#8221;row&#8221; use_row_as_full_screen_section=&#8221;no&#8221; type=&#8221;full_width&#8221; angled_section=&#8221;no&#8221; text_align=&#8221;left&#8221; background_image_as_pattern=&#8221;without_pattern&#8221;][vc_column][vc_column_text css=&#8221;&#8221;]<\/p>\n<h3>TRATTAMENTI<\/h3>\n<p><strong>Durata 50\u2019 75\u20ac<\/strong><\/p>\n<h4>VISO<\/h4>\n<p><strong>BELLEZZA SENZA TEMPO by Brasil<\/strong><br \/>\nOgni et\u00e0 ha la sua bellezza. Le manualit\u00e0 avvolgenti e distensive per viso, collo e decollet\u00e9, unite alla forza rigenerante degli oli biologici della jojoba e acai provenienti dalla foresta amazzonica, per esaltare la tua bellezza autentica.<\/p>\n<h4>CORPO<\/h4>\n<p><strong>ELISIR DI LUNGA VITA by Brasil<\/strong><br \/>\nManualit\u00e0 personalizzate per alleviare le tensioni, accompagnate dagli oli biologici di Andiroba provenienti dalla foresta amazzonica. Il trattamento perfetto per chi desidera rinascere dopo una giornata intensa.<br \/>\n<strong>RILASSANTE<\/strong><br \/>\nManualit\u00e0 lente, profonde e avvolgenti rendono questo trattamento ideale in ogni occasione. Per concludere una giornata di lavoro, recuperare le energie o semplicemente concedersi una coccola. Un classico intramontabile che restituisce nuova energia.<br \/>\n<strong>DECONTRATTURANTE\/SPORTIVO<\/strong><br \/>\nManualit\u00e0 energizzanti che riossigenano e allungano la muscolatura. Indicato per chi svolge attivit\u00e0 fisica o ha accumulato tensione su schiena, spalle e gambe.<br \/>\n<strong>DEFATICANTE GAMBE<\/strong><br \/>\nLe manualit\u00e0 agiscono principalmente su caviglie e zona posteriore del ginocchio. Un trattamento mirato per gambe pesanti e affaticate che riattiva la circolazione donando una sensazione immediata di leggerezza.<br \/>\n<strong>PREMAMAN<\/strong><br \/>\nUn dolce abbraccio per la futura mamma. Manualit\u00e0 delicate e rilassanti eseguite con oli bio neutri, per un momento di pace e connessione profonda con s\u00e9 stessa.[\/vc_column_text][\/vc_column][\/vc_row][vc_row css_animation=&#8221;&#8221; row_type=&#8221;row&#8221; use_row_as_full_screen_section=&#8221;no&#8221; type=&#8221;full_width&#8221; angled_section=&#8221;no&#8221; text_align=&#8221;left&#8221; background_image_as_pattern=&#8221;without_pattern&#8221;][vc_column][vc_empty_space][vc_column_text css=&#8221;&#8221;]<\/p>\n<h3>RITUALE<\/h3>\n<h4>VISO<\/h4>\n<p><strong>ILLUMINANTE<\/strong><br \/>\n<strong>Durata 50 min 85\u20ac<\/strong><br \/>\nUn\u2019esperienza viso rigenerante per ritrovare luminosit\u00e0 e freschezza. Grazie all\u2019azione purificante dei carboni vegetali, la pelle viene delicatamente esfoliata, liberata da impurit\u00e0 e tossine. Il rituale prosegue con manualit\u00e0 rilassanti che distendono i tratti del viso e favoriscono l\u2019ossigenazione dei tessuti, regalando un colorito uniforme e visibilmente splendente.<\/p>\n<h4>CORPO<\/h4>\n<p><strong>Durata 50\u2019 90\u20ac<\/strong><br \/>\n<strong>RITUALE HIMALAYA \u2013 ESFOLIAZIONE E RINASCITA<\/strong><br \/>\nUn viaggio sensoriale che purifica corpo e mente. I cristalli puri di sale rosa dell\u2019Himalaya, uniti agli oli essenziali balsamici, esfoliano dolcemente la pelle, stimolando il rinnovamento cellulare e l\u2019espulsione delle tossine. Il trattamento si completa con manualit\u00e0 detossinanti che regalano una pelle morbida, luminosa e una profonda sensazione di leggerezza.<br \/>\n<strong>RITUALE DETOX AL T\u00c8 VERDE \u2013 FANGO ANTIOSSIDANTE E REMINERALIZZANTE<\/strong><br \/>\nIl benessere naturale che ricarica il corpo. Un fango ricco e avvolgente con t\u00e8 verde biologico, sali del Mar Morto e zenzero per drenare, stimolare e nutrire la pelle. L\u2019azione antiossidante del t\u00e8 verde si combina con il potere rimineralizzante dei sali e la vitalit\u00e0 dello zenzero per una pelle tonica e radiosa e un corpo rigenerato.[\/vc_column_text][\/vc_column][\/vc_row][vc_row css_animation=&#8221;&#8221; row_type=&#8221;row&#8221; use_row_as_full_screen_section=&#8221;no&#8221; type=&#8221;full_width&#8221; angled_section=&#8221;no&#8221; text_align=&#8221;left&#8221; background_image_as_pattern=&#8221;without_pattern&#8221; z_index=&#8221;&#8221; css=&#8221;.vc_custom_1748956402893{margin-bottom: 20px !important;}&#8221; el_id=&#8221;prenota&#8221;][vc_column][vc_empty_space height=&#8221;64px&#8221;][\/vc_column][\/vc_row][vc_row css_animation=&#8221;&#8221; row_type=&#8221;row&#8221; use_row_as_full_screen_section=&#8221;no&#8221; type=&#8221;full_width&#8221; angled_section=&#8221;no&#8221; text_align=&#8221;left&#8221; background_image_as_pattern=&#8221;without_pattern&#8221; z_index=&#8221;&#8221; css=&#8221;.vc_custom_1749127728678{margin-bottom: 20px !important;}&#8221; el_class=&#8221;banner-grigio&#8221;][vc_column css=&#8221;.vc_custom_1602582236536{background-color: #ebebeb !important;}&#8221;][vc_column_text css=&#8221;&#8221;]<\/p>\n<div>\n<h3 class=\"entry-title\" style=\"text-align: center;\">\u2728 Prenota ora la tua pausa rigenerante.<br \/>\n Disponibile direttamente in hotel, su appuntamento.<\/h3>\n<p>&nbsp;<\/p>\n<p style=\"text-align: center;\">Per accedere al nostro fantastico centro benessere \u00e8 necessaria la prenotazione,<br \/>\nche pu\u00f2 essere fatta via mail scrivendo a <a href=\"mailto:info@hoteluniversal.it\">info@hoteluniversal.it<\/a> oppure via Whatsapp <a href=\"https:\/\/wa.me\/393458013512\">+39 345 8013512<\/a>.<\/p>\n<\/div>\n<p>[\/vc_column_text][vc_empty_space][\/vc_column][\/vc_row][vc_row css_animation=&#8221;&#8221; row_type=&#8221;row&#8221; use_row_as_full_screen_section=&#8221;no&#8221; type=&#8221;grid&#8221; angled_section=&#8221;no&#8221; text_align=&#8221;left&#8221; background_image_as_pattern=&#8221;without_pattern&#8221; z_index=&#8221;&#8221; padding_bottom=&#8221;45&#8243; css=&#8221;.vc_custom_1579864113174{background-color: #f6f6f6 !important;}&#8221; padding_top=&#8221;35&#8243; background_color=&#8221;#f6f6f6&#8243;][vc_column][vc_row_inner row_type=&#8221;row&#8221; type=&#8221;full_width&#8221; text_align=&#8221;left&#8221; css_animation=&#8221;&#8221; el_class=&#8221;tipology-inner-two-wrap&#8221; background_color=&#8221;#f6f6f6&#8243;][vc_column_inner el_class=&#8221;tipology-inner-two-wrap-block&#8221; width=&#8221;1\/2&#8243;][vc_single_image image=&#8221;1121&#8243; img_size=&#8221;full&#8221; alignment=&#8221;center&#8221; onclick=&#8221;custom_link&#8221; qode_css_animation=&#8221;&#8221; el_class=&#8221;tipology-inner-two-img-block&#8221; link=&#8221;\/it\/personal-trainer\/&#8221;][vc_column_text el_class=&#8221;tipology-inner-two-text-block&#8221;]<\/p>\n<h4><a style=\"color: #ffffff;\" href=\"\/it\/personal-trainer\/\">Personal Trainer<\/a><\/h4>\n<p>[\/vc_column_text][\/vc_column_inner][vc_column_inner el_class=&#8221;tipology-inner-two-wrap-block&#8221; width=&#8221;1\/2&#8243;][vc_single_image image=&#8221;1568&#8243; img_size=&#8221;full&#8221; alignment=&#8221;center&#8221; onclick=&#8221;custom_link&#8221; qode_css_animation=&#8221;&#8221; el_class=&#8221;tipology-inner-two-img-block&#8221; link=&#8221;\/it\/servizi\/&#8221;][vc_column_text el_class=&#8221;tipology-inner-two-text-block&#8221;]<\/p>\n<h4><a style=\"color: #ffffff;\" href=\"\/it\/servizi\/\">Servizi<\/a><\/h4>\n<p>[\/vc_column_text][\/vc_column_inner][\/vc_row_inner][\/vc_column][\/vc_row][vc_row css_animation=&#8221;&#8221; row_type=&#8221;row&#8221; use_row_as_full_screen_section=&#8221;no&#8221; type=&#8221;full_width&#8221; angled_section=&#8221;no&#8221; text_align=&#8221;left&#8221; background_image_as_pattern=&#8221;without_pattern&#8221; z_index=&#8221;&#8221;][vc_column][vc_column_text css=&#8221;&#8221;]\n<div class=\"conver-widget-v2\"\n     data-instance=\"conver-v2-2\">\n\n  <div class=\"chat-container\" id=\"chat-section\">\n\n    <div class=\"chat-header\">\n      <div class=\"chat-header-logo\">\n        <img decoding=\"async\"\n          src=\"https:\/\/www.hoteluniversal.it\/wp-content\/themes\/bridge-child\/template-parts\/ricerca-conversazionale-v2\/assets\/img\/logo-ricerca-conv.png\"\n          alt=\"\"\n        >\n        <span>Ciao<\/span>\n      <\/div>\n\n      <h2>Da dove iniziamo?<\/h2>\n    <\/div>\n\n    <!-- Chat -->\n    <div class=\"chat-box\"><\/div>\n\n    <!-- Loading -->\n    <div class=\"loading-conver hidden\" aria-hidden=\"true\">\n      <div class=\"dot\"><\/div><div class=\"dot\"><\/div><div class=\"dot\"><\/div>\n    <\/div>\n\n    <!-- Input -->\n    <div class=\"input-area-conver-wrapper\">\n      <div class=\"input-area-conver\">\n        <textarea\n          class=\"user-input-conver\"\n          placeholder=\"Fai una domanda...\"\n          rows=\"1\"\n        ><\/textarea>\n\n        <div class=\"box-btn-conver\">\n          <a class=\"send-btn-conver\" href=\"#\" role=\"button\" aria-label=\"AI Search\">\n            <i class=\"fa-light fa-magnifying-glass icon-search\" aria-hidden=\"true\"><\/i>\n            <i class=\"fa-regular fa-arrow-up icon-send hidden\" aria-hidden=\"true\"><\/i>\n            <span class=\"ai-search-text\">AI Search<\/span>\n          <\/a>\n\n          <i class=\"fa-light fa-close icon-erase hidden\" aria-hidden=\"true\"><\/i>\n        <\/div>\n      <\/div>\n    <\/div>\n    <span class=\"show-quick-questions hidden\">Mostra domande rapide<\/span>\n\n    <!-- Domande rapide -->\n    <div class=\"entry-chats-wrapper\">\n      <!-- \n      <button type=\"button\" class=\"entry-chat\" data-prompt=\"Prenota una camera per due persone\">\n        Prenota una camera per due persone      <\/button>\n      -->\n      <button type=\"button\" class=\"entry-chat\" data-prompt=\"Scopri le offerte speciali\">\n        Scopri le offerte speciali      <\/button>\n\n      <button type=\"button\" class=\"entry-chat\" data-prompt=\"Scopri le camere\">\n        Scopri le camere      <\/button>\n\n      <button type=\"button\" class=\"entry-chat\" data-prompt=\"Scopri l&#039;area wellness\">\n        Scopri l&#039;area wellness      <\/button>\n    <\/div>\n\n  <\/div>\n<\/div>\n\n<style>\n  .entry-chats-wrapper {\n    display: flex !important;\n}\n<\/style>[\/vc_column_text][\/vc_column][\/vc_row]<\/p>\n<\/div>","protected":false},"excerpt":{"rendered":"<p>[vc_row css_animation=&#8221;&#8221; row_type=&#8221;row&#8221; use_row_as_full_screen_section=&#8221;no&#8221; type=&#8221;full_width&#8221; angled_section=&#8221;no&#8221; text_align=&#8221;left&#8221; background_image_as_pattern=&#8221;without_pattern&#8221;][vc_column][vc_column_text css=&#8221;&#8221; el_class=&#8221;small-h1&#8243;] Trattamenti olistici [\/vc_column_text][vc_empty_space height=&#8221;82px&#8221;][\/vc_column][\/vc_row][vc_row css_animation=&#8221;&#8221; row_type=&#8221;row&#8221; use_row_as_full_screen_section=&#8221;no&#8221; type=&#8221;full_width&#8221; angled_section=&#8221;no&#8221; text_align=&#8221;left&#8221; background_image_as_pattern=&#8221;without_pattern&#8221;][vc_column width=&#8221;7\/12&#8243;][vc_column_text css=&#8221;&#8221;] Rigenera corpo e mente con un trattamento personalizzato direttamente in hotel &nbsp; Juliana Andrade, operatrice olistica con oltre 20 anni di esperienza&#8230;<\/p>\n","protected":false},"author":9,"featured_media":3553,"parent":0,"menu_order":0,"comment_status":"closed","ping_status":"closed","template":"","meta":{"_acf_changed":false,"footnotes":""},"class_list":["post-4055","page","type-page","status-publish","has-post-thumbnail","hentry"],"acf":[],"yoast_head":"<!-- This site is optimized with the Yoast SEO plugin v25.7 - https:\/\/yoast.com\/wordpress\/plugins\/seo\/ -->\n<title>Trattamenti olistici | Hotel Universal - Senigallia (AN)<\/title>\n<meta name=\"robots\" content=\"noindex, follow\" \/>\n<meta property=\"og:locale\" content=\"it_IT\" \/>\n<meta property=\"og:type\" content=\"article\" \/>\n<meta property=\"og:title\" content=\"Trattamenti olistici | Hotel Universal - Senigallia (AN)\" \/>\n<meta property=\"og:description\" content=\"[vc_row css_animation=&#8221;&#8221; row_type=&#8221;row&#8221; use_row_as_full_screen_section=&#8221;no&#8221; type=&#8221;full_width&#8221; angled_section=&#8221;no&#8221; text_align=&#8221;left&#8221; background_image_as_pattern=&#8221;without_pattern&#8221;][vc_column][vc_column_text css=&#8221;&#8221; el_class=&#8221;small-h1&#8243;] Trattamenti olistici [\/vc_column_text][vc_empty_space height=&#8221;82px&#8221;][\/vc_column][\/vc_row][vc_row css_animation=&#8221;&#8221; row_type=&#8221;row&#8221; use_row_as_full_screen_section=&#8221;no&#8221; type=&#8221;full_width&#8221; angled_section=&#8221;no&#8221; text_align=&#8221;left&#8221; background_image_as_pattern=&#8221;without_pattern&#8221;][vc_column width=&#8221;7\/12&#8243;][vc_column_text css=&#8221;&#8221;] Rigenera corpo e mente con un trattamento personalizzato direttamente in hotel &nbsp; Juliana Andrade, operatrice olistica con oltre 20 anni di esperienza...\" \/>\n<meta property=\"og:url\" content=\"https:\/\/www.hoteluniversal.it\/it\/trattamenti-olistici\/\" \/>\n<meta property=\"og:site_name\" content=\"Hotel Universal - Senigallia (AN)\" \/>\n<meta property=\"article:modified_time\" content=\"2026-04-23T15:12:47+00:00\" \/>\n<meta property=\"og:image\" content=\"https:\/\/www.hoteluniversal.it\/wp-content\/uploads\/2024\/09\/SERVIZI-AREA-WELLNESS.png\" \/>\n\t<meta property=\"og:image:width\" content=\"1366\" \/>\n\t<meta property=\"og:image:height\" content=\"768\" \/>\n\t<meta property=\"og:image:type\" content=\"image\/png\" \/>\n<meta name=\"twitter:card\" content=\"summary_large_image\" \/>\n<meta name=\"twitter:label1\" content=\"Tempo di lettura stimato\" \/>\n\t<meta name=\"twitter:data1\" content=\"5 minuti\" \/>\n<script type=\"application\/ld+json\" class=\"yoast-schema-graph\">{\"@context\":\"https:\/\/schema.org\",\"@graph\":[{\"@type\":\"WebPage\",\"@id\":\"https:\/\/www.hoteluniversal.it\/it\/trattamenti-olistici\/\",\"url\":\"https:\/\/www.hoteluniversal.it\/it\/trattamenti-olistici\/\",\"name\":\"Trattamenti olistici | Hotel Universal - Senigallia (AN)\",\"isPartOf\":{\"@id\":\"https:\/\/www.hoteluniversal.it\/it\/#website\"},\"primaryImageOfPage\":{\"@id\":\"https:\/\/www.hoteluniversal.it\/it\/trattamenti-olistici\/#primaryimage\"},\"image\":{\"@id\":\"https:\/\/www.hoteluniversal.it\/it\/trattamenti-olistici\/#primaryimage\"},\"thumbnailUrl\":\"https:\/\/www.hoteluniversal.it\/wp-content\/uploads\/2024\/09\/SERVIZI-AREA-WELLNESS.png\",\"datePublished\":\"2025-06-04T12:32:13+00:00\",\"dateModified\":\"2026-04-23T15:12:47+00:00\",\"breadcrumb\":{\"@id\":\"https:\/\/www.hoteluniversal.it\/it\/trattamenti-olistici\/#breadcrumb\"},\"inLanguage\":\"it-IT\",\"potentialAction\":[{\"@type\":\"ReadAction\",\"target\":[\"https:\/\/www.hoteluniversal.it\/it\/trattamenti-olistici\/\"]}]},{\"@type\":\"ImageObject\",\"inLanguage\":\"it-IT\",\"@id\":\"https:\/\/www.hoteluniversal.it\/it\/trattamenti-olistici\/#primaryimage\",\"url\":\"https:\/\/www.hoteluniversal.it\/wp-content\/uploads\/2024\/09\/SERVIZI-AREA-WELLNESS.png\",\"contentUrl\":\"https:\/\/www.hoteluniversal.it\/wp-content\/uploads\/2024\/09\/SERVIZI-AREA-WELLNESS.png\",\"width\":1366,\"height\":768},{\"@type\":\"BreadcrumbList\",\"@id\":\"https:\/\/www.hoteluniversal.it\/it\/trattamenti-olistici\/#breadcrumb\",\"itemListElement\":[{\"@type\":\"ListItem\",\"position\":1,\"name\":\"Home\",\"item\":\"https:\/\/www.hoteluniversal.it\/it\/\"},{\"@type\":\"ListItem\",\"position\":2,\"name\":\"Trattamenti olistici\"}]},{\"@type\":\"WebSite\",\"@id\":\"https:\/\/www.hoteluniversal.it\/it\/#website\",\"url\":\"https:\/\/www.hoteluniversal.it\/it\/\",\"name\":\"Hotel Universal - Senigallia (AN)\",\"description\":\"\",\"potentialAction\":[{\"@type\":\"SearchAction\",\"target\":{\"@type\":\"EntryPoint\",\"urlTemplate\":\"https:\/\/www.hoteluniversal.it\/it\/?s={search_term_string}\"},\"query-input\":{\"@type\":\"PropertyValueSpecification\",\"valueRequired\":true,\"valueName\":\"search_term_string\"}}],\"inLanguage\":\"it-IT\"}]}<\/script>\n<!-- \/ Yoast SEO plugin. -->","yoast_head_json":{"title":"Trattamenti olistici | Hotel Universal - Senigallia (AN)","robots":{"index":"noindex","follow":"follow"},"og_locale":"it_IT","og_type":"article","og_title":"Trattamenti olistici | Hotel Universal - Senigallia (AN)","og_description":"[vc_row css_animation=&#8221;&#8221; row_type=&#8221;row&#8221; use_row_as_full_screen_section=&#8221;no&#8221; type=&#8221;full_width&#8221; angled_section=&#8221;no&#8221; text_align=&#8221;left&#8221; background_image_as_pattern=&#8221;without_pattern&#8221;][vc_column][vc_column_text css=&#8221;&#8221; el_class=&#8221;small-h1&#8243;] Trattamenti olistici [\/vc_column_text][vc_empty_space height=&#8221;82px&#8221;][\/vc_column][\/vc_row][vc_row css_animation=&#8221;&#8221; row_type=&#8221;row&#8221; use_row_as_full_screen_section=&#8221;no&#8221; type=&#8221;full_width&#8221; angled_section=&#8221;no&#8221; text_align=&#8221;left&#8221; background_image_as_pattern=&#8221;without_pattern&#8221;][vc_column width=&#8221;7\/12&#8243;][vc_column_text css=&#8221;&#8221;] Rigenera corpo e mente con un trattamento personalizzato direttamente in hotel &nbsp; Juliana Andrade, operatrice olistica con oltre 20 anni di esperienza...","og_url":"https:\/\/www.hoteluniversal.it\/it\/trattamenti-olistici\/","og_site_name":"Hotel Universal - Senigallia (AN)","article_modified_time":"2026-04-23T15:12:47+00:00","og_image":[{"width":1366,"height":768,"url":"https:\/\/www.hoteluniversal.it\/wp-content\/uploads\/2024\/09\/SERVIZI-AREA-WELLNESS.png","type":"image\/png"}],"twitter_card":"summary_large_image","twitter_misc":{"Tempo di lettura stimato":"5 minuti"},"schema":{"@context":"https:\/\/schema.org","@graph":[{"@type":"WebPage","@id":"https:\/\/www.hoteluniversal.it\/it\/trattamenti-olistici\/","url":"https:\/\/www.hoteluniversal.it\/it\/trattamenti-olistici\/","name":"Trattamenti olistici | Hotel Universal - Senigallia (AN)","isPartOf":{"@id":"https:\/\/www.hoteluniversal.it\/it\/#website"},"primaryImageOfPage":{"@id":"https:\/\/www.hoteluniversal.it\/it\/trattamenti-olistici\/#primaryimage"},"image":{"@id":"https:\/\/www.hoteluniversal.it\/it\/trattamenti-olistici\/#primaryimage"},"thumbnailUrl":"https:\/\/www.hoteluniversal.it\/wp-content\/uploads\/2024\/09\/SERVIZI-AREA-WELLNESS.png","datePublished":"2025-06-04T12:32:13+00:00","dateModified":"2026-04-23T15:12:47+00:00","breadcrumb":{"@id":"https:\/\/www.hoteluniversal.it\/it\/trattamenti-olistici\/#breadcrumb"},"inLanguage":"it-IT","potentialAction":[{"@type":"ReadAction","target":["https:\/\/www.hoteluniversal.it\/it\/trattamenti-olistici\/"]}]},{"@type":"ImageObject","inLanguage":"it-IT","@id":"https:\/\/www.hoteluniversal.it\/it\/trattamenti-olistici\/#primaryimage","url":"https:\/\/www.hoteluniversal.it\/wp-content\/uploads\/2024\/09\/SERVIZI-AREA-WELLNESS.png","contentUrl":"https:\/\/www.hoteluniversal.it\/wp-content\/uploads\/2024\/09\/SERVIZI-AREA-WELLNESS.png","width":1366,"height":768},{"@type":"BreadcrumbList","@id":"https:\/\/www.hoteluniversal.it\/it\/trattamenti-olistici\/#breadcrumb","itemListElement":[{"@type":"ListItem","position":1,"name":"Home","item":"https:\/\/www.hoteluniversal.it\/it\/"},{"@type":"ListItem","position":2,"name":"Trattamenti olistici"}]},{"@type":"WebSite","@id":"https:\/\/www.hoteluniversal.it\/it\/#website","url":"https:\/\/www.hoteluniversal.it\/it\/","name":"Hotel Universal - Senigallia (AN)","description":"","potentialAction":[{"@type":"SearchAction","target":{"@type":"EntryPoint","urlTemplate":"https:\/\/www.hoteluniversal.it\/it\/?s={search_term_string}"},"query-input":{"@type":"PropertyValueSpecification","valueRequired":true,"valueName":"search_term_string"}}],"inLanguage":"it-IT"}]}},"_links":{"self":[{"href":"https:\/\/www.hoteluniversal.it\/it\/wp-json\/wp\/v2\/pages\/4055","targetHints":{"allow":["GET"]}}],"collection":[{"href":"https:\/\/www.hoteluniversal.it\/it\/wp-json\/wp\/v2\/pages"}],"about":[{"href":"https:\/\/www.hoteluniversal.it\/it\/wp-json\/wp\/v2\/types\/page"}],"author":[{"embeddable":true,"href":"https:\/\/www.hoteluniversal.it\/it\/wp-json\/wp\/v2\/users\/9"}],"replies":[{"embeddable":true,"href":"https:\/\/www.hoteluniversal.it\/it\/wp-json\/wp\/v2\/comments?post=4055"}],"version-history":[{"count":64,"href":"https:\/\/www.hoteluniversal.it\/it\/wp-json\/wp\/v2\/pages\/4055\/revisions"}],"predecessor-version":[{"id":4920,"href":"https:\/\/www.hoteluniversal.it\/it\/wp-json\/wp\/v2\/pages\/4055\/revisions\/4920"}],"wp:featuredmedia":[{"embeddable":true,"href":"https:\/\/www.hoteluniversal.it\/it\/wp-json\/wp\/v2\/media\/3553"}],"wp:attachment":[{"href":"https:\/\/www.hoteluniversal.it\/it\/wp-json\/wp\/v2\/media?parent=4055"}],"curies":[{"name":"wp","href":"https:\/\/api.w.org\/{rel}","templated":true}]}}