{"id":259,"date":"2019-12-19T15:26:03","date_gmt":"2019-12-19T14:26:03","guid":{"rendered":"http:\/\/www.hoteluniversal.it\/?page_id=259"},"modified":"2026-04-23T17:12:30","modified_gmt":"2026-04-23T15:12:30","slug":"ristorante","status":"publish","type":"page","link":"https:\/\/www.hoteluniversal.it\/it\/ristorante\/","title":{"rendered":"Ristorante"},"content":{"rendered":"<div class=\"wpb-content-wrapper\"><p>[vc_row css_animation=&#8221;&#8221; row_type=&#8221;row&#8221; use_row_as_full_screen_section=&#8221;no&#8221; type=&#8221;full_width&#8221; angled_section=&#8221;no&#8221; text_align=&#8221;left&#8221; background_image_as_pattern=&#8221;without_pattern&#8221;][vc_column][vc_column_text]<\/p>\n<h1 style=\"text-align: center;\">Ristorante<\/h1>\n<p>[\/vc_column_text][\/vc_column][\/vc_row][vc_row css_animation=&#8221;&#8221; row_type=&#8221;row&#8221; use_row_as_full_screen_section=&#8221;no&#8221; type=&#8221;full_width&#8221; angled_section=&#8221;no&#8221; text_align=&#8221;left&#8221; background_image_as_pattern=&#8221;without_pattern&#8221; z_index=&#8221;&#8221; css=&#8221;.vc_custom_1579693046351{padding-bottom: 30px !important;}&#8221;][vc_column width=&#8221;7\/12&#8243;][vc_column_text]<\/p>\n<h2>Una cucina di gran gusto<\/h2>\n<p>Siamo molto sensibili alla buona cucina e qui <strong>all\u2019Universal curiamo la tavola a partire dalla scelta dei prodotti<\/strong>. Piatti della nostra terra, ma anche pi\u00f9 tradizionali, sono preparati ogni giorno con cura e attenzione dal nostro chef; pronti per essere assaggiati nella sala ristorante vista mare.[\/vc_column_text][vc_row_inner row_type=&#8221;row&#8221; type=&#8221;full_width&#8221; text_align=&#8221;left&#8221; css_animation=&#8221;&#8221; css=&#8221;.vc_custom_1604307503626{margin-bottom: 10px !important;background-color: #ffffff !important;border-radius: 15px !important;}&#8221; padding_top=&#8221;10&#8243; el_class=&#8221;rece-shadow&#8221;][vc_column_inner el_class=&#8221;stelle-rece&#8221; width=&#8221;1\/6&#8243;][vc_single_image image=&#8221;2211&#8243; img_size=&#8221;full&#8221; qode_css_animation=&#8221;&#8221;][vc_single_image image=&#8221;2117&#8243; img_size=&#8221;full&#8221; qode_css_animation=&#8221;&#8221;][\/vc_column_inner][vc_column_inner width=&#8221;5\/6&#8243;][vc_column_text]<\/p>\n<h4>Michele R.<\/h4>\n<p>Ottimo albergo, posizione invidiabile. Cibo ottimo.[\/vc_column_text][\/vc_column_inner][\/vc_row_inner][vc_column_text css=&#8221;&#8221;]Il ristorante rimane aperto per tutto l\u2019anno per gruppi o eventi su prenotazione e in alternativa offriamo <strong>convenzioni con alcuni dei migliori locali della citt\u00e0, come il ristorante \u201cRaggio azzurro&#8221; o &#8220;Il Pancho\u201d.<\/strong><\/p>\n<p>Siete amanti dei tour fra colline e aziende agricole?<br \/>\nVi consigliamo deliziosi luoghi, a volte nascosti e un po\u2019 insoliti, tra cantine, crespaie, fattorie e frantoi dove gustare i prodotti tipici, gli ottimi vini come il Verdicchio dei Castelli di Jesi e l\u2019Olio Extra Vergine DOP di Cartoceto.[\/vc_column_text][\/vc_column][vc_column width=&#8221;5\/12&#8243;][vc_gallery type=&#8221;nivo&#8221; interval=&#8221;3&#8243; images=&#8221;3135,3143,901,3192,3171&#8243; img_size=&#8221;full&#8221;][\/vc_column][\/vc_row][vc_row css_animation=&#8221;&#8221; row_type=&#8221;row&#8221; use_row_as_full_screen_section=&#8221;no&#8221; type=&#8221;full_width&#8221; angled_section=&#8221;no&#8221; text_align=&#8221;left&#8221; background_image_as_pattern=&#8221;without_pattern&#8221; css=&#8221;.vc_custom_1579693086050{padding-bottom: 30px !important;}&#8221; z_index=&#8221;&#8221;][vc_column width=&#8221;1\/2&#8243;][vc_row_inner row_type=&#8221;row&#8221; type=&#8221;full_width&#8221; text_align=&#8221;left&#8221; css_animation=&#8221;&#8221;][vc_column_inner][vc_single_image image=&#8221;4804&#8243; img_size=&#8221;full&#8221; style=&#8221;vc_box_rounded&#8221; css=&#8221;&#8221; qode_css_animation=&#8221;&#8221;][\/vc_column_inner][\/vc_row_inner][\/vc_column][vc_column width=&#8221;1\/2&#8243;][vc_column_text css=&#8221;&#8221;]<\/p>\n<h2>NOVIT\u00c0 2026: Formula Smart Pic Nic<\/h2>\n<p>Vivi la spiaggia al tuo ritmo e goditi ogni momento fino al tramonto. Ogni mattina ti aspetta <strong>un pranzo<\/strong> <b>di 4 portate<\/b>, tutto racchiuso in una pratica<strong> Smart Bag<\/strong>\u00a0 da portare dove vuoi: in spiaggia, in camera o dove preferisci. Primi della tradizione marchigiana, secondi di pesce fresco dell\u2019Adriatico o carne selezionata, e frutta di stagione.<br \/>\nLa sera ti accogliamo al ristorante con il nostro <b> gran buffet serale<\/b>, tra sapori autentici e un\u2019atmosfera che sa di casa.[\/vc_column_text][\/vc_column][\/vc_row][vc_row css_animation=&#8221;&#8221; row_type=&#8221;row&#8221; use_row_as_full_screen_section=&#8221;no&#8221; type=&#8221;full_width&#8221; angled_section=&#8221;no&#8221; text_align=&#8221;left&#8221; background_image_as_pattern=&#8221;without_pattern&#8221;][vc_column][vc_column_text]<\/p>\n<h2>Cucina senza Glutine<\/h2>\n<p>Da oltre vent\u2019anni aderiamo all\u2019AIC e garantiamo una cucina di qualit\u00e0 priva di glutine, secondo gli standard di \u201cAlimentazione Fuori Casa\u201d.<\/p>\n<p>Ogni giorno verr\u00e0 proposta un gamma di pietanze, sia a pranzo sia a cena, cos\u00ec come al buffet delle colazioni, con prodotti specifici per celiaci. Lo staff di sala e cucina \u00e8 formato e preparato anche per gestire altre intolleranze come lattosio, crostacei, ecc\u2026[\/vc_column_text][\/vc_column][vc_column][vc_raw_html css=&#8221;&#8221; el_class=&#8221;iframe-container&#8221;]JTNDaWZyYW1lJTIwc3R5bGUlM0QlMjJib3JkZXIlM0ExcHglMjAlMjNGRkZGRkYlMjBub25lJTIyJTIwc3JjJTNEJTIyaHR0cHMlM0ElMkYlMkZ3d3cuZ29vZ2xlLmNvbSUyRm1hcHMlMkZlbWJlZCUzRnBiJTNEJTIxNHYxNzU1MDk4MDMyMjYxJTIxNm04JTIxMW03JTIxMXNDQW9TSEVOSlFVSkphRU5TYkRWWE5HaFFXbVExZFRadWNHRkJlVFZITmtJLiUyMTJtMiUyMTFkNDMuNzIyNjQwODI5MDE1MDUlMjEyZDEzLjIxNDI2NzAwNjQ2NjY4JTIxM2YzNy43MDgxNTYyOTc2ODI4MDUlMjE0Zi0yMi42MjcwNjM5Mzc3Mzk2OTIlMjE1ZjAuNzgyMDg2NTk3NDYyNzQ2OSUyMiUyMHRpdGxlJTNEJTIyaUZyYW1lJTIyJTIwd2lkdGglM0QlMjIxMDAlMjUlMjIlMjBoZWlnaHQlM0QlMjI2MDBweCUyMiUyMHNjcm9sbGluZyUzRCUyMm5vJTIyJTIwZnJhbWVib3JkZXIlM0QlMjJubyUyMiUyMGFsbG93JTNEJTIyZnVsbHNjcmVlbiUyMiUzRSUzQyUyRmlmcmFtZSUzRQ==[\/vc_raw_html][\/vc_column][\/vc_row][vc_row css_animation=&#8221;&#8221; row_type=&#8221;row&#8221; use_row_as_full_screen_section=&#8221;no&#8221; type=&#8221;full_width&#8221; angled_section=&#8221;no&#8221; text_align=&#8221;left&#8221; background_image_as_pattern=&#8221;without_pattern&#8221; z_index=&#8221;&#8221;][vc_column][vc_column_text css=&#8221;&#8221;]\n<div class=\"conver-widget-v2\"\n     data-instance=\"conver-v2-2\">\n\n  <div class=\"chat-container\" id=\"chat-section\">\n\n    <div class=\"chat-header\">\n      <div class=\"chat-header-logo\">\n        <img decoding=\"async\"\n          src=\"https:\/\/www.hoteluniversal.it\/wp-content\/themes\/bridge-child\/template-parts\/ricerca-conversazionale-v2\/assets\/img\/logo-ricerca-conv.png\"\n          alt=\"\"\n        >\n        <span>Ciao<\/span>\n      <\/div>\n\n      <h2>Da dove iniziamo?<\/h2>\n    <\/div>\n\n    <!-- Chat -->\n    <div class=\"chat-box\"><\/div>\n\n    <!-- Loading -->\n    <div class=\"loading-conver hidden\" aria-hidden=\"true\">\n      <div class=\"dot\"><\/div><div class=\"dot\"><\/div><div class=\"dot\"><\/div>\n    <\/div>\n\n    <!-- Input -->\n    <div class=\"input-area-conver-wrapper\">\n      <div class=\"input-area-conver\">\n        <textarea\n          class=\"user-input-conver\"\n          placeholder=\"Fai una domanda...\"\n          rows=\"1\"\n        ><\/textarea>\n\n        <div class=\"box-btn-conver\">\n          <a class=\"send-btn-conver\" href=\"#\" role=\"button\" aria-label=\"AI Search\">\n            <i class=\"fa-light fa-magnifying-glass icon-search\" aria-hidden=\"true\"><\/i>\n            <i class=\"fa-regular fa-arrow-up icon-send hidden\" aria-hidden=\"true\"><\/i>\n            <span class=\"ai-search-text\">AI Search<\/span>\n          <\/a>\n\n          <i class=\"fa-light fa-close icon-erase hidden\" aria-hidden=\"true\"><\/i>\n        <\/div>\n      <\/div>\n    <\/div>\n    <span class=\"show-quick-questions hidden\">Mostra domande rapide<\/span>\n\n    <!-- Domande rapide -->\n    <div class=\"entry-chats-wrapper\">\n      <!-- \n      <button type=\"button\" class=\"entry-chat\" data-prompt=\"Prenota una camera per due persone\">\n        Prenota una camera per due persone      <\/button>\n      -->\n      <button type=\"button\" class=\"entry-chat\" data-prompt=\"Scopri le offerte speciali\">\n        Scopri le offerte speciali      <\/button>\n\n      <button type=\"button\" class=\"entry-chat\" data-prompt=\"Scopri le camere\">\n        Scopri le camere      <\/button>\n\n      <button type=\"button\" class=\"entry-chat\" data-prompt=\"Scopri l&#039;area wellness\">\n        Scopri l&#039;area wellness      <\/button>\n    <\/div>\n\n  <\/div>\n<\/div>\n\n<style>\n  .entry-chats-wrapper {\n    display: flex !important;\n}\n<\/style>[\/vc_column_text][\/vc_column][\/vc_row]<\/p>\n<\/div>","protected":false},"excerpt":{"rendered":"<p>[vc_row css_animation=&#8221;&#8221; row_type=&#8221;row&#8221; use_row_as_full_screen_section=&#8221;no&#8221; type=&#8221;full_width&#8221; angled_section=&#8221;no&#8221; text_align=&#8221;left&#8221; background_image_as_pattern=&#8221;without_pattern&#8221;][vc_column][vc_column_text] Ristorante [\/vc_column_text][\/vc_column][\/vc_row][vc_row css_animation=&#8221;&#8221; row_type=&#8221;row&#8221; use_row_as_full_screen_section=&#8221;no&#8221; type=&#8221;full_width&#8221; angled_section=&#8221;no&#8221; text_align=&#8221;left&#8221; background_image_as_pattern=&#8221;without_pattern&#8221; z_index=&#8221;&#8221; css=&#8221;.vc_custom_1579693046351{padding-bottom: 30px !important;}&#8221;][vc_column width=&#8221;7\/12&#8243;][vc_column_text] Una cucina di gran gusto Siamo molto sensibili alla buona cucina e qui all\u2019Universal curiamo la tavola a partire dalla scelta dei prodotti&#8230;.<\/p>\n","protected":false},"author":2,"featured_media":3135,"parent":0,"menu_order":0,"comment_status":"closed","ping_status":"closed","template":"","meta":{"_acf_changed":false,"footnotes":""},"class_list":["post-259","page","type-page","status-publish","has-post-thumbnail","hentry"],"acf":[],"yoast_head":"<!-- This site is optimized with the Yoast SEO plugin v25.7 - https:\/\/yoast.com\/wordpress\/plugins\/seo\/ -->\n<title>Ristorante | Hotel Universal - Senigallia (AN)<\/title>\n<meta name=\"robots\" content=\"index, follow, max-snippet:-1, max-image-preview:large, max-video-preview:-1\" \/>\n<link rel=\"canonical\" href=\"https:\/\/www.hoteluniversal.it\/it\/ristorante\/\" \/>\n<meta property=\"og:locale\" content=\"it_IT\" \/>\n<meta property=\"og:type\" content=\"article\" \/>\n<meta property=\"og:title\" content=\"Ristorante | Hotel Universal - Senigallia (AN)\" \/>\n<meta property=\"og:description\" content=\"[vc_row css_animation=&#8221;&#8221; row_type=&#8221;row&#8221; use_row_as_full_screen_section=&#8221;no&#8221; type=&#8221;full_width&#8221; angled_section=&#8221;no&#8221; text_align=&#8221;left&#8221; background_image_as_pattern=&#8221;without_pattern&#8221;][vc_column][vc_column_text] Ristorante [\/vc_column_text][\/vc_column][\/vc_row][vc_row css_animation=&#8221;&#8221; row_type=&#8221;row&#8221; use_row_as_full_screen_section=&#8221;no&#8221; type=&#8221;full_width&#8221; angled_section=&#8221;no&#8221; text_align=&#8221;left&#8221; background_image_as_pattern=&#8221;without_pattern&#8221; z_index=&#8221;&#8221; css=&#8221;.vc_custom_1579693046351{padding-bottom: 30px !important;}&#8221;][vc_column width=&#8221;7\/12&#8243;][vc_column_text] Una cucina di gran gusto Siamo molto sensibili alla buona cucina e qui all\u2019Universal curiamo la tavola a partire dalla scelta dei prodotti....\" \/>\n<meta property=\"og:url\" content=\"https:\/\/www.hoteluniversal.it\/it\/ristorante\/\" \/>\n<meta property=\"og:site_name\" content=\"Hotel Universal - Senigallia (AN)\" \/>\n<meta property=\"article:modified_time\" content=\"2026-04-23T15:12:30+00:00\" \/>\n<meta property=\"og:image\" content=\"https:\/\/www.hoteluniversal.it\/wp-content\/uploads\/2023\/06\/breakfast-12.jpg\" \/>\n\t<meta property=\"og:image:width\" content=\"1800\" \/>\n\t<meta property=\"og:image:height\" content=\"1201\" \/>\n\t<meta property=\"og:image:type\" content=\"image\/jpeg\" \/>\n<meta name=\"twitter:card\" content=\"summary_large_image\" \/>\n<meta name=\"twitter:label1\" content=\"Tempo di lettura stimato\" \/>\n\t<meta name=\"twitter:data1\" content=\"4 minuti\" \/>\n<script type=\"application\/ld+json\" class=\"yoast-schema-graph\">{\"@context\":\"https:\/\/schema.org\",\"@graph\":[{\"@type\":\"WebPage\",\"@id\":\"https:\/\/www.hoteluniversal.it\/it\/ristorante\/\",\"url\":\"https:\/\/www.hoteluniversal.it\/it\/ristorante\/\",\"name\":\"Ristorante | Hotel Universal - Senigallia (AN)\",\"isPartOf\":{\"@id\":\"https:\/\/www.hoteluniversal.it\/it\/#website\"},\"primaryImageOfPage\":{\"@id\":\"https:\/\/www.hoteluniversal.it\/it\/ristorante\/#primaryimage\"},\"image\":{\"@id\":\"https:\/\/www.hoteluniversal.it\/it\/ristorante\/#primaryimage\"},\"thumbnailUrl\":\"https:\/\/www.hoteluniversal.it\/wp-content\/uploads\/2023\/06\/breakfast-12.jpg\",\"datePublished\":\"2019-12-19T14:26:03+00:00\",\"dateModified\":\"2026-04-23T15:12:30+00:00\",\"breadcrumb\":{\"@id\":\"https:\/\/www.hoteluniversal.it\/it\/ristorante\/#breadcrumb\"},\"inLanguage\":\"it-IT\",\"potentialAction\":[{\"@type\":\"ReadAction\",\"target\":[\"https:\/\/www.hoteluniversal.it\/it\/ristorante\/\"]}]},{\"@type\":\"ImageObject\",\"inLanguage\":\"it-IT\",\"@id\":\"https:\/\/www.hoteluniversal.it\/it\/ristorante\/#primaryimage\",\"url\":\"https:\/\/www.hoteluniversal.it\/wp-content\/uploads\/2023\/06\/breakfast-12.jpg\",\"contentUrl\":\"https:\/\/www.hoteluniversal.it\/wp-content\/uploads\/2023\/06\/breakfast-12.jpg\",\"width\":1800,\"height\":1201},{\"@type\":\"BreadcrumbList\",\"@id\":\"https:\/\/www.hoteluniversal.it\/it\/ristorante\/#breadcrumb\",\"itemListElement\":[{\"@type\":\"ListItem\",\"position\":1,\"name\":\"Home\",\"item\":\"https:\/\/www.hoteluniversal.it\/it\/\"},{\"@type\":\"ListItem\",\"position\":2,\"name\":\"Ristorante\"}]},{\"@type\":\"WebSite\",\"@id\":\"https:\/\/www.hoteluniversal.it\/it\/#website\",\"url\":\"https:\/\/www.hoteluniversal.it\/it\/\",\"name\":\"Hotel Universal - Senigallia (AN)\",\"description\":\"\",\"potentialAction\":[{\"@type\":\"SearchAction\",\"target\":{\"@type\":\"EntryPoint\",\"urlTemplate\":\"https:\/\/www.hoteluniversal.it\/it\/?s={search_term_string}\"},\"query-input\":{\"@type\":\"PropertyValueSpecification\",\"valueRequired\":true,\"valueName\":\"search_term_string\"}}],\"inLanguage\":\"it-IT\"}]}<\/script>\n<!-- \/ Yoast SEO plugin. -->","yoast_head_json":{"title":"Ristorante | Hotel Universal - Senigallia (AN)","robots":{"index":"index","follow":"follow","max-snippet":"max-snippet:-1","max-image-preview":"max-image-preview:large","max-video-preview":"max-video-preview:-1"},"canonical":"https:\/\/www.hoteluniversal.it\/it\/ristorante\/","og_locale":"it_IT","og_type":"article","og_title":"Ristorante | Hotel Universal - Senigallia (AN)","og_description":"[vc_row css_animation=&#8221;&#8221; row_type=&#8221;row&#8221; use_row_as_full_screen_section=&#8221;no&#8221; type=&#8221;full_width&#8221; angled_section=&#8221;no&#8221; text_align=&#8221;left&#8221; background_image_as_pattern=&#8221;without_pattern&#8221;][vc_column][vc_column_text] Ristorante [\/vc_column_text][\/vc_column][\/vc_row][vc_row css_animation=&#8221;&#8221; row_type=&#8221;row&#8221; use_row_as_full_screen_section=&#8221;no&#8221; type=&#8221;full_width&#8221; angled_section=&#8221;no&#8221; text_align=&#8221;left&#8221; background_image_as_pattern=&#8221;without_pattern&#8221; z_index=&#8221;&#8221; css=&#8221;.vc_custom_1579693046351{padding-bottom: 30px !important;}&#8221;][vc_column width=&#8221;7\/12&#8243;][vc_column_text] Una cucina di gran gusto Siamo molto sensibili alla buona cucina e qui all\u2019Universal curiamo la tavola a partire dalla scelta dei prodotti....","og_url":"https:\/\/www.hoteluniversal.it\/it\/ristorante\/","og_site_name":"Hotel Universal - Senigallia (AN)","article_modified_time":"2026-04-23T15:12:30+00:00","og_image":[{"width":1800,"height":1201,"url":"https:\/\/www.hoteluniversal.it\/wp-content\/uploads\/2023\/06\/breakfast-12.jpg","type":"image\/jpeg"}],"twitter_card":"summary_large_image","twitter_misc":{"Tempo di lettura stimato":"4 minuti"},"schema":{"@context":"https:\/\/schema.org","@graph":[{"@type":"WebPage","@id":"https:\/\/www.hoteluniversal.it\/it\/ristorante\/","url":"https:\/\/www.hoteluniversal.it\/it\/ristorante\/","name":"Ristorante | Hotel Universal - Senigallia (AN)","isPartOf":{"@id":"https:\/\/www.hoteluniversal.it\/it\/#website"},"primaryImageOfPage":{"@id":"https:\/\/www.hoteluniversal.it\/it\/ristorante\/#primaryimage"},"image":{"@id":"https:\/\/www.hoteluniversal.it\/it\/ristorante\/#primaryimage"},"thumbnailUrl":"https:\/\/www.hoteluniversal.it\/wp-content\/uploads\/2023\/06\/breakfast-12.jpg","datePublished":"2019-12-19T14:26:03+00:00","dateModified":"2026-04-23T15:12:30+00:00","breadcrumb":{"@id":"https:\/\/www.hoteluniversal.it\/it\/ristorante\/#breadcrumb"},"inLanguage":"it-IT","potentialAction":[{"@type":"ReadAction","target":["https:\/\/www.hoteluniversal.it\/it\/ristorante\/"]}]},{"@type":"ImageObject","inLanguage":"it-IT","@id":"https:\/\/www.hoteluniversal.it\/it\/ristorante\/#primaryimage","url":"https:\/\/www.hoteluniversal.it\/wp-content\/uploads\/2023\/06\/breakfast-12.jpg","contentUrl":"https:\/\/www.hoteluniversal.it\/wp-content\/uploads\/2023\/06\/breakfast-12.jpg","width":1800,"height":1201},{"@type":"BreadcrumbList","@id":"https:\/\/www.hoteluniversal.it\/it\/ristorante\/#breadcrumb","itemListElement":[{"@type":"ListItem","position":1,"name":"Home","item":"https:\/\/www.hoteluniversal.it\/it\/"},{"@type":"ListItem","position":2,"name":"Ristorante"}]},{"@type":"WebSite","@id":"https:\/\/www.hoteluniversal.it\/it\/#website","url":"https:\/\/www.hoteluniversal.it\/it\/","name":"Hotel Universal - Senigallia (AN)","description":"","potentialAction":[{"@type":"SearchAction","target":{"@type":"EntryPoint","urlTemplate":"https:\/\/www.hoteluniversal.it\/it\/?s={search_term_string}"},"query-input":{"@type":"PropertyValueSpecification","valueRequired":true,"valueName":"search_term_string"}}],"inLanguage":"it-IT"}]}},"_links":{"self":[{"href":"https:\/\/www.hoteluniversal.it\/it\/wp-json\/wp\/v2\/pages\/259","targetHints":{"allow":["GET"]}}],"collection":[{"href":"https:\/\/www.hoteluniversal.it\/it\/wp-json\/wp\/v2\/pages"}],"about":[{"href":"https:\/\/www.hoteluniversal.it\/it\/wp-json\/wp\/v2\/types\/page"}],"author":[{"embeddable":true,"href":"https:\/\/www.hoteluniversal.it\/it\/wp-json\/wp\/v2\/users\/2"}],"replies":[{"embeddable":true,"href":"https:\/\/www.hoteluniversal.it\/it\/wp-json\/wp\/v2\/comments?post=259"}],"version-history":[{"count":11,"href":"https:\/\/www.hoteluniversal.it\/it\/wp-json\/wp\/v2\/pages\/259\/revisions"}],"predecessor-version":[{"id":4918,"href":"https:\/\/www.hoteluniversal.it\/it\/wp-json\/wp\/v2\/pages\/259\/revisions\/4918"}],"wp:featuredmedia":[{"embeddable":true,"href":"https:\/\/www.hoteluniversal.it\/it\/wp-json\/wp\/v2\/media\/3135"}],"wp:attachment":[{"href":"https:\/\/www.hoteluniversal.it\/it\/wp-json\/wp\/v2\/media?parent=259"}],"curies":[{"name":"wp","href":"https:\/\/api.w.org\/{rel}","templated":true}]}}