{"id":1096,"date":"2020-01-23T12:15:41","date_gmt":"2020-01-23T11:15:41","guid":{"rendered":"https:\/\/www.hoteluniversal.it\/?page_id=1096"},"modified":"2026-04-23T17:11:25","modified_gmt":"2026-04-23T15:11:25","slug":"business","status":"publish","type":"page","link":"https:\/\/www.hoteluniversal.it\/it\/business\/","title":{"rendered":"Business"},"content":{"rendered":"<div class=\"wpb-content-wrapper\"><p>[vc_row css_animation=&#8221;&#8221; row_type=&#8221;row&#8221; use_row_as_full_screen_section=&#8221;no&#8221; type=&#8221;full_width&#8221; angled_section=&#8221;no&#8221; text_align=&#8221;left&#8221; background_image_as_pattern=&#8221;without_pattern&#8221;][vc_column][vc_column_text]<\/p>\n<h1 style=\"text-align: center;\">Hotel Business<\/h1>\n<p>[\/vc_column_text][\/vc_column][\/vc_row][vc_row css_animation=&#8221;&#8221; row_type=&#8221;row&#8221; use_row_as_full_screen_section=&#8221;no&#8221; type=&#8221;full_width&#8221; angled_section=&#8221;no&#8221; text_align=&#8221;left&#8221; background_image_as_pattern=&#8221;without_pattern&#8221; z_index=&#8221;&#8221; css=&#8221;.vc_custom_1579693046351{padding-bottom: 30px !important;}&#8221;][vc_column][vc_column_text]Il miglior albergo del mondo \u00e8 casa nostra\u2026 ma se per lavoro dobbiamo allontanarci da lei, ci mettiamo alla ricerca di un luogo dove sentire un po\u2019 di quel calore ed accoglienza che abbiamo lasciato dietro di noi.[\/vc_column_text][vc_row_inner row_type=&#8221;row&#8221; type=&#8221;full_width&#8221; text_align=&#8221;left&#8221; css_animation=&#8221;&#8221; css=&#8221;.vc_custom_1604307503626{margin-bottom: 10px !important;background-color: #ffffff !important;border-radius: 15px !important;}&#8221; padding_top=&#8221;10&#8243; el_class=&#8221;rece-shadow&#8221;][vc_column_inner el_class=&#8221;stelle-rece&#8221; width=&#8221;1\/6&#8243;][vc_single_image image=&#8221;2181&#8243; img_size=&#8221;full&#8221; qode_css_animation=&#8221;&#8221;][vc_single_image image=&#8221;2113&#8243; img_size=&#8221;full&#8221; qode_css_animation=&#8221;&#8221;][\/vc_column_inner][vc_column_inner width=&#8221;5\/6&#8243;][vc_column_text]<\/p>\n<h4>Massimo G.<\/h4>\n<p>Provato nel 2014, sono tornato nel 2015, sempre per lavoro. Personale gentile e preparato. Servizio buono. Stanze moderne, pulite ed accoglienti. Prezzo giusto. Ottimo tre stelle.[\/vc_column_text][\/vc_column_inner][\/vc_row_inner][\/vc_column][\/vc_row][vc_row css_animation=&#8221;&#8221; row_type=&#8221;row&#8221; use_row_as_full_screen_section=&#8221;no&#8221; type=&#8221;full_width&#8221; angled_section=&#8221;no&#8221; text_align=&#8221;left&#8221; background_image_as_pattern=&#8221;without_pattern&#8221;][vc_column width=&#8221;1\/2&#8243; css=&#8221;.vc_custom_1585831765402{margin-bottom: 10px !important;}&#8221;][vc_column_text]L\u2019hotel Universal vuole essere un po\u2019 questo: un posto piacevole dove tornare e ritornare, per trovare sempre un caldo sorriso di benvenuto e una camera bella, ben pulita e dai colori rilassanti, con un buon letto per riposare bene e la giusta tecnologia per poter lavorare. E poi, una ricca colazione al mattino, il ristorante con piatti anche tipici e un fantastico e attrezzatissimo centro benessere.<\/p>\n<p>Forse casa vostra non vi mancher\u00e0 pi\u00f9 cos\u00ec tanto\u2026[\/vc_column_text][\/vc_column][vc_column width=&#8221;5\/12&#8243;][vc_gallery type=&#8221;nivo&#8221; interval=&#8221;3&#8243; images=&#8221;2992,2988,2996,2984,2934,2922,2918&#8243; img_size=&#8221;full&#8221;][\/vc_column][\/vc_row][vc_row css_animation=&#8221;&#8221; row_type=&#8221;row&#8221; use_row_as_full_screen_section=&#8221;no&#8221; type=&#8221;full_width&#8221; angled_section=&#8221;no&#8221; text_align=&#8221;left&#8221; background_image_as_pattern=&#8221;without_pattern&#8221; z_index=&#8221;&#8221;][vc_column][vc_column_text css=&#8221;&#8221;]\n<div class=\"conver-widget-v2\"\n     data-instance=\"conver-v2-2\">\n\n  <div class=\"chat-container\" id=\"chat-section\">\n\n    <div class=\"chat-header\">\n      <div class=\"chat-header-logo\">\n        <img decoding=\"async\"\n          src=\"https:\/\/www.hoteluniversal.it\/wp-content\/themes\/bridge-child\/template-parts\/ricerca-conversazionale-v2\/assets\/img\/logo-ricerca-conv.png\"\n          alt=\"\"\n        >\n        <span>Ciao<\/span>\n      <\/div>\n\n      <h2>Da dove iniziamo?<\/h2>\n    <\/div>\n\n    <!-- Chat -->\n    <div class=\"chat-box\"><\/div>\n\n    <!-- Loading -->\n    <div class=\"loading-conver hidden\" aria-hidden=\"true\">\n      <div class=\"dot\"><\/div><div class=\"dot\"><\/div><div class=\"dot\"><\/div>\n    <\/div>\n\n    <!-- Input -->\n    <div class=\"input-area-conver-wrapper\">\n      <div class=\"input-area-conver\">\n        <textarea\n          class=\"user-input-conver\"\n          placeholder=\"Fai una domanda...\"\n          rows=\"1\"\n        ><\/textarea>\n\n        <div class=\"box-btn-conver\">\n          <a class=\"send-btn-conver\" href=\"#\" role=\"button\" aria-label=\"AI Search\">\n            <i class=\"fa-light fa-magnifying-glass icon-search\" aria-hidden=\"true\"><\/i>\n            <i class=\"fa-regular fa-arrow-up icon-send hidden\" aria-hidden=\"true\"><\/i>\n            <span class=\"ai-search-text\">AI Search<\/span>\n          <\/a>\n\n          <i class=\"fa-light fa-close icon-erase hidden\" aria-hidden=\"true\"><\/i>\n        <\/div>\n      <\/div>\n    <\/div>\n    <span class=\"show-quick-questions hidden\">Mostra domande rapide<\/span>\n\n    <!-- Domande rapide -->\n    <div class=\"entry-chats-wrapper\">\n      <!-- \n      <button type=\"button\" class=\"entry-chat\" data-prompt=\"Prenota una camera per due persone\">\n        Prenota una camera per due persone      <\/button>\n      -->\n      <button type=\"button\" class=\"entry-chat\" data-prompt=\"Scopri le offerte speciali\">\n        Scopri le offerte speciali      <\/button>\n\n      <button type=\"button\" class=\"entry-chat\" data-prompt=\"Scopri le camere\">\n        Scopri le camere      <\/button>\n\n      <button type=\"button\" class=\"entry-chat\" data-prompt=\"Scopri l&#039;area wellness\">\n        Scopri l&#039;area wellness      <\/button>\n    <\/div>\n\n  <\/div>\n<\/div>\n\n<style>\n  .entry-chats-wrapper {\n    display: flex !important;\n}\n<\/style>[\/vc_column_text][\/vc_column][\/vc_row]<\/p>\n<\/div>","protected":false},"excerpt":{"rendered":"<p>[vc_row css_animation=&#8221;&#8221; row_type=&#8221;row&#8221; use_row_as_full_screen_section=&#8221;no&#8221; type=&#8221;full_width&#8221; angled_section=&#8221;no&#8221; text_align=&#8221;left&#8221; background_image_as_pattern=&#8221;without_pattern&#8221;][vc_column][vc_column_text] Hotel Business [\/vc_column_text][\/vc_column][\/vc_row][vc_row css_animation=&#8221;&#8221; row_type=&#8221;row&#8221; use_row_as_full_screen_section=&#8221;no&#8221; type=&#8221;full_width&#8221; angled_section=&#8221;no&#8221; text_align=&#8221;left&#8221; background_image_as_pattern=&#8221;without_pattern&#8221; z_index=&#8221;&#8221; css=&#8221;.vc_custom_1579693046351{padding-bottom: 30px !important;}&#8221;][vc_column][vc_column_text]Il miglior albergo del mondo \u00e8 casa nostra\u2026 ma se per lavoro dobbiamo allontanarci da lei, ci mettiamo alla ricerca di un luogo dove&#8230;<\/p>\n","protected":false},"author":2,"featured_media":2978,"parent":0,"menu_order":0,"comment_status":"closed","ping_status":"closed","template":"","meta":{"_acf_changed":false,"footnotes":""},"class_list":["post-1096","page","type-page","status-publish","has-post-thumbnail","hentry"],"acf":[],"yoast_head":"<!-- This site is optimized with the Yoast SEO plugin v25.7 - https:\/\/yoast.com\/wordpress\/plugins\/seo\/ -->\n<title>Business | Hotel Universal - Senigallia (AN)<\/title>\n<meta name=\"robots\" content=\"index, follow, max-snippet:-1, max-image-preview:large, max-video-preview:-1\" \/>\n<link rel=\"canonical\" href=\"https:\/\/www.hoteluniversal.it\/it\/business\/\" \/>\n<meta property=\"og:locale\" content=\"it_IT\" \/>\n<meta property=\"og:type\" content=\"article\" \/>\n<meta property=\"og:title\" content=\"Business | Hotel Universal - Senigallia (AN)\" \/>\n<meta property=\"og:description\" content=\"[vc_row css_animation=&#8221;&#8221; row_type=&#8221;row&#8221; use_row_as_full_screen_section=&#8221;no&#8221; type=&#8221;full_width&#8221; angled_section=&#8221;no&#8221; text_align=&#8221;left&#8221; background_image_as_pattern=&#8221;without_pattern&#8221;][vc_column][vc_column_text] Hotel Business [\/vc_column_text][\/vc_column][\/vc_row][vc_row css_animation=&#8221;&#8221; row_type=&#8221;row&#8221; use_row_as_full_screen_section=&#8221;no&#8221; type=&#8221;full_width&#8221; angled_section=&#8221;no&#8221; text_align=&#8221;left&#8221; background_image_as_pattern=&#8221;without_pattern&#8221; z_index=&#8221;&#8221; css=&#8221;.vc_custom_1579693046351{padding-bottom: 30px !important;}&#8221;][vc_column][vc_column_text]Il miglior albergo del mondo \u00e8 casa nostra\u2026 ma se per lavoro dobbiamo allontanarci da lei, ci mettiamo alla ricerca di un luogo dove...\" \/>\n<meta property=\"og:url\" content=\"https:\/\/www.hoteluniversal.it\/it\/business\/\" \/>\n<meta property=\"og:site_name\" content=\"Hotel Universal - Senigallia (AN)\" \/>\n<meta property=\"article:modified_time\" content=\"2026-04-23T15:11:25+00:00\" \/>\n<meta property=\"og:image\" content=\"https:\/\/www.hoteluniversal.it\/wp-content\/uploads\/2023\/06\/banner_business.jpg\" \/>\n\t<meta property=\"og:image:width\" content=\"2000\" \/>\n\t<meta property=\"og:image:height\" content=\"1000\" \/>\n\t<meta property=\"og:image:type\" content=\"image\/jpeg\" \/>\n<meta name=\"twitter:card\" content=\"summary_large_image\" \/>\n<meta name=\"twitter:label1\" content=\"Tempo di lettura stimato\" \/>\n\t<meta name=\"twitter:data1\" content=\"3 minuti\" \/>\n<script type=\"application\/ld+json\" class=\"yoast-schema-graph\">{\"@context\":\"https:\/\/schema.org\",\"@graph\":[{\"@type\":\"WebPage\",\"@id\":\"https:\/\/www.hoteluniversal.it\/it\/business\/\",\"url\":\"https:\/\/www.hoteluniversal.it\/it\/business\/\",\"name\":\"Business | Hotel Universal - Senigallia (AN)\",\"isPartOf\":{\"@id\":\"https:\/\/www.hoteluniversal.it\/it\/#website\"},\"primaryImageOfPage\":{\"@id\":\"https:\/\/www.hoteluniversal.it\/it\/business\/#primaryimage\"},\"image\":{\"@id\":\"https:\/\/www.hoteluniversal.it\/it\/business\/#primaryimage\"},\"thumbnailUrl\":\"https:\/\/www.hoteluniversal.it\/wp-content\/uploads\/2023\/06\/banner_business.jpg\",\"datePublished\":\"2020-01-23T11:15:41+00:00\",\"dateModified\":\"2026-04-23T15:11:25+00:00\",\"breadcrumb\":{\"@id\":\"https:\/\/www.hoteluniversal.it\/it\/business\/#breadcrumb\"},\"inLanguage\":\"it-IT\",\"potentialAction\":[{\"@type\":\"ReadAction\",\"target\":[\"https:\/\/www.hoteluniversal.it\/it\/business\/\"]}]},{\"@type\":\"ImageObject\",\"inLanguage\":\"it-IT\",\"@id\":\"https:\/\/www.hoteluniversal.it\/it\/business\/#primaryimage\",\"url\":\"https:\/\/www.hoteluniversal.it\/wp-content\/uploads\/2023\/06\/banner_business.jpg\",\"contentUrl\":\"https:\/\/www.hoteluniversal.it\/wp-content\/uploads\/2023\/06\/banner_business.jpg\",\"width\":2000,\"height\":1000},{\"@type\":\"BreadcrumbList\",\"@id\":\"https:\/\/www.hoteluniversal.it\/it\/business\/#breadcrumb\",\"itemListElement\":[{\"@type\":\"ListItem\",\"position\":1,\"name\":\"Home\",\"item\":\"https:\/\/www.hoteluniversal.it\/it\/\"},{\"@type\":\"ListItem\",\"position\":2,\"name\":\"Business\"}]},{\"@type\":\"WebSite\",\"@id\":\"https:\/\/www.hoteluniversal.it\/it\/#website\",\"url\":\"https:\/\/www.hoteluniversal.it\/it\/\",\"name\":\"Hotel Universal - Senigallia (AN)\",\"description\":\"\",\"potentialAction\":[{\"@type\":\"SearchAction\",\"target\":{\"@type\":\"EntryPoint\",\"urlTemplate\":\"https:\/\/www.hoteluniversal.it\/it\/?s={search_term_string}\"},\"query-input\":{\"@type\":\"PropertyValueSpecification\",\"valueRequired\":true,\"valueName\":\"search_term_string\"}}],\"inLanguage\":\"it-IT\"}]}<\/script>\n<!-- \/ Yoast SEO plugin. -->","yoast_head_json":{"title":"Business | Hotel Universal - Senigallia (AN)","robots":{"index":"index","follow":"follow","max-snippet":"max-snippet:-1","max-image-preview":"max-image-preview:large","max-video-preview":"max-video-preview:-1"},"canonical":"https:\/\/www.hoteluniversal.it\/it\/business\/","og_locale":"it_IT","og_type":"article","og_title":"Business | Hotel Universal - Senigallia (AN)","og_description":"[vc_row css_animation=&#8221;&#8221; row_type=&#8221;row&#8221; use_row_as_full_screen_section=&#8221;no&#8221; type=&#8221;full_width&#8221; angled_section=&#8221;no&#8221; text_align=&#8221;left&#8221; background_image_as_pattern=&#8221;without_pattern&#8221;][vc_column][vc_column_text] Hotel Business [\/vc_column_text][\/vc_column][\/vc_row][vc_row css_animation=&#8221;&#8221; row_type=&#8221;row&#8221; use_row_as_full_screen_section=&#8221;no&#8221; type=&#8221;full_width&#8221; angled_section=&#8221;no&#8221; text_align=&#8221;left&#8221; background_image_as_pattern=&#8221;without_pattern&#8221; z_index=&#8221;&#8221; css=&#8221;.vc_custom_1579693046351{padding-bottom: 30px !important;}&#8221;][vc_column][vc_column_text]Il miglior albergo del mondo \u00e8 casa nostra\u2026 ma se per lavoro dobbiamo allontanarci da lei, ci mettiamo alla ricerca di un luogo dove...","og_url":"https:\/\/www.hoteluniversal.it\/it\/business\/","og_site_name":"Hotel Universal - Senigallia (AN)","article_modified_time":"2026-04-23T15:11:25+00:00","og_image":[{"width":2000,"height":1000,"url":"https:\/\/www.hoteluniversal.it\/wp-content\/uploads\/2023\/06\/banner_business.jpg","type":"image\/jpeg"}],"twitter_card":"summary_large_image","twitter_misc":{"Tempo di lettura stimato":"3 minuti"},"schema":{"@context":"https:\/\/schema.org","@graph":[{"@type":"WebPage","@id":"https:\/\/www.hoteluniversal.it\/it\/business\/","url":"https:\/\/www.hoteluniversal.it\/it\/business\/","name":"Business | Hotel Universal - Senigallia (AN)","isPartOf":{"@id":"https:\/\/www.hoteluniversal.it\/it\/#website"},"primaryImageOfPage":{"@id":"https:\/\/www.hoteluniversal.it\/it\/business\/#primaryimage"},"image":{"@id":"https:\/\/www.hoteluniversal.it\/it\/business\/#primaryimage"},"thumbnailUrl":"https:\/\/www.hoteluniversal.it\/wp-content\/uploads\/2023\/06\/banner_business.jpg","datePublished":"2020-01-23T11:15:41+00:00","dateModified":"2026-04-23T15:11:25+00:00","breadcrumb":{"@id":"https:\/\/www.hoteluniversal.it\/it\/business\/#breadcrumb"},"inLanguage":"it-IT","potentialAction":[{"@type":"ReadAction","target":["https:\/\/www.hoteluniversal.it\/it\/business\/"]}]},{"@type":"ImageObject","inLanguage":"it-IT","@id":"https:\/\/www.hoteluniversal.it\/it\/business\/#primaryimage","url":"https:\/\/www.hoteluniversal.it\/wp-content\/uploads\/2023\/06\/banner_business.jpg","contentUrl":"https:\/\/www.hoteluniversal.it\/wp-content\/uploads\/2023\/06\/banner_business.jpg","width":2000,"height":1000},{"@type":"BreadcrumbList","@id":"https:\/\/www.hoteluniversal.it\/it\/business\/#breadcrumb","itemListElement":[{"@type":"ListItem","position":1,"name":"Home","item":"https:\/\/www.hoteluniversal.it\/it\/"},{"@type":"ListItem","position":2,"name":"Business"}]},{"@type":"WebSite","@id":"https:\/\/www.hoteluniversal.it\/it\/#website","url":"https:\/\/www.hoteluniversal.it\/it\/","name":"Hotel Universal - Senigallia (AN)","description":"","potentialAction":[{"@type":"SearchAction","target":{"@type":"EntryPoint","urlTemplate":"https:\/\/www.hoteluniversal.it\/it\/?s={search_term_string}"},"query-input":{"@type":"PropertyValueSpecification","valueRequired":true,"valueName":"search_term_string"}}],"inLanguage":"it-IT"}]}},"_links":{"self":[{"href":"https:\/\/www.hoteluniversal.it\/it\/wp-json\/wp\/v2\/pages\/1096","targetHints":{"allow":["GET"]}}],"collection":[{"href":"https:\/\/www.hoteluniversal.it\/it\/wp-json\/wp\/v2\/pages"}],"about":[{"href":"https:\/\/www.hoteluniversal.it\/it\/wp-json\/wp\/v2\/types\/page"}],"author":[{"embeddable":true,"href":"https:\/\/www.hoteluniversal.it\/it\/wp-json\/wp\/v2\/users\/2"}],"replies":[{"embeddable":true,"href":"https:\/\/www.hoteluniversal.it\/it\/wp-json\/wp\/v2\/comments?post=1096"}],"version-history":[{"count":4,"href":"https:\/\/www.hoteluniversal.it\/it\/wp-json\/wp\/v2\/pages\/1096\/revisions"}],"predecessor-version":[{"id":4914,"href":"https:\/\/www.hoteluniversal.it\/it\/wp-json\/wp\/v2\/pages\/1096\/revisions\/4914"}],"wp:featuredmedia":[{"embeddable":true,"href":"https:\/\/www.hoteluniversal.it\/it\/wp-json\/wp\/v2\/media\/2978"}],"wp:attachment":[{"href":"https:\/\/www.hoteluniversal.it\/it\/wp-json\/wp\/v2\/media?parent=1096"}],"curies":[{"name":"wp","href":"https:\/\/api.w.org\/{rel}","templated":true}]}}