{"id":1392,"date":"2020-01-28T15:46:28","date_gmt":"2020-01-28T14:46:28","guid":{"rendered":"https:\/\/www.hoteluniversal.it\/?page_id=1392"},"modified":"2020-11-03T14:38:17","modified_gmt":"2020-11-03T13:38:17","slug":"sport","status":"publish","type":"page","link":"https:\/\/www.hoteluniversal.it\/fr\/sport\/","title":{"rendered":"Sport"},"content":{"rendered":"<div class=\"wpb-content-wrapper\"><p>[vc_row css_animation=\u00a0\u00bb\u00a0\u00bb row_type=\u00a0\u00bbrow\u00a0\u00bb use_row_as_full_screen_section=\u00a0\u00bbno\u00a0\u00bb type=\u00a0\u00bbfull_width\u00a0\u00bb angled_section=\u00a0\u00bbno\u00a0\u00bb text_align=\u00a0\u00bbleft\u00a0\u00bb background_image_as_pattern=\u00a0\u00bbwithout_pattern\u00a0\u00bb][vc_column][vc_column_text]<\/p>\n<h1 style=\"text-align: center;\">Sport<\/h1>\n<p>[\/vc_column_text][\/vc_column][\/vc_row][vc_row css_animation=\u00a0\u00bb\u00a0\u00bb row_type=\u00a0\u00bbrow\u00a0\u00bb use_row_as_full_screen_section=\u00a0\u00bbno\u00a0\u00bb type=\u00a0\u00bbfull_width\u00a0\u00bb angled_section=\u00a0\u00bbno\u00a0\u00bb text_align=\u00a0\u00bbleft\u00a0\u00bb background_image_as_pattern=\u00a0\u00bbwithout_pattern\u00a0\u00bb z_index=\u00a0\u00bb\u00a0\u00bb css=\u00a0\u00bb.vc_custom_1579693046351{padding-bottom: 30px !important;}\u00a0\u00bb][vc_column][vc_column_text]<strong>Aimez-vous le sport ?<\/strong> Les Marches l&rsquo;adorent aussi ![\/vc_column_text][vc_row_inner row_type=\u00a0\u00bbrow\u00a0\u00bb type=\u00a0\u00bbfull_width\u00a0\u00bb text_align=\u00a0\u00bbleft\u00a0\u00bb css_animation=\u00a0\u00bb\u00a0\u00bb css=\u00a0\u00bb.vc_custom_1604307503626{margin-bottom: 10px !important;background-color: #ffffff !important;border-radius: 15px !important;}\u00a0\u00bb padding_top=\u00a0\u00bb10&Prime; el_class=\u00a0\u00bbrece-shadow\u00a0\u00bb][vc_column_inner el_class=\u00a0\u00bbstelle-rece\u00a0\u00bb width=\u00a0\u00bb1\/6&Prime;][vc_single_image image=\u00a0\u00bb2195&Prime; img_size=\u00a0\u00bbfull\u00a0\u00bb qode_css_animation=\u00a0\u00bb\u00a0\u00bb][vc_single_image image=\u00a0\u00bb2115&Prime; img_size=\u00a0\u00bbfull\u00a0\u00bb qode_css_animation=\u00a0\u00bb\u00a0\u00bb][\/vc_column_inner][vc_column_inner width=\u00a0\u00bb5\/6&Prime;][vc_column_text]<\/p>\n<h4>Marco C.<\/h4>\n<p>H\u00f4tel tr\u00e8s propre avec un excellent petit d\u00e9jeuner. Beau front de mer, agr\u00e9able \u00e0 se lever un peu plus t\u00f4t pour faire 4 pas sur la plage et \u00ab\u00a0ouvrir les poumons\u00a0\u00bb. Il dispose \u00e9galement d&rsquo;un sauna et d&rsquo;une petite salle de sport, avec tout ce dont vous avez besoin pour faire vos exercices en toute tranquillit\u00e9.[\/vc_column_text][\/vc_column_inner][\/vc_row_inner][vc_column_text]Venez passer vos vacances actives ici, dans notre terre : la <strong>randonn\u00e9e<\/strong>, le <strong>v\u00e9lo<\/strong>, le <strong>VTT<\/strong> sont des activit\u00e9s parfaites \u00e0 pratiquer dans cette r\u00e9gion.<\/p>\n<p>Nous vous donnerons les informations que vous souhaitez, les <strong>itin\u00e9raires<\/strong> \u00e0 choisir, les <strong>guides<\/strong>, les magasins sp\u00e9cialis\u00e9s \u00e0 contacter.<\/p>\n<p>Si vous aimez le <strong>v\u00e9lo<\/strong>, les Marches sont une r\u00e9gion merveilleuse, avec des itin\u00e9raires vraiment suggestifs, faciles ou tr\u00e8s exigeants pour les vrais professionnels.<br \/>\nVous pouvez rester sur la <strong>mer<\/strong> ou d\u00e9couvrir l&rsquo;<strong>arri\u00e8re-pays<\/strong>, o\u00f9 les <strong>collines<\/strong> regorgent des ch\u00e2teaux et des paysages uniques.<\/p>\n<p>Et l&rsquo;h\u00f4tel Universal propose des services sur mesure \u00e0 tous les passionn\u00e9s de <strong>cyclisme<\/strong>, ainsi qu&rsquo;une restauration attentive aux besoins du sportif.[\/vc_column_text][\/vc_column][\/vc_row][vc_row css_animation=\u00a0\u00bb\u00a0\u00bb row_type=\u00a0\u00bbrow\u00a0\u00bb use_row_as_full_screen_section=\u00a0\u00bbno\u00a0\u00bb type=\u00a0\u00bbfull_width\u00a0\u00bb angled_section=\u00a0\u00bbno\u00a0\u00bb text_align=\u00a0\u00bbleft\u00a0\u00bb background_image_as_pattern=\u00a0\u00bbwithout_pattern\u00a0\u00bb][vc_column][vc_empty_space][\/vc_column][\/vc_row][vc_row css_animation=\u00a0\u00bb\u00a0\u00bb row_type=\u00a0\u00bbrow\u00a0\u00bb use_row_as_full_screen_section=\u00a0\u00bbno\u00a0\u00bb type=\u00a0\u00bbfull_width\u00a0\u00bb angled_section=\u00a0\u00bbno\u00a0\u00bb text_align=\u00a0\u00bbleft\u00a0\u00bb background_image_as_pattern=\u00a0\u00bbwithout_pattern\u00a0\u00bb z_index=\u00a0\u00bb\u00a0\u00bb css=\u00a0\u00bb.vc_custom_1579693046351{padding-bottom: 30px !important;}\u00a0\u00bb][vc_column width=\u00a0\u00bb7\/12&Prime;][vc_column_text]<\/p>\n<h3>Services pour cyclistes<\/h3>\n<ul>\n<li><strong>Entrep\u00f4t pour v\u00e9los \u00e0 l&rsquo;h\u00f4tel,<\/strong> dans un espace ferm\u00e9 et verrouill\u00e9 consacr\u00e9, \u00e9quip\u00e9 de supports, de crochets et de bancs<\/li>\n<li><strong>atelier<\/strong> \u00e0 l&rsquo;int\u00e9rieur de l&rsquo;entrep\u00f4t avec l&rsquo;\u00e9quipement n\u00e9cessaire et quelques pi\u00e8ces de rechange de base pour r\u00e9parer le v\u00e9lo vous-m\u00eames<\/li>\n<li><strong>lavage de v\u00e9los<\/strong> dans un espace am\u00e9nag\u00e9 \u00e0 l&rsquo;int\u00e9rieur de l&rsquo;entrep\u00f4t<\/li>\n<li><strong>guide cycliste expert<\/strong> pour les groupes et les itin\u00e9raires individuels, cartes et itin\u00e9raires de la r\u00e9gion avec des descriptions techniques accompagn\u00e9es d&rsquo;indications pertinentes, d&rsquo;altim\u00e8tres et de traductions dans plusieurs langues<\/li>\n<li>service de <strong>lavage<\/strong> quotidien<strong> des v\u00eatements<\/strong> de sport sur demande<\/li>\n<li><strong>horaires flexibles au restaurant<\/strong>, avec des menus adapt\u00e9s aux besoins des sportifs<\/li>\n<li><strong>assistance m\u00e9dicale<\/strong> et physioth\u00e9rapie sur demande<\/li>\n<li><strong>accords avec des magasins sp\u00e9cialis\u00e9s<\/strong> pour des interventions m\u00e9caniques extraordinaires<\/li>\n<li>location de VTT<\/li>\n<li>gym<\/li>\n<\/ul>\n<p>[\/vc_column_text][\/vc_column][vc_column width=\u00a0\u00bb5\/12&Prime;][vc_single_image image=\u00a0\u00bb1402&Prime; img_size=\u00a0\u00bbfull\u00a0\u00bb qode_css_animation=\u00a0\u00bb\u00a0\u00bb][\/vc_column][\/vc_row][vc_row css_animation=\u00a0\u00bb\u00a0\u00bb row_type=\u00a0\u00bbrow\u00a0\u00bb use_row_as_full_screen_section=\u00a0\u00bbno\u00a0\u00bb type=\u00a0\u00bbfull_width\u00a0\u00bb angled_section=\u00a0\u00bbno\u00a0\u00bb text_align=\u00a0\u00bbleft\u00a0\u00bb background_image_as_pattern=\u00a0\u00bbwithout_pattern\u00a0\u00bb][vc_column][vc_column_text]<\/p>\n<h3>Itin\u00e9raires<\/h3>\n<p>Pour les <strong>vrais v\u00e9t\u00e9tistes<\/strong>, nous proposons un <strong>merveilleux itin\u00e9raire de randonn\u00e9e au milieu de la nature<\/strong>, le long du fleuve Misa, que vous pouvez \u00e9galement faire avec notre guide Super Mario !<br \/>\nLe parcours, partant de l&rsquo;h\u00f4tel Universal, serpente sur 2 km \u00e0 l&rsquo;int\u00e9rieur des terres en direction de l&rsquo;A14 pour entrer dans le sentier \u00e0 la hauteur du pont Zavatti.<\/p>\n<p><strong>L&rsquo;itin\u00e9raire, enti\u00e8rement non goudronn\u00e9, longe la rive gauche du fleuve Misa \u2013 de la mer \u00e0 la montagne \u2013<\/strong> et dans la deuxi\u00e8me partie, il est en grande partie \u00e0 voie unique.<\/p>\n<p>L&rsquo;itin\u00e9raire se termine sur un pont pr\u00e8s du hameau de Casine di Ostra \u00e0 environ 14 km de Senigallia et offre la possibilit\u00e9 de visiter le <strong>magnifique centre historique d&rsquo;Ostra<\/strong> (\u00e0 2 km de Casine) puis de revenir en suivant le m\u00eame itin\u00e9raire ou en p\u00e9dalant le long de la route nationale Arceviese, \u00e0 400 m\u00e8tres de la sortie de la route.<\/p>\n<p>Pour ceux qui n&rsquo;arrivent pas \u00e0 terminer tout le parcours, diff\u00e9rentes sorties permettent de prendre la route nationale : au km 5 \u00e0 Vallone et au km 9,5 \u00e0 Bettolelle.<\/p>\n<p><strong>C&rsquo;est un itin\u00e9raire tr\u00e8s amusant, adapt\u00e9 \u00e0 toutes les saisons, id\u00e9al aussi pour les d\u00e9butants et les enfants<\/strong>, \u00e0 condition qu&rsquo;ils soient accompagn\u00e9s.<br \/>\nPar temps chaud, ne vous inqui\u00e9tez pas, 80% du parcours est ombrag\u00e9 car <strong>le chemin est bord\u00e9 d&rsquo;une riche v\u00e9g\u00e9tation de roseaux<\/strong>, de grands h\u00eatres, de ch\u00eanes, de peupliers et d&rsquo;acacias. Pendant la randonn\u00e9e, vous pourrez admirer le h\u00e9ron cendr\u00e9 dans plus de sp\u00e9cimens, en plus d&rsquo;autres oiseaux plus communs tels que les faisans, les merles, etc.<\/p>\n<p>Cet itin\u00e9raire offre \u00e9galement la possibilit\u00e9 d&rsquo;une assistance m\u00e9canique \u00e0 quelques km de la fin du parcours \u00e0 Pianello.<\/p>\n<p>D\u00e9couvrez les nombreux <strong>itin\u00e9raires<\/strong> qui partent <strong>de l&rsquo;h\u00f4tel Universal<\/strong> adapt\u00e9s \u00e0 tous les go\u00fbts et besoins : <strong>itin\u00e9raires routiers<\/strong> en pleine nature et<strong> itin\u00e9raires VTT<\/strong> de difficult\u00e9 variable.[\/vc_column_text][\/vc_column][\/vc_row]<\/p>\n<\/div>","protected":false},"excerpt":{"rendered":"<p>[vc_row css_animation=\u00a0\u00bb\u00a0\u00bb row_type=\u00a0\u00bbrow\u00a0\u00bb use_row_as_full_screen_section=\u00a0\u00bbno\u00a0\u00bb type=\u00a0\u00bbfull_width\u00a0\u00bb angled_section=\u00a0\u00bbno\u00a0\u00bb text_align=\u00a0\u00bbleft\u00a0\u00bb background_image_as_pattern=\u00a0\u00bbwithout_pattern\u00a0\u00bb][vc_column][vc_column_text] Sport [\/vc_column_text][\/vc_column][\/vc_row][vc_row css_animation=\u00a0\u00bb\u00a0\u00bb row_type=\u00a0\u00bbrow\u00a0\u00bb use_row_as_full_screen_section=\u00a0\u00bbno\u00a0\u00bb type=\u00a0\u00bbfull_width\u00a0\u00bb angled_section=\u00a0\u00bbno\u00a0\u00bb text_align=\u00a0\u00bbleft\u00a0\u00bb background_image_as_pattern=\u00a0\u00bbwithout_pattern\u00a0\u00bb z_index=\u00a0\u00bb\u00a0\u00bb css=\u00a0\u00bb.vc_custom_1579693046351{padding-bottom: 30px !important;}\u00a0\u00bb][vc_column][vc_column_text]Aimez-vous le sport ? Les Marches l&rsquo;adorent aussi ![\/vc_column_text][vc_row_inner row_type=\u00a0\u00bbrow\u00a0\u00bb type=\u00a0\u00bbfull_width\u00a0\u00bb text_align=\u00a0\u00bbleft\u00a0\u00bb css_animation=\u00a0\u00bb\u00a0\u00bb css=\u00a0\u00bb.vc_custom_1604307503626{margin-bottom: 10px !important;background-color: #ffffff !important;border-radius: 15px !important;}\u00a0\u00bb padding_top=\u00a0\u00bb10&Prime; el_class=\u00a0\u00bbrece-shadow\u00a0\u00bb][vc_column_inner el_class=\u00a0\u00bbstelle-rece\u00a0\u00bb width=\u00a0\u00bb1\/6&Prime;][vc_single_image image=\u00a0\u00bb2195&Prime;&#8230;<\/p>\n","protected":false},"author":2,"featured_media":1398,"parent":0,"menu_order":0,"comment_status":"closed","ping_status":"closed","template":"","meta":{"_acf_changed":false,"footnotes":""},"class_list":["post-1392","page","type-page","status-publish","has-post-thumbnail","hentry"],"acf":[],"yoast_head":"<!-- This site is optimized with the Yoast SEO plugin v25.7 - https:\/\/yoast.com\/wordpress\/plugins\/seo\/ -->\n<title>Sport | Hotel Universal - Senigallia (AN)<\/title>\n<meta name=\"robots\" content=\"index, follow, max-snippet:-1, max-image-preview:large, max-video-preview:-1\" \/>\n<link rel=\"canonical\" href=\"https:\/\/www.hoteluniversal.it\/fr\/sport\/\" \/>\n<meta property=\"og:locale\" content=\"fr_FR\" \/>\n<meta property=\"og:type\" content=\"article\" \/>\n<meta property=\"og:title\" content=\"Sport | Hotel Universal - Senigallia (AN)\" \/>\n<meta property=\"og:description\" content=\"[vc_row css_animation=\u00a0\u00bb\u00a0\u00bb row_type=\u00a0\u00bbrow\u00a0\u00bb use_row_as_full_screen_section=\u00a0\u00bbno\u00a0\u00bb type=\u00a0\u00bbfull_width\u00a0\u00bb angled_section=\u00a0\u00bbno\u00a0\u00bb text_align=\u00a0\u00bbleft\u00a0\u00bb background_image_as_pattern=\u00a0\u00bbwithout_pattern\u00a0\u00bb][vc_column][vc_column_text] Sport [\/vc_column_text][\/vc_column][\/vc_row][vc_row css_animation=\u00a0\u00bb\u00a0\u00bb row_type=\u00a0\u00bbrow\u00a0\u00bb use_row_as_full_screen_section=\u00a0\u00bbno\u00a0\u00bb type=\u00a0\u00bbfull_width\u00a0\u00bb angled_section=\u00a0\u00bbno\u00a0\u00bb text_align=\u00a0\u00bbleft\u00a0\u00bb background_image_as_pattern=\u00a0\u00bbwithout_pattern\u00a0\u00bb z_index=\u00a0\u00bb\u00a0\u00bb css=\u00a0\u00bb.vc_custom_1579693046351{padding-bottom: 30px !important;}\u00a0\u00bb][vc_column][vc_column_text]Aimez-vous le sport ? Les Marches l&rsquo;adorent aussi ![\/vc_column_text][vc_row_inner row_type=\u00a0\u00bbrow\u00a0\u00bb type=\u00a0\u00bbfull_width\u00a0\u00bb text_align=\u00a0\u00bbleft\u00a0\u00bb css_animation=\u00a0\u00bb\u00a0\u00bb css=\u00a0\u00bb.vc_custom_1604307503626{margin-bottom: 10px !important;background-color: #ffffff !important;border-radius: 15px !important;}\u00a0\u00bb padding_top=\u00a0\u00bb10&Prime; el_class=\u00a0\u00bbrece-shadow\u00a0\u00bb][vc_column_inner el_class=\u00a0\u00bbstelle-rece\u00a0\u00bb width=\u00a0\u00bb1\/6&Prime;][vc_single_image image=\u00a0\u00bb2195&Prime;...\" \/>\n<meta property=\"og:url\" content=\"https:\/\/www.hoteluniversal.it\/fr\/sport\/\" \/>\n<meta property=\"og:site_name\" content=\"Hotel Universal - Senigallia (AN)\" \/>\n<meta property=\"article:modified_time\" content=\"2020-11-03T13:38:17+00:00\" \/>\n<meta property=\"og:image\" content=\"https:\/\/www.hoteluniversal.it\/wp-content\/uploads\/2020\/01\/slide-ciclismo-hotel-universal.jpg\" \/>\n\t<meta property=\"og:image:width\" content=\"2000\" \/>\n\t<meta property=\"og:image:height\" content=\"510\" \/>\n\t<meta property=\"og:image:type\" content=\"image\/jpeg\" \/>\n<meta name=\"twitter:card\" content=\"summary_large_image\" \/>\n<meta name=\"twitter:label1\" content=\"Dur\u00e9e de lecture estim\u00e9e\" \/>\n\t<meta name=\"twitter:data1\" content=\"5 minutes\" \/>\n<script type=\"application\/ld+json\" class=\"yoast-schema-graph\">{\"@context\":\"https:\/\/schema.org\",\"@graph\":[{\"@type\":\"WebPage\",\"@id\":\"https:\/\/www.hoteluniversal.it\/fr\/sport\/\",\"url\":\"https:\/\/www.hoteluniversal.it\/fr\/sport\/\",\"name\":\"Sport | Hotel Universal - Senigallia (AN)\",\"isPartOf\":{\"@id\":\"https:\/\/www.hoteluniversal.it\/fr\/#website\"},\"primaryImageOfPage\":{\"@id\":\"https:\/\/www.hoteluniversal.it\/fr\/sport\/#primaryimage\"},\"image\":{\"@id\":\"https:\/\/www.hoteluniversal.it\/fr\/sport\/#primaryimage\"},\"thumbnailUrl\":\"https:\/\/www.hoteluniversal.it\/wp-content\/uploads\/2020\/01\/slide-ciclismo-hotel-universal.jpg\",\"datePublished\":\"2020-01-28T14:46:28+00:00\",\"dateModified\":\"2020-11-03T13:38:17+00:00\",\"breadcrumb\":{\"@id\":\"https:\/\/www.hoteluniversal.it\/fr\/sport\/#breadcrumb\"},\"inLanguage\":\"fr-FR\",\"potentialAction\":[{\"@type\":\"ReadAction\",\"target\":[\"https:\/\/www.hoteluniversal.it\/fr\/sport\/\"]}]},{\"@type\":\"ImageObject\",\"inLanguage\":\"fr-FR\",\"@id\":\"https:\/\/www.hoteluniversal.it\/fr\/sport\/#primaryimage\",\"url\":\"https:\/\/www.hoteluniversal.it\/wp-content\/uploads\/2020\/01\/slide-ciclismo-hotel-universal.jpg\",\"contentUrl\":\"https:\/\/www.hoteluniversal.it\/wp-content\/uploads\/2020\/01\/slide-ciclismo-hotel-universal.jpg\",\"width\":2000,\"height\":510},{\"@type\":\"BreadcrumbList\",\"@id\":\"https:\/\/www.hoteluniversal.it\/fr\/sport\/#breadcrumb\",\"itemListElement\":[{\"@type\":\"ListItem\",\"position\":1,\"name\":\"Home\",\"item\":\"https:\/\/www.hoteluniversal.it\/fr\/\"},{\"@type\":\"ListItem\",\"position\":2,\"name\":\"Sport\"}]},{\"@type\":\"WebSite\",\"@id\":\"https:\/\/www.hoteluniversal.it\/fr\/#website\",\"url\":\"https:\/\/www.hoteluniversal.it\/fr\/\",\"name\":\"Hotel Universal - Senigallia (AN)\",\"description\":\"\",\"potentialAction\":[{\"@type\":\"SearchAction\",\"target\":{\"@type\":\"EntryPoint\",\"urlTemplate\":\"https:\/\/www.hoteluniversal.it\/fr\/?s={search_term_string}\"},\"query-input\":{\"@type\":\"PropertyValueSpecification\",\"valueRequired\":true,\"valueName\":\"search_term_string\"}}],\"inLanguage\":\"fr-FR\"}]}<\/script>\n<!-- \/ Yoast SEO plugin. -->","yoast_head_json":{"title":"Sport | Hotel Universal - Senigallia (AN)","robots":{"index":"index","follow":"follow","max-snippet":"max-snippet:-1","max-image-preview":"max-image-preview:large","max-video-preview":"max-video-preview:-1"},"canonical":"https:\/\/www.hoteluniversal.it\/fr\/sport\/","og_locale":"fr_FR","og_type":"article","og_title":"Sport | Hotel Universal - Senigallia (AN)","og_description":"[vc_row css_animation=\u00a0\u00bb\u00a0\u00bb row_type=\u00a0\u00bbrow\u00a0\u00bb use_row_as_full_screen_section=\u00a0\u00bbno\u00a0\u00bb type=\u00a0\u00bbfull_width\u00a0\u00bb angled_section=\u00a0\u00bbno\u00a0\u00bb text_align=\u00a0\u00bbleft\u00a0\u00bb background_image_as_pattern=\u00a0\u00bbwithout_pattern\u00a0\u00bb][vc_column][vc_column_text] Sport [\/vc_column_text][\/vc_column][\/vc_row][vc_row css_animation=\u00a0\u00bb\u00a0\u00bb row_type=\u00a0\u00bbrow\u00a0\u00bb use_row_as_full_screen_section=\u00a0\u00bbno\u00a0\u00bb type=\u00a0\u00bbfull_width\u00a0\u00bb angled_section=\u00a0\u00bbno\u00a0\u00bb text_align=\u00a0\u00bbleft\u00a0\u00bb background_image_as_pattern=\u00a0\u00bbwithout_pattern\u00a0\u00bb z_index=\u00a0\u00bb\u00a0\u00bb css=\u00a0\u00bb.vc_custom_1579693046351{padding-bottom: 30px !important;}\u00a0\u00bb][vc_column][vc_column_text]Aimez-vous le sport ? Les Marches l&rsquo;adorent aussi ![\/vc_column_text][vc_row_inner row_type=\u00a0\u00bbrow\u00a0\u00bb type=\u00a0\u00bbfull_width\u00a0\u00bb text_align=\u00a0\u00bbleft\u00a0\u00bb css_animation=\u00a0\u00bb\u00a0\u00bb css=\u00a0\u00bb.vc_custom_1604307503626{margin-bottom: 10px !important;background-color: #ffffff !important;border-radius: 15px !important;}\u00a0\u00bb padding_top=\u00a0\u00bb10&Prime; el_class=\u00a0\u00bbrece-shadow\u00a0\u00bb][vc_column_inner el_class=\u00a0\u00bbstelle-rece\u00a0\u00bb width=\u00a0\u00bb1\/6&Prime;][vc_single_image image=\u00a0\u00bb2195&Prime;...","og_url":"https:\/\/www.hoteluniversal.it\/fr\/sport\/","og_site_name":"Hotel Universal - Senigallia (AN)","article_modified_time":"2020-11-03T13:38:17+00:00","og_image":[{"width":2000,"height":510,"url":"https:\/\/www.hoteluniversal.it\/wp-content\/uploads\/2020\/01\/slide-ciclismo-hotel-universal.jpg","type":"image\/jpeg"}],"twitter_card":"summary_large_image","twitter_misc":{"Dur\u00e9e de lecture estim\u00e9e":"5 minutes"},"schema":{"@context":"https:\/\/schema.org","@graph":[{"@type":"WebPage","@id":"https:\/\/www.hoteluniversal.it\/fr\/sport\/","url":"https:\/\/www.hoteluniversal.it\/fr\/sport\/","name":"Sport | Hotel Universal - Senigallia (AN)","isPartOf":{"@id":"https:\/\/www.hoteluniversal.it\/fr\/#website"},"primaryImageOfPage":{"@id":"https:\/\/www.hoteluniversal.it\/fr\/sport\/#primaryimage"},"image":{"@id":"https:\/\/www.hoteluniversal.it\/fr\/sport\/#primaryimage"},"thumbnailUrl":"https:\/\/www.hoteluniversal.it\/wp-content\/uploads\/2020\/01\/slide-ciclismo-hotel-universal.jpg","datePublished":"2020-01-28T14:46:28+00:00","dateModified":"2020-11-03T13:38:17+00:00","breadcrumb":{"@id":"https:\/\/www.hoteluniversal.it\/fr\/sport\/#breadcrumb"},"inLanguage":"fr-FR","potentialAction":[{"@type":"ReadAction","target":["https:\/\/www.hoteluniversal.it\/fr\/sport\/"]}]},{"@type":"ImageObject","inLanguage":"fr-FR","@id":"https:\/\/www.hoteluniversal.it\/fr\/sport\/#primaryimage","url":"https:\/\/www.hoteluniversal.it\/wp-content\/uploads\/2020\/01\/slide-ciclismo-hotel-universal.jpg","contentUrl":"https:\/\/www.hoteluniversal.it\/wp-content\/uploads\/2020\/01\/slide-ciclismo-hotel-universal.jpg","width":2000,"height":510},{"@type":"BreadcrumbList","@id":"https:\/\/www.hoteluniversal.it\/fr\/sport\/#breadcrumb","itemListElement":[{"@type":"ListItem","position":1,"name":"Home","item":"https:\/\/www.hoteluniversal.it\/fr\/"},{"@type":"ListItem","position":2,"name":"Sport"}]},{"@type":"WebSite","@id":"https:\/\/www.hoteluniversal.it\/fr\/#website","url":"https:\/\/www.hoteluniversal.it\/fr\/","name":"Hotel Universal - Senigallia (AN)","description":"","potentialAction":[{"@type":"SearchAction","target":{"@type":"EntryPoint","urlTemplate":"https:\/\/www.hoteluniversal.it\/fr\/?s={search_term_string}"},"query-input":{"@type":"PropertyValueSpecification","valueRequired":true,"valueName":"search_term_string"}}],"inLanguage":"fr-FR"}]}},"_links":{"self":[{"href":"https:\/\/www.hoteluniversal.it\/fr\/wp-json\/wp\/v2\/pages\/1392","targetHints":{"allow":["GET"]}}],"collection":[{"href":"https:\/\/www.hoteluniversal.it\/fr\/wp-json\/wp\/v2\/pages"}],"about":[{"href":"https:\/\/www.hoteluniversal.it\/fr\/wp-json\/wp\/v2\/types\/page"}],"author":[{"embeddable":true,"href":"https:\/\/www.hoteluniversal.it\/fr\/wp-json\/wp\/v2\/users\/2"}],"replies":[{"embeddable":true,"href":"https:\/\/www.hoteluniversal.it\/fr\/wp-json\/wp\/v2\/comments?post=1392"}],"version-history":[{"count":0,"href":"https:\/\/www.hoteluniversal.it\/fr\/wp-json\/wp\/v2\/pages\/1392\/revisions"}],"wp:featuredmedia":[{"embeddable":true,"href":"https:\/\/www.hoteluniversal.it\/fr\/wp-json\/wp\/v2\/media\/1398"}],"wp:attachment":[{"href":"https:\/\/www.hoteluniversal.it\/fr\/wp-json\/wp\/v2\/media?parent=1392"}],"curies":[{"name":"wp","href":"https:\/\/api.w.org\/{rel}","templated":true}]}}