{"id":936,"date":"2020-01-22T13:11:12","date_gmt":"2020-01-22T12:11:12","guid":{"rendered":"https:\/\/www.hoteluniversal.it\/?page_id=936"},"modified":"2025-08-13T17:02:07","modified_gmt":"2025-08-13T15:02:07","slug":"privatstrand","status":"publish","type":"page","link":"https:\/\/www.hoteluniversal.it\/de\/privatstrand\/","title":{"rendered":"Privatstrand"},"content":{"rendered":"<div class=\"wpb-content-wrapper\"><p>[vc_row css_animation=&#8220;&#8220; row_type=&#8220;row&#8220; use_row_as_full_screen_section=&#8220;no&#8220; type=&#8220;full_width&#8220; angled_section=&#8220;no&#8220; text_align=&#8220;left&#8220; background_image_as_pattern=&#8220;without_pattern&#8220;][vc_column][vc_column_text]<\/p>\n<h1 style=\"text-align: center;\">Privatstrand<\/h1>\n<p>[\/vc_column_text][\/vc_column][\/vc_row][vc_row css_animation=&#8220;&#8220; row_type=&#8220;row&#8220; use_row_as_full_screen_section=&#8220;no&#8220; type=&#8220;full_width&#8220; angled_section=&#8220;no&#8220; text_align=&#8220;left&#8220; background_image_as_pattern=&#8220;without_pattern&#8220; z_index=&#8220;&#8220; css=&#8220;.vc_custom_1579693046351{padding-bottom: 30px !important;}&#8220;][vc_column width=&#8220;7\/12&#8243;][vc_column_text]Schon das Wort <strong>\u201eUrlaub\u201d<\/strong> versetzt die Menschen in eine heitere Stimmung. Und wenn er dann endlich da ist\u2026., muss er nat\u00fcrlich fantastisch sein, schon allein, um uns f\u00fcr die lange Wartezeit zu entsch\u00e4digen![\/vc_column_text][vc_row_inner row_type=&#8220;row&#8220; type=&#8220;full_width&#8220; text_align=&#8220;left&#8220; css_animation=&#8220;&#8220; css=&#8220;.vc_custom_1604307503626{margin-bottom: 10px !important;background-color: #ffffff !important;border-radius: 15px !important;}&#8220; padding_top=&#8220;10&#8243; el_class=&#8220;rece-shadow&#8220;][vc_column_inner el_class=&#8220;stelle-rece&#8220; width=&#8220;1\/6&#8243;][vc_single_image image=&#8220;2178&#8243; img_size=&#8220;full&#8220; qode_css_animation=&#8220;&#8220;][vc_single_image image=&#8220;2120&#8243; img_size=&#8220;full&#8220; qode_css_animation=&#8220;&#8220;][\/vc_column_inner][vc_column_inner width=&#8220;5\/6&#8243;][vc_column_text]<\/p>\n<h4>Elia M.<\/h4>\n<p>Hotel gut gepflegt und gut gelegen &#8230; toller Strand[\/vc_column_text][\/vc_column_inner][\/vc_row_inner][vc_column_text]Wenn Sie das Meer lieben, werden Sie sich hier in Senigallia wirklich wohl f\u00fchlen. Es ist nicht nur sauber, es ist auch ruhig. Wenn Sie also nicht zu den Meisterschwimmern z\u00e4hlen, sondern, im Gegenteil, ein nicht zu sehr aufgew\u00fchltes Meer bevorzugen, oder wenn Sie Kinder haben, haben wir den richtigen Urlaubsort f\u00fcr Sie.<\/p>\n<p>Wir sind hier. Wir erwarten Sie.<\/p>\n<p>Das Hotel Universal stellt seinen G\u00e4sten <strong>den Privatstrand<\/strong> zur Verf\u00fcgung, wo Intimsph\u00e4re, Service und Sicherheit garantiert werden.[\/vc_column_text][\/vc_column][vc_column width=&#8220;5\/12&#8243;][vc_raw_html css=&#8220;&#8220; el_class=&#8220;iframe-container&#8220;]JTNDaWZyYW1lJTIwc3JjJTNEJTIyaHR0cHMlM0ElMkYlMkZ3d3cuZ29vZ2xlLmNvbSUyRm1hcHMlMkZlbWJlZCUzRnBiJTNEJTIxNHYxNzUzOTc1NjM0NjczJTIxNm04JTIxMW03JTIxMXNDQW9TSEVOSlFVSkphRVJ0YXkweFltMHlNRVpCZEY5ZlVGVkRWMVpDWmpjLiUyMTJtMiUyMTFkNDMuNzIyNjQwODI5MDE1MDUlMjEyZDEzLjIxNDI2NzAwNjQ2NjY4JTIxM2YzMjEuMDIyMTc5OTU2NjgzNTQlMjE0ZjguMzAyMzgyMjgyMjY4MTEzJTIxNWYwLjc4MjA4NjU5NzQ2Mjc0NjklMjIlMjB3aWR0aCUzRCUyMjYwMCUyMiUyMGhlaWdodCUzRCUyMjQ1MCUyMiUyMHN0eWxlJTNEJTIyYm9yZGVyJTNBMCUzQiUyMiUyMGFsbG93ZnVsbHNjcmVlbiUzRCUyMiUyMiUyMGxvYWRpbmclM0QlMjJsYXp5JTIyJTIwcmVmZXJyZXJwb2xpY3klM0QlMjJuby1yZWZlcnJlci13aGVuLWRvd25ncmFkZSUyMiUzRSUzQyUyRmlmcmFtZSUzRQ==[\/vc_raw_html][\/vc_column][\/vc_row][vc_row css_animation=&#8220;&#8220; row_type=&#8220;row&#8220; use_row_as_full_screen_section=&#8220;no&#8220; type=&#8220;full_width&#8220; angled_section=&#8220;no&#8220; text_align=&#8220;left&#8220; background_image_as_pattern=&#8220;without_pattern&#8220;][vc_column][vc_column_text css=&#8220;&#8220;]<strong>Der Komfort eines Strandes nur wenige Schritte entfernt<\/strong><\/p>\n<p>Stellen Sie sich den Komfort vor, direkt nach dem \u00dcberqueren der Stra\u00dfe am Strand zu sein.<\/p>\n<p>Unser Strand, ger\u00e4umig und gut ausgestattet, ist ganz f\u00fcr Sie reserviert und bietet Ihnen:[\/vc_column_text][\/vc_column][\/vc_row][vc_row css_animation=&#8220;&#8220; row_type=&#8220;row&#8220; use_row_as_full_screen_section=&#8220;no&#8220; type=&#8220;full_width&#8220; angled_section=&#8220;no&#8220; text_align=&#8220;left&#8220; background_image_as_pattern=&#8220;without_pattern&#8220;][vc_column][vc_column_text]<br \/>\nWenn man ans Meer in Urlaub f\u00e4hrt, ist es gut zu wissen, dass man nur die Stra\u00dfe \u00fcberqueren muss, um am Strand zu sein. Und der Strand des Hotel Universal ist gro\u00df, steht ganz zu Ihrer Verf\u00fcgung und bietet Ihnen:<br \/>\n[\/vc_column_text][\/vc_column][\/vc_row][vc_row css_animation=&#8220;&#8220; row_type=&#8220;row&#8220; use_row_as_full_screen_section=&#8220;no&#8220; type=&#8220;full_width&#8220; angled_section=&#8220;no&#8220; text_align=&#8220;left&#8220; background_image_as_pattern=&#8220;without_pattern&#8220; css=&#8220;.vc_custom_1579693086050{padding-bottom: 30px !important;}&#8220; z_index=&#8220;&#8220;][vc_column width=&#8220;1\/2&#8243;][vc_column_text css=&#8220;&#8220;]<\/p>\n<ul>\n<li>Sonnenschirme und super bequeme Kingsize-Liegen f\u00fcr maximale Entspannung<\/li>\n<li>Liegest\u00fchle<\/li>\n<li>Umkleidekabinen<\/li>\n<li>Warme Duschen<\/li>\n<li>Eingez\u00e4unter Spielbereich f\u00fcr Kinder<\/li>\n<\/ul>\n<p>[\/vc_column_text][\/vc_column][vc_column width=&#8220;1\/2&#8243;][vc_column_text css=&#8220;&#8220;]<\/p>\n<ul>\n<li>Tischtennisbereich<\/li>\n<li>Beachvolleyball- und Beachtennisplatz<\/li>\n<li>Bocciaplatz<\/li>\n<li>Ein gro\u00dfer Sonnenschirm zum Plaudern und Entspannen im Schatten<\/li>\n<\/ul>\n<p>[\/vc_column_text][\/vc_column][\/vc_row][vc_row css_animation=&#8220;&#8220; row_type=&#8220;row&#8220; use_row_as_full_screen_section=&#8220;no&#8220; type=&#8220;full_width&#8220; angled_section=&#8220;no&#8220; text_align=&#8220;left&#8220; background_image_as_pattern=&#8220;without_pattern&#8220;][vc_column][vc_column_text css=&#8220;&#8220;]<strong>Und nach einem Tag voller Sonne und Meer&#8230;<\/strong><\/p>\n<p>Vergessen Sie nicht, unser Restaurant zu entdecken!<\/p>\n<p>Nach einem Tag an unserem wundersch\u00f6nen Strand erwarten wir Sie, um Ihnen k\u00f6stliche K\u00fcche und Gerichte, die mit Sorgfalt von unseren K\u00f6chen zubereitet werden, zu servieren. <a href=\"\/de\/restaurant\/\">Entdecken Sie unser Restaurant!<\/a>[\/vc_column_text][\/vc_column][\/vc_row]<\/p>\n<\/div>","protected":false},"excerpt":{"rendered":"<p>[vc_row css_animation=&#8220;&#8220; row_type=&#8220;row&#8220; use_row_as_full_screen_section=&#8220;no&#8220; type=&#8220;full_width&#8220; angled_section=&#8220;no&#8220; text_align=&#8220;left&#8220; background_image_as_pattern=&#8220;without_pattern&#8220;][vc_column][vc_column_text] Privatstrand [\/vc_column_text][\/vc_column][\/vc_row][vc_row css_animation=&#8220;&#8220; row_type=&#8220;row&#8220; use_row_as_full_screen_section=&#8220;no&#8220; type=&#8220;full_width&#8220; angled_section=&#8220;no&#8220; text_align=&#8220;left&#8220; background_image_as_pattern=&#8220;without_pattern&#8220; z_index=&#8220;&#8220; css=&#8220;.vc_custom_1579693046351{padding-bottom: 30px !important;}&#8220;][vc_column width=&#8220;7\/12&#8243;][vc_column_text]Schon das Wort \u201eUrlaub\u201d versetzt die Menschen in eine heitere Stimmung. Und wenn er dann endlich da ist\u2026., muss er nat\u00fcrlich fantastisch sein, schon&#8230;<\/p>\n","protected":false},"author":2,"featured_media":686,"parent":0,"menu_order":0,"comment_status":"closed","ping_status":"closed","template":"","meta":{"_acf_changed":false,"footnotes":""},"class_list":["post-936","page","type-page","status-publish","has-post-thumbnail","hentry"],"acf":[],"yoast_head":"<!-- This site is optimized with the Yoast SEO plugin v25.7 - https:\/\/yoast.com\/wordpress\/plugins\/seo\/ -->\n<title>Privatstrand | Hotel Universal - Senigallia (AN)<\/title>\n<meta name=\"robots\" content=\"index, follow, max-snippet:-1, max-image-preview:large, max-video-preview:-1\" \/>\n<link rel=\"canonical\" href=\"https:\/\/www.hoteluniversal.it\/de\/privatstrand\/\" \/>\n<meta property=\"og:locale\" content=\"de_DE\" \/>\n<meta property=\"og:type\" content=\"article\" \/>\n<meta property=\"og:title\" content=\"Privatstrand | Hotel Universal - Senigallia (AN)\" \/>\n<meta property=\"og:description\" content=\"[vc_row css_animation=&#8220;&#8220; row_type=&#8220;row&#8220; use_row_as_full_screen_section=&#8220;no&#8220; type=&#8220;full_width&#8220; angled_section=&#8220;no&#8220; text_align=&#8220;left&#8220; background_image_as_pattern=&#8220;without_pattern&#8220;][vc_column][vc_column_text] Privatstrand [\/vc_column_text][\/vc_column][\/vc_row][vc_row css_animation=&#8220;&#8220; row_type=&#8220;row&#8220; use_row_as_full_screen_section=&#8220;no&#8220; type=&#8220;full_width&#8220; angled_section=&#8220;no&#8220; text_align=&#8220;left&#8220; background_image_as_pattern=&#8220;without_pattern&#8220; z_index=&#8220;&#8220; css=&#8220;.vc_custom_1579693046351{padding-bottom: 30px !important;}&#8220;][vc_column width=&#8220;7\/12&#8243;][vc_column_text]Schon das Wort \u201eUrlaub\u201d versetzt die Menschen in eine heitere Stimmung. Und wenn er dann endlich da ist\u2026., muss er nat\u00fcrlich fantastisch sein, schon...\" \/>\n<meta property=\"og:url\" content=\"https:\/\/www.hoteluniversal.it\/de\/privatstrand\/\" \/>\n<meta property=\"og:site_name\" content=\"Hotel Universal - Senigallia (AN)\" \/>\n<meta property=\"article:modified_time\" content=\"2025-08-13T15:02:07+00:00\" \/>\n<meta property=\"og:image\" content=\"https:\/\/www.hoteluniversal.it\/wp-content\/uploads\/2020\/01\/contatti-hotel-universal-slide.jpg\" \/>\n\t<meta property=\"og:image:width\" content=\"2000\" \/>\n\t<meta property=\"og:image:height\" content=\"510\" \/>\n\t<meta property=\"og:image:type\" content=\"image\/jpeg\" \/>\n<meta name=\"twitter:card\" content=\"summary_large_image\" \/>\n<meta name=\"twitter:label1\" content=\"Gesch\u00e4tzte Lesezeit\" \/>\n\t<meta name=\"twitter:data1\" content=\"3\u00a0Minuten\" \/>\n<script type=\"application\/ld+json\" class=\"yoast-schema-graph\">{\"@context\":\"https:\/\/schema.org\",\"@graph\":[{\"@type\":\"WebPage\",\"@id\":\"https:\/\/www.hoteluniversal.it\/de\/privatstrand\/\",\"url\":\"https:\/\/www.hoteluniversal.it\/de\/privatstrand\/\",\"name\":\"Privatstrand | Hotel Universal - Senigallia (AN)\",\"isPartOf\":{\"@id\":\"https:\/\/www.hoteluniversal.it\/de\/#website\"},\"primaryImageOfPage\":{\"@id\":\"https:\/\/www.hoteluniversal.it\/de\/privatstrand\/#primaryimage\"},\"image\":{\"@id\":\"https:\/\/www.hoteluniversal.it\/de\/privatstrand\/#primaryimage\"},\"thumbnailUrl\":\"https:\/\/www.hoteluniversal.it\/wp-content\/uploads\/2020\/01\/contatti-hotel-universal-slide.jpg\",\"datePublished\":\"2020-01-22T12:11:12+00:00\",\"dateModified\":\"2025-08-13T15:02:07+00:00\",\"breadcrumb\":{\"@id\":\"https:\/\/www.hoteluniversal.it\/de\/privatstrand\/#breadcrumb\"},\"inLanguage\":\"de\",\"potentialAction\":[{\"@type\":\"ReadAction\",\"target\":[\"https:\/\/www.hoteluniversal.it\/de\/privatstrand\/\"]}]},{\"@type\":\"ImageObject\",\"inLanguage\":\"de\",\"@id\":\"https:\/\/www.hoteluniversal.it\/de\/privatstrand\/#primaryimage\",\"url\":\"https:\/\/www.hoteluniversal.it\/wp-content\/uploads\/2020\/01\/contatti-hotel-universal-slide.jpg\",\"contentUrl\":\"https:\/\/www.hoteluniversal.it\/wp-content\/uploads\/2020\/01\/contatti-hotel-universal-slide.jpg\",\"width\":2000,\"height\":510},{\"@type\":\"BreadcrumbList\",\"@id\":\"https:\/\/www.hoteluniversal.it\/de\/privatstrand\/#breadcrumb\",\"itemListElement\":[{\"@type\":\"ListItem\",\"position\":1,\"name\":\"Home\",\"item\":\"https:\/\/www.hoteluniversal.it\/de\/\"},{\"@type\":\"ListItem\",\"position\":2,\"name\":\"Privatstrand\"}]},{\"@type\":\"WebSite\",\"@id\":\"https:\/\/www.hoteluniversal.it\/de\/#website\",\"url\":\"https:\/\/www.hoteluniversal.it\/de\/\",\"name\":\"Hotel Universal - Senigallia (AN)\",\"description\":\"\",\"potentialAction\":[{\"@type\":\"SearchAction\",\"target\":{\"@type\":\"EntryPoint\",\"urlTemplate\":\"https:\/\/www.hoteluniversal.it\/de\/?s={search_term_string}\"},\"query-input\":{\"@type\":\"PropertyValueSpecification\",\"valueRequired\":true,\"valueName\":\"search_term_string\"}}],\"inLanguage\":\"de\"}]}<\/script>\n<!-- \/ Yoast SEO plugin. -->","yoast_head_json":{"title":"Privatstrand | Hotel Universal - Senigallia (AN)","robots":{"index":"index","follow":"follow","max-snippet":"max-snippet:-1","max-image-preview":"max-image-preview:large","max-video-preview":"max-video-preview:-1"},"canonical":"https:\/\/www.hoteluniversal.it\/de\/privatstrand\/","og_locale":"de_DE","og_type":"article","og_title":"Privatstrand | Hotel Universal - Senigallia (AN)","og_description":"[vc_row css_animation=&#8220;&#8220; row_type=&#8220;row&#8220; use_row_as_full_screen_section=&#8220;no&#8220; type=&#8220;full_width&#8220; angled_section=&#8220;no&#8220; text_align=&#8220;left&#8220; background_image_as_pattern=&#8220;without_pattern&#8220;][vc_column][vc_column_text] Privatstrand [\/vc_column_text][\/vc_column][\/vc_row][vc_row css_animation=&#8220;&#8220; row_type=&#8220;row&#8220; use_row_as_full_screen_section=&#8220;no&#8220; type=&#8220;full_width&#8220; angled_section=&#8220;no&#8220; text_align=&#8220;left&#8220; background_image_as_pattern=&#8220;without_pattern&#8220; z_index=&#8220;&#8220; css=&#8220;.vc_custom_1579693046351{padding-bottom: 30px !important;}&#8220;][vc_column width=&#8220;7\/12&#8243;][vc_column_text]Schon das Wort \u201eUrlaub\u201d versetzt die Menschen in eine heitere Stimmung. Und wenn er dann endlich da ist\u2026., muss er nat\u00fcrlich fantastisch sein, schon...","og_url":"https:\/\/www.hoteluniversal.it\/de\/privatstrand\/","og_site_name":"Hotel Universal - Senigallia (AN)","article_modified_time":"2025-08-13T15:02:07+00:00","og_image":[{"width":2000,"height":510,"url":"https:\/\/www.hoteluniversal.it\/wp-content\/uploads\/2020\/01\/contatti-hotel-universal-slide.jpg","type":"image\/jpeg"}],"twitter_card":"summary_large_image","twitter_misc":{"Gesch\u00e4tzte Lesezeit":"3\u00a0Minuten"},"schema":{"@context":"https:\/\/schema.org","@graph":[{"@type":"WebPage","@id":"https:\/\/www.hoteluniversal.it\/de\/privatstrand\/","url":"https:\/\/www.hoteluniversal.it\/de\/privatstrand\/","name":"Privatstrand | Hotel Universal - Senigallia (AN)","isPartOf":{"@id":"https:\/\/www.hoteluniversal.it\/de\/#website"},"primaryImageOfPage":{"@id":"https:\/\/www.hoteluniversal.it\/de\/privatstrand\/#primaryimage"},"image":{"@id":"https:\/\/www.hoteluniversal.it\/de\/privatstrand\/#primaryimage"},"thumbnailUrl":"https:\/\/www.hoteluniversal.it\/wp-content\/uploads\/2020\/01\/contatti-hotel-universal-slide.jpg","datePublished":"2020-01-22T12:11:12+00:00","dateModified":"2025-08-13T15:02:07+00:00","breadcrumb":{"@id":"https:\/\/www.hoteluniversal.it\/de\/privatstrand\/#breadcrumb"},"inLanguage":"de","potentialAction":[{"@type":"ReadAction","target":["https:\/\/www.hoteluniversal.it\/de\/privatstrand\/"]}]},{"@type":"ImageObject","inLanguage":"de","@id":"https:\/\/www.hoteluniversal.it\/de\/privatstrand\/#primaryimage","url":"https:\/\/www.hoteluniversal.it\/wp-content\/uploads\/2020\/01\/contatti-hotel-universal-slide.jpg","contentUrl":"https:\/\/www.hoteluniversal.it\/wp-content\/uploads\/2020\/01\/contatti-hotel-universal-slide.jpg","width":2000,"height":510},{"@type":"BreadcrumbList","@id":"https:\/\/www.hoteluniversal.it\/de\/privatstrand\/#breadcrumb","itemListElement":[{"@type":"ListItem","position":1,"name":"Home","item":"https:\/\/www.hoteluniversal.it\/de\/"},{"@type":"ListItem","position":2,"name":"Privatstrand"}]},{"@type":"WebSite","@id":"https:\/\/www.hoteluniversal.it\/de\/#website","url":"https:\/\/www.hoteluniversal.it\/de\/","name":"Hotel Universal - Senigallia (AN)","description":"","potentialAction":[{"@type":"SearchAction","target":{"@type":"EntryPoint","urlTemplate":"https:\/\/www.hoteluniversal.it\/de\/?s={search_term_string}"},"query-input":{"@type":"PropertyValueSpecification","valueRequired":true,"valueName":"search_term_string"}}],"inLanguage":"de"}]}},"_links":{"self":[{"href":"https:\/\/www.hoteluniversal.it\/de\/wp-json\/wp\/v2\/pages\/936","targetHints":{"allow":["GET"]}}],"collection":[{"href":"https:\/\/www.hoteluniversal.it\/de\/wp-json\/wp\/v2\/pages"}],"about":[{"href":"https:\/\/www.hoteluniversal.it\/de\/wp-json\/wp\/v2\/types\/page"}],"author":[{"embeddable":true,"href":"https:\/\/www.hoteluniversal.it\/de\/wp-json\/wp\/v2\/users\/2"}],"replies":[{"embeddable":true,"href":"https:\/\/www.hoteluniversal.it\/de\/wp-json\/wp\/v2\/comments?post=936"}],"version-history":[{"count":3,"href":"https:\/\/www.hoteluniversal.it\/de\/wp-json\/wp\/v2\/pages\/936\/revisions"}],"predecessor-version":[{"id":4314,"href":"https:\/\/www.hoteluniversal.it\/de\/wp-json\/wp\/v2\/pages\/936\/revisions\/4314"}],"wp:featuredmedia":[{"embeddable":true,"href":"https:\/\/www.hoteluniversal.it\/de\/wp-json\/wp\/v2\/media\/686"}],"wp:attachment":[{"href":"https:\/\/www.hoteluniversal.it\/de\/wp-json\/wp\/v2\/media?parent=936"}],"curies":[{"name":"wp","href":"https:\/\/api.w.org\/{rel}","templated":true}]}}