{"id":4137,"date":"2025-06-04T14:32:13","date_gmt":"2025-06-04T12:32:13","guid":{"rendered":"https:\/\/www.hoteluniversal.it\/trattamenti-olistici\/"},"modified":"2026-04-23T17:24:29","modified_gmt":"2026-04-23T15:24:29","slug":"ganzheitliche-behandlungen","status":"publish","type":"page","link":"https:\/\/www.hoteluniversal.it\/de\/ganzheitliche-behandlungen\/","title":{"rendered":"Ganzheitliche Behandlungen"},"content":{"rendered":"<div class=\"wpb-content-wrapper\"><p>[vc_row css_animation=&#8220;&#8220; row_type=&#8220;row&#8220; use_row_as_full_screen_section=&#8220;no&#8220; type=&#8220;full_width&#8220; angled_section=&#8220;no&#8220; text_align=&#8220;left&#8220; background_image_as_pattern=&#8220;without_pattern&#8220;][vc_column][vc_column_text css=&#8220;&#8220; el_class=&#8220;small-h1&#8243;]<\/p>\n<h1 style=\"text-align: center;\">Ganzheitliche Behandlungen<\/h1>\n<p>[\/vc_column_text][vc_empty_space height=&#8220;82px&#8220;][\/vc_column][\/vc_row][vc_row css_animation=&#8220;&#8220; row_type=&#8220;row&#8220; use_row_as_full_screen_section=&#8220;no&#8220; type=&#8220;full_width&#8220; angled_section=&#8220;no&#8220; text_align=&#8220;left&#8220; background_image_as_pattern=&#8220;without_pattern&#8220;][vc_column width=&#8220;7\/12&#8243;][vc_column_text css=&#8220;&#8220;]<\/p>\n<h3><strong>Regenerieren Sie K\u00f6rper und Geist mit einer personalisierten Behandlung direkt im Hotel<\/strong><\/h3>\n<p>Juliana Andrade, eine ganzheitliche Therapeutin mit \u00fcber 20 Jahren Erfahrung in der Welt der Spas und Wellnesszentren, bietet den G\u00e4sten des Hotel Universal ein einzigartiges, multisensorisches Erlebnis.<br \/>\nSeit 2013 begleitet sie unsere G\u00e4ste auf einem Weg tiefer Regeneration und verbindet westliche Techniken mit Ritualen, die von der lebendigen Energie Brasiliens inspiriert sind.<\/p>\n<p> Behandlungen sind nur nach Terminvereinbarung direkt im Hotel verf\u00fcgbar.[\/vc_column_text][vc_column_text css=&#8220;&#8220;]\u201e<strong>By Brasil<\/strong>\u201c \u2013 Julianas exklusive Methode<br \/>\nIhre Behandlungen beinhalten:<\/p>\n<p>\u2714\ufe0f Strahlender Teint (Gesichtsbehandlung)<br \/>\n\u2714\ufe0f Klassische schwedische Massage<br \/>\n\u2714\ufe0f Entspannungsmassage<br \/>\n\u2714\ufe0f Anti-Stress-Massage<br \/>\n\u2714\ufe0f Bein-Entlastung<br \/>\n\u2714\ufe0f Nacken- und Lendenwirbelbereich<br \/>\n\u2714\ufe0f Bioposturale Technik<br \/>\n\u2714\ufe0f Bio-Drainage-System<br \/>\n\u2714\ufe0f Tiefengewebsmassage<br \/>\n\u2714\ufe0f Meridian-Stretching<br \/>\n\u2714\ufe0f Muskelentspannung f\u00fcr Beine und Schultern<br \/>\n\u2714\ufe0f Reiki Usui Energiemethoden<br \/>\n\u2714\ufe0f Bio-Brasilianische \u00d6le f\u00fcr ein multisensorisches Erlebnis[\/vc_column_text][vc_column_inner el_class=&#8220;stelle-rece&#8220;][\/vc_column_inner][\/vc_column][vc_column width=&#8220;5\/12&#8243;][vc_single_image image=&#8220;4133&#8243; img_size=&#8220;large&#8220; css=&#8220;&#8220; qode_css_animation=&#8220;&#8220;][\/vc_column][\/vc_row][vc_row css_animation=&#8220;&#8220; row_type=&#8220;row&#8220; use_row_as_full_screen_section=&#8220;no&#8220; type=&#8220;full_width&#8220; angled_section=&#8220;no&#8220; text_align=&#8220;center&#8220; background_image_as_pattern=&#8220;without_pattern&#8220; z_index=&#8220;&#8220;][vc_column][vc_empty_space][\/vc_column][\/vc_row][vc_row css_animation=&#8220;&#8220; row_type=&#8220;row&#8220; use_row_as_full_screen_section=&#8220;no&#8220; type=&#8220;full_width&#8220; angled_section=&#8220;no&#8220; text_align=&#8220;left&#8220; background_image_as_pattern=&#8220;without_pattern&#8220;][vc_column][vc_column_text css=&#8220;&#8220; el_class=&#8220;small-h1&#8243;]<\/p>\n<h2 style=\"text-align: center;\">EINE MASSGESCHNEIDERTE ERFAHRUNG<\/h2>\n<p>[\/vc_column_text][\/vc_column][\/vc_row][vc_row css_animation=&#8220;&#8220; row_type=&#8220;row&#8220; use_row_as_full_screen_section=&#8220;no&#8220; type=&#8220;full_width&#8220; angled_section=&#8220;no&#8220; text_align=&#8220;left&#8220; background_image_as_pattern=&#8220;without_pattern&#8220;][vc_column][vc_column_text css=&#8220;&#8220;]<\/p>\n<h3>BEHANDLUNGEN<\/h3>\n<p><strong>Dauer 50 Min. \u2013 75 \u20ac<\/strong><\/p>\n<h4>GESICHT<\/h4>\n<p><strong>ZEITLOSE SCH\u00d6NHEIT by Brasil<\/strong><br \/>\nJedes Alter hat seine eigene Sch\u00f6nheit. Sanfte, umh\u00fcllende Bewegungen f\u00fcr Gesicht, Hals und Dekollet\u00e9, kombiniert mit der regenerierenden Kraft biologischer Jojoba- und A\u00e7a\u00ed-\u00d6le aus dem Amazonas, unterstreichen Ihre nat\u00fcrliche Sch\u00f6nheit.<\/p>\n<h4>K\u00d6RPER<\/h4>\n<p><strong>ELIXIER DES LEBENS by Brasil<\/strong><br \/>\nIndividuell angepasste Massagegriffe zur L\u00f6sung von Verspannungen, begleitet von biologischem Andiroba-\u00d6l aus dem Amazonas. Die ideale Behandlung f\u00fcr alle, die sich nach einem intensiven Tag wie neugeboren f\u00fchlen m\u00f6chten.<\/p>\n<p><strong>ENTSPANNEND<\/strong><br \/>\nLangsame, tiefgehende und einh\u00fcllende Bewegungen machen diese Massage zu einem zeitlosen Klassiker \u2013 perfekt, um nach einem Arbeitstag abzuschalten, Energie zu tanken oder sich einfach etwas Gutes zu tun.<\/p>\n<p><strong>SPORTLICH \/ L\u00d6SEND<\/strong><br \/>\nBelebende Griffe, die die Muskulatur durchbluten und dehnen. Ideal f\u00fcr sportlich Aktive oder bei Verspannungen im R\u00fccken-, Schulter- oder Beinbereich.<\/p>\n<p><strong>BEIN-ENTLASTUNG<\/strong><br \/>\nFokus auf Kn\u00f6chel und Kniekehle. Eine gezielte Behandlung f\u00fcr schwere, m\u00fcde Beine, die die Durchblutung anregt und sofortige Leichtigkeit schenkt.<\/p>\n<p><strong>SCHWANGERSCHAFT<\/strong><br \/>\nEine sanfte Umarmung f\u00fcr werdende M\u00fctter. Zarte, entspannende Bewegungen mit neutralen Bio-\u00d6len f\u00fcr einen friedvollen Moment und eine tiefe Verbindung mit sich selbst.[\/vc_column_text][\/vc_column][\/vc_row][vc_row css_animation=&#8220;&#8220; row_type=&#8220;row&#8220; use_row_as_full_screen_section=&#8220;no&#8220; type=&#8220;full_width&#8220; angled_section=&#8220;no&#8220; text_align=&#8220;left&#8220; background_image_as_pattern=&#8220;without_pattern&#8220;][vc_column][vc_empty_space][vc_column_text css=&#8220;&#8220;]<\/p>\n<h3>RITUALE<\/h3>\n<h4>GESICHT<\/h4>\n<p><strong>STRAHLKRAFT<\/strong><br \/>\n<strong>Dauer 50 Min. \u2013 85 \u20ac<\/strong><br \/>\nEine regenerierende Gesichtsbehandlung f\u00fcr neue Frische und Leuchtkraft. Dank der reinigenden Wirkung von Pflanzenkohle wird die Haut sanft gepeelt und von Unreinheiten befreit. Entspannende Massagegriffe gl\u00e4tten die Gesichtsz\u00fcge und f\u00f6rdern die Sauerstoffversorgung \u2013 f\u00fcr einen gleichm\u00e4\u00dfigen, strahlenden Teint.<\/p>\n<h4>K\u00d6RPER<\/h4>\n<p><strong>Dauer 50 Min. \u2013 90 \u20ac<\/strong><\/p>\n<p><strong>HIMALAYA-RITUAL \u2013 PEELING UND ERNEUERUNG<\/strong><br \/>\nEine sinnliche Reise zur Reinigung von K\u00f6rper und Geist. Reine rosa Himalaya-Salzkristalle, kombiniert mit balsamischen \u00e4therischen \u00d6len, peelen sanft die Haut, regen die Zellerneuerung an und f\u00f6rdern die Entgiftung. Detox-Massagegriffe runden das Ritual ab \u2013 f\u00fcr eine weiche, strahlende Haut und ein Gef\u00fchl von Leichtigkeit.<\/p>\n<p><strong>GR\u00dcNTEE-DETOX-RITUAL \u2013 ANTIOXIDATIVE UND REMINERALISIERENDE SCHLAMMBEHANDLUNG<\/strong><br \/>\nNat\u00fcrliches Wohlbefinden zur Wiederaufladung. Eine reichhaltige, umh\u00fcllende Schlammpackung mit Bio-Gr\u00fcntee, Totem-Meer-Salzen und Ingwer zur Drainage, Stimulation und Pflege der Haut. Die antioxidative Wirkung des Tees kombiniert sich mit den remineralisierenden Salzen und der belebenden Kraft des Ingwers \u2013 f\u00fcr eine straffe, strahlende Haut und einen erneuerten K\u00f6rper.[\/vc_column_text][\/vc_column][\/vc_row][vc_row css_animation=&#8220;&#8220; row_type=&#8220;row&#8220; use_row_as_full_screen_section=&#8220;no&#8220; type=&#8220;full_width&#8220; angled_section=&#8220;no&#8220; text_align=&#8220;left&#8220; background_image_as_pattern=&#8220;without_pattern&#8220; z_index=&#8220;&#8220; css=&#8220;.vc_custom_1748956402893{margin-bottom: 20px !important;}&#8220; el_id=&#8220;prenota&#8220;][vc_column][vc_empty_space height=&#8220;64px&#8220;][\/vc_column][\/vc_row][vc_row css_animation=&#8220;&#8220; row_type=&#8220;row&#8220; use_row_as_full_screen_section=&#8220;no&#8220; type=&#8220;full_width&#8220; angled_section=&#8220;no&#8220; text_align=&#8220;left&#8220; background_image_as_pattern=&#8220;without_pattern&#8220; z_index=&#8220;&#8220; css=&#8220;.vc_custom_1749127728678{margin-bottom: 20px !important;}&#8220; el_class=&#8220;banner-grigio&#8220;][vc_column css=&#8220;.vc_custom_1602582236536{background-color: #ebebeb !important;}&#8220;][vc_column_text css=&#8220;&#8220;]<\/p>\n<div>\n<h3 class=\"entry-title\" style=\"text-align: center;\">\u2728 Buchen Sie jetzt Ihre regenerierende Auszeit.<br \/>\n Direkt im Hotel verf\u00fcgbar \u2013 nur mit Termin.<\/h3>\n<p>&nbsp;<\/p>\n<p style=\"text-align: center;\">Der Zugang zu unserem fantastischen Wellnessbereich ist nur mit Reservierung m\u00f6glich. Reservierungen per E-Mail an <a href=\"mailto:info@hoteluniversal.it\">info@hoteluniversal.it<\/a> oder per WhatsApp an <a href=\"https:\/\/wa.me\/393458013512\">+39 345 8013512<\/a>.<\/p>\n<\/div>\n<p>[\/vc_column_text][vc_empty_space][\/vc_column][\/vc_row][vc_row css_animation=&#8220;&#8220; row_type=&#8220;row&#8220; use_row_as_full_screen_section=&#8220;no&#8220; type=&#8220;grid&#8220; angled_section=&#8220;no&#8220; text_align=&#8220;left&#8220; background_image_as_pattern=&#8220;without_pattern&#8220; z_index=&#8220;&#8220; padding_bottom=&#8220;45&#8243; css=&#8220;.vc_custom_1579864113174{background-color: #f6f6f6 !important;}&#8220; padding_top=&#8220;35&#8243; background_color=&#8220;#f6f6f6&#8243;][vc_column][vc_row_inner row_type=&#8220;row&#8220; type=&#8220;full_width&#8220; text_align=&#8220;left&#8220; css_animation=&#8220;&#8220; el_class=&#8220;tipology-inner-two-wrap&#8220; background_color=&#8220;#f6f6f6&#8243;][vc_column_inner el_class=&#8220;tipology-inner-two-wrap-block&#8220; width=&#8220;1\/2&#8243;][vc_single_image image=&#8220;1124&#8243; img_size=&#8220;full&#8220; alignment=&#8220;center&#8220; onclick=&#8220;custom_link&#8220; css=&#8220;&#8220; qode_css_animation=&#8220;&#8220; el_class=&#8220;tipology-inner-two-img-block&#8220; link=&#8220;\/de\/privates-fitnessstudio\/&#8220;][vc_column_text css=&#8220;&#8220; el_class=&#8220;tipology-inner-two-text-block&#8220;]<\/p>\n<h4><a style=\"color: #ffffff;\" href=\"\/de\/privates-fitnessstudio\/\">Personal Trainer<\/a><\/h4>\n<p>[\/vc_column_text][\/vc_column_inner][vc_column_inner el_class=&#8220;tipology-inner-two-wrap-block&#8220; width=&#8220;1\/2&#8243;][vc_single_image image=&#8220;1571&#8243; img_size=&#8220;full&#8220; alignment=&#8220;center&#8220; onclick=&#8220;custom_link&#8220; css=&#8220;&#8220; qode_css_animation=&#8220;&#8220; el_class=&#8220;tipology-inner-two-img-block&#8220; link=&#8220;\/de\/leistungen\/&#8220;][vc_column_text css=&#8220;&#8220; el_class=&#8220;tipology-inner-two-text-block&#8220;]<\/p>\n<h4><a style=\"color: #ffffff;\" href=\"\/de\/leistungen\/\">Dienstleistungen<\/a><\/h4>\n<p>[\/vc_column_text][\/vc_column_inner][\/vc_row_inner][\/vc_column][\/vc_row][vc_row css_animation=&#8220;&#8220; row_type=&#8220;row&#8220; use_row_as_full_screen_section=&#8220;no&#8220; type=&#8220;full_width&#8220; angled_section=&#8220;no&#8220; text_align=&#8220;left&#8220; background_image_as_pattern=&#8220;without_pattern&#8220; z_index=&#8220;&#8220;][vc_column][vc_column_text css=&#8220;&#8220;]\n<div class=\"conver-widget-v2\"\n     data-instance=\"conver-v2-2\">\n\n  <div class=\"chat-container\" id=\"chat-section\">\n\n    <div class=\"chat-header\">\n      <div class=\"chat-header-logo\">\n        <img decoding=\"async\"\n          src=\"https:\/\/www.hoteluniversal.it\/wp-content\/themes\/bridge-child\/template-parts\/ricerca-conversazionale-v2\/assets\/img\/logo-ricerca-conv.png\"\n          alt=\"\"\n        >\n        <span>Hallo<\/span>\n      <\/div>\n\n      <h2>Womit fangen wir an?<\/h2>\n    <\/div>\n\n    <!-- Chat -->\n    <div class=\"chat-box\"><\/div>\n\n    <!-- Loading -->\n    <div class=\"loading-conver hidden\" aria-hidden=\"true\">\n      <div class=\"dot\"><\/div><div class=\"dot\"><\/div><div class=\"dot\"><\/div>\n    <\/div>\n\n    <!-- Input -->\n    <div class=\"input-area-conver-wrapper\">\n      <div class=\"input-area-conver\">\n        <textarea\n          class=\"user-input-conver\"\n          placeholder=\"Stelle eine Frage...\"\n          rows=\"1\"\n        ><\/textarea>\n\n        <div class=\"box-btn-conver\">\n          <a class=\"send-btn-conver\" href=\"#\" role=\"button\" aria-label=\"AI Search\">\n            <i class=\"fa-light fa-magnifying-glass icon-search\" aria-hidden=\"true\"><\/i>\n            <i class=\"fa-regular fa-arrow-up icon-send hidden\" aria-hidden=\"true\"><\/i>\n            <span class=\"ai-search-text\">AI Search<\/span>\n          <\/a>\n\n          <i class=\"fa-light fa-close icon-erase hidden\" aria-hidden=\"true\"><\/i>\n        <\/div>\n      <\/div>\n    <\/div>\n    <span class=\"show-quick-questions hidden\">Zeige schnelle Fragen<\/span>\n\n    <!-- Domande rapide -->\n    <div class=\"entry-chats-wrapper\">\n      <!-- \n      <button type=\"button\" class=\"entry-chat\" data-prompt=\"Ein Zimmer f\u00fcr zwei Personen buchen\">\n        Ein Zimmer f\u00fcr zwei Personen buchen      <\/button>\n      -->\n      <button type=\"button\" class=\"entry-chat\" data-prompt=\"Sonderangebote entdecken\">\n        Sonderangebote entdecken      <\/button>\n\n      <button type=\"button\" class=\"entry-chat\" data-prompt=\"Zimmer entdecken\">\n        Zimmer entdecken      <\/button>\n\n      <button type=\"button\" class=\"entry-chat\" data-prompt=\"Entdecke den Wellnessbereich\">\n        Entdecke den Wellnessbereich      <\/button>\n    <\/div>\n\n  <\/div>\n<\/div>\n\n<style>\n  .entry-chats-wrapper {\n    display: flex !important;\n}\n<\/style>[\/vc_column_text][\/vc_column][\/vc_row]<\/p>\n<\/div>","protected":false},"excerpt":{"rendered":"<p>[vc_row css_animation=&#8220;&#8220; row_type=&#8220;row&#8220; use_row_as_full_screen_section=&#8220;no&#8220; type=&#8220;full_width&#8220; angled_section=&#8220;no&#8220; text_align=&#8220;left&#8220; background_image_as_pattern=&#8220;without_pattern&#8220;][vc_column][vc_column_text css=&#8220;&#8220; el_class=&#8220;small-h1&#8243;] Ganzheitliche Behandlungen [\/vc_column_text][vc_empty_space height=&#8220;82px&#8220;][\/vc_column][\/vc_row][vc_row css_animation=&#8220;&#8220; row_type=&#8220;row&#8220; use_row_as_full_screen_section=&#8220;no&#8220; type=&#8220;full_width&#8220; angled_section=&#8220;no&#8220; text_align=&#8220;left&#8220; background_image_as_pattern=&#8220;without_pattern&#8220;][vc_column width=&#8220;7\/12&#8243;][vc_column_text css=&#8220;&#8220;] Regenerieren Sie K\u00f6rper und Geist mit einer personalisierten Behandlung direkt im Hotel Juliana Andrade, eine ganzheitliche Therapeutin mit \u00fcber 20 Jahren Erfahrung&#8230;<\/p>\n","protected":false},"author":9,"featured_media":3556,"parent":0,"menu_order":0,"comment_status":"closed","ping_status":"closed","template":"","meta":{"_acf_changed":false,"footnotes":""},"class_list":["post-4137","page","type-page","status-publish","has-post-thumbnail","hentry"],"acf":[],"yoast_head":"<!-- This site is optimized with the Yoast SEO plugin v25.7 - https:\/\/yoast.com\/wordpress\/plugins\/seo\/ -->\n<title>Ganzheitliche Behandlungen | Hotel Universal - Senigallia (AN)<\/title>\n<meta name=\"robots\" content=\"noindex, follow\" \/>\n<meta property=\"og:locale\" content=\"de_DE\" \/>\n<meta property=\"og:type\" content=\"article\" \/>\n<meta property=\"og:title\" content=\"Ganzheitliche Behandlungen | Hotel Universal - Senigallia (AN)\" \/>\n<meta property=\"og:description\" content=\"[vc_row css_animation=&#8220;&#8220; row_type=&#8220;row&#8220; use_row_as_full_screen_section=&#8220;no&#8220; type=&#8220;full_width&#8220; angled_section=&#8220;no&#8220; text_align=&#8220;left&#8220; background_image_as_pattern=&#8220;without_pattern&#8220;][vc_column][vc_column_text css=&#8220;&#8220; el_class=&#8220;small-h1&#8243;] Ganzheitliche Behandlungen [\/vc_column_text][vc_empty_space height=&#8220;82px&#8220;][\/vc_column][\/vc_row][vc_row css_animation=&#8220;&#8220; row_type=&#8220;row&#8220; use_row_as_full_screen_section=&#8220;no&#8220; type=&#8220;full_width&#8220; angled_section=&#8220;no&#8220; text_align=&#8220;left&#8220; background_image_as_pattern=&#8220;without_pattern&#8220;][vc_column width=&#8220;7\/12&#8243;][vc_column_text css=&#8220;&#8220;] Regenerieren Sie K\u00f6rper und Geist mit einer personalisierten Behandlung direkt im Hotel Juliana Andrade, eine ganzheitliche Therapeutin mit \u00fcber 20 Jahren Erfahrung...\" \/>\n<meta property=\"og:url\" content=\"https:\/\/www.hoteluniversal.it\/de\/ganzheitliche-behandlungen\/\" \/>\n<meta property=\"og:site_name\" content=\"Hotel Universal - Senigallia (AN)\" \/>\n<meta property=\"article:modified_time\" content=\"2026-04-23T15:24:29+00:00\" \/>\n<meta property=\"og:image\" content=\"https:\/\/www.hoteluniversal.it\/wp-content\/uploads\/2024\/09\/SERVIZI-AREA-WELLNESS.png\" \/>\n\t<meta property=\"og:image:width\" content=\"1366\" \/>\n\t<meta property=\"og:image:height\" content=\"768\" \/>\n\t<meta property=\"og:image:type\" content=\"image\/png\" \/>\n<meta name=\"twitter:card\" content=\"summary_large_image\" \/>\n<meta name=\"twitter:label1\" content=\"Gesch\u00e4tzte Lesezeit\" \/>\n\t<meta name=\"twitter:data1\" content=\"4\u00a0Minuten\" \/>\n<script type=\"application\/ld+json\" class=\"yoast-schema-graph\">{\"@context\":\"https:\/\/schema.org\",\"@graph\":[{\"@type\":\"WebPage\",\"@id\":\"https:\/\/www.hoteluniversal.it\/de\/ganzheitliche-behandlungen\/\",\"url\":\"https:\/\/www.hoteluniversal.it\/de\/ganzheitliche-behandlungen\/\",\"name\":\"Ganzheitliche Behandlungen | Hotel Universal - Senigallia (AN)\",\"isPartOf\":{\"@id\":\"https:\/\/www.hoteluniversal.it\/de\/#website\"},\"primaryImageOfPage\":{\"@id\":\"https:\/\/www.hoteluniversal.it\/de\/ganzheitliche-behandlungen\/#primaryimage\"},\"image\":{\"@id\":\"https:\/\/www.hoteluniversal.it\/de\/ganzheitliche-behandlungen\/#primaryimage\"},\"thumbnailUrl\":\"https:\/\/www.hoteluniversal.it\/wp-content\/uploads\/2024\/09\/SERVIZI-AREA-WELLNESS.png\",\"datePublished\":\"2025-06-04T12:32:13+00:00\",\"dateModified\":\"2026-04-23T15:24:29+00:00\",\"breadcrumb\":{\"@id\":\"https:\/\/www.hoteluniversal.it\/de\/ganzheitliche-behandlungen\/#breadcrumb\"},\"inLanguage\":\"de\",\"potentialAction\":[{\"@type\":\"ReadAction\",\"target\":[\"https:\/\/www.hoteluniversal.it\/de\/ganzheitliche-behandlungen\/\"]}]},{\"@type\":\"ImageObject\",\"inLanguage\":\"de\",\"@id\":\"https:\/\/www.hoteluniversal.it\/de\/ganzheitliche-behandlungen\/#primaryimage\",\"url\":\"https:\/\/www.hoteluniversal.it\/wp-content\/uploads\/2024\/09\/SERVIZI-AREA-WELLNESS.png\",\"contentUrl\":\"https:\/\/www.hoteluniversal.it\/wp-content\/uploads\/2024\/09\/SERVIZI-AREA-WELLNESS.png\",\"width\":1366,\"height\":768},{\"@type\":\"BreadcrumbList\",\"@id\":\"https:\/\/www.hoteluniversal.it\/de\/ganzheitliche-behandlungen\/#breadcrumb\",\"itemListElement\":[{\"@type\":\"ListItem\",\"position\":1,\"name\":\"Home\",\"item\":\"https:\/\/www.hoteluniversal.it\/de\/\"},{\"@type\":\"ListItem\",\"position\":2,\"name\":\"Ganzheitliche Behandlungen\"}]},{\"@type\":\"WebSite\",\"@id\":\"https:\/\/www.hoteluniversal.it\/de\/#website\",\"url\":\"https:\/\/www.hoteluniversal.it\/de\/\",\"name\":\"Hotel Universal - Senigallia (AN)\",\"description\":\"\",\"potentialAction\":[{\"@type\":\"SearchAction\",\"target\":{\"@type\":\"EntryPoint\",\"urlTemplate\":\"https:\/\/www.hoteluniversal.it\/de\/?s={search_term_string}\"},\"query-input\":{\"@type\":\"PropertyValueSpecification\",\"valueRequired\":true,\"valueName\":\"search_term_string\"}}],\"inLanguage\":\"de\"}]}<\/script>\n<!-- \/ Yoast SEO plugin. -->","yoast_head_json":{"title":"Ganzheitliche Behandlungen | Hotel Universal - Senigallia (AN)","robots":{"index":"noindex","follow":"follow"},"og_locale":"de_DE","og_type":"article","og_title":"Ganzheitliche Behandlungen | Hotel Universal - Senigallia (AN)","og_description":"[vc_row css_animation=&#8220;&#8220; row_type=&#8220;row&#8220; use_row_as_full_screen_section=&#8220;no&#8220; type=&#8220;full_width&#8220; angled_section=&#8220;no&#8220; text_align=&#8220;left&#8220; background_image_as_pattern=&#8220;without_pattern&#8220;][vc_column][vc_column_text css=&#8220;&#8220; el_class=&#8220;small-h1&#8243;] Ganzheitliche Behandlungen [\/vc_column_text][vc_empty_space height=&#8220;82px&#8220;][\/vc_column][\/vc_row][vc_row css_animation=&#8220;&#8220; row_type=&#8220;row&#8220; use_row_as_full_screen_section=&#8220;no&#8220; type=&#8220;full_width&#8220; angled_section=&#8220;no&#8220; text_align=&#8220;left&#8220; background_image_as_pattern=&#8220;without_pattern&#8220;][vc_column width=&#8220;7\/12&#8243;][vc_column_text css=&#8220;&#8220;] Regenerieren Sie K\u00f6rper und Geist mit einer personalisierten Behandlung direkt im Hotel Juliana Andrade, eine ganzheitliche Therapeutin mit \u00fcber 20 Jahren Erfahrung...","og_url":"https:\/\/www.hoteluniversal.it\/de\/ganzheitliche-behandlungen\/","og_site_name":"Hotel Universal - Senigallia (AN)","article_modified_time":"2026-04-23T15:24:29+00:00","og_image":[{"width":1366,"height":768,"url":"https:\/\/www.hoteluniversal.it\/wp-content\/uploads\/2024\/09\/SERVIZI-AREA-WELLNESS.png","type":"image\/png"}],"twitter_card":"summary_large_image","twitter_misc":{"Gesch\u00e4tzte Lesezeit":"4\u00a0Minuten"},"schema":{"@context":"https:\/\/schema.org","@graph":[{"@type":"WebPage","@id":"https:\/\/www.hoteluniversal.it\/de\/ganzheitliche-behandlungen\/","url":"https:\/\/www.hoteluniversal.it\/de\/ganzheitliche-behandlungen\/","name":"Ganzheitliche Behandlungen | Hotel Universal - Senigallia (AN)","isPartOf":{"@id":"https:\/\/www.hoteluniversal.it\/de\/#website"},"primaryImageOfPage":{"@id":"https:\/\/www.hoteluniversal.it\/de\/ganzheitliche-behandlungen\/#primaryimage"},"image":{"@id":"https:\/\/www.hoteluniversal.it\/de\/ganzheitliche-behandlungen\/#primaryimage"},"thumbnailUrl":"https:\/\/www.hoteluniversal.it\/wp-content\/uploads\/2024\/09\/SERVIZI-AREA-WELLNESS.png","datePublished":"2025-06-04T12:32:13+00:00","dateModified":"2026-04-23T15:24:29+00:00","breadcrumb":{"@id":"https:\/\/www.hoteluniversal.it\/de\/ganzheitliche-behandlungen\/#breadcrumb"},"inLanguage":"de","potentialAction":[{"@type":"ReadAction","target":["https:\/\/www.hoteluniversal.it\/de\/ganzheitliche-behandlungen\/"]}]},{"@type":"ImageObject","inLanguage":"de","@id":"https:\/\/www.hoteluniversal.it\/de\/ganzheitliche-behandlungen\/#primaryimage","url":"https:\/\/www.hoteluniversal.it\/wp-content\/uploads\/2024\/09\/SERVIZI-AREA-WELLNESS.png","contentUrl":"https:\/\/www.hoteluniversal.it\/wp-content\/uploads\/2024\/09\/SERVIZI-AREA-WELLNESS.png","width":1366,"height":768},{"@type":"BreadcrumbList","@id":"https:\/\/www.hoteluniversal.it\/de\/ganzheitliche-behandlungen\/#breadcrumb","itemListElement":[{"@type":"ListItem","position":1,"name":"Home","item":"https:\/\/www.hoteluniversal.it\/de\/"},{"@type":"ListItem","position":2,"name":"Ganzheitliche Behandlungen"}]},{"@type":"WebSite","@id":"https:\/\/www.hoteluniversal.it\/de\/#website","url":"https:\/\/www.hoteluniversal.it\/de\/","name":"Hotel Universal - Senigallia (AN)","description":"","potentialAction":[{"@type":"SearchAction","target":{"@type":"EntryPoint","urlTemplate":"https:\/\/www.hoteluniversal.it\/de\/?s={search_term_string}"},"query-input":{"@type":"PropertyValueSpecification","valueRequired":true,"valueName":"search_term_string"}}],"inLanguage":"de"}]}},"_links":{"self":[{"href":"https:\/\/www.hoteluniversal.it\/de\/wp-json\/wp\/v2\/pages\/4137","targetHints":{"allow":["GET"]}}],"collection":[{"href":"https:\/\/www.hoteluniversal.it\/de\/wp-json\/wp\/v2\/pages"}],"about":[{"href":"https:\/\/www.hoteluniversal.it\/de\/wp-json\/wp\/v2\/types\/page"}],"author":[{"embeddable":true,"href":"https:\/\/www.hoteluniversal.it\/de\/wp-json\/wp\/v2\/users\/9"}],"replies":[{"embeddable":true,"href":"https:\/\/www.hoteluniversal.it\/de\/wp-json\/wp\/v2\/comments?post=4137"}],"version-history":[{"count":9,"href":"https:\/\/www.hoteluniversal.it\/de\/wp-json\/wp\/v2\/pages\/4137\/revisions"}],"predecessor-version":[{"id":4944,"href":"https:\/\/www.hoteluniversal.it\/de\/wp-json\/wp\/v2\/pages\/4137\/revisions\/4944"}],"wp:featuredmedia":[{"embeddable":true,"href":"https:\/\/www.hoteluniversal.it\/de\/wp-json\/wp\/v2\/media\/3556"}],"wp:attachment":[{"href":"https:\/\/www.hoteluniversal.it\/de\/wp-json\/wp\/v2\/media?parent=4137"}],"curies":[{"name":"wp","href":"https:\/\/api.w.org\/{rel}","templated":true}]}}