{"id":1390,"date":"2020-01-28T15:44:47","date_gmt":"2020-01-28T14:44:47","guid":{"rendered":"https:\/\/www.hoteluniversal.it\/?page_id=1390"},"modified":"2020-11-03T16:06:05","modified_gmt":"2020-11-03T15:06:05","slug":"sport","status":"publish","type":"page","link":"https:\/\/www.hoteluniversal.it\/de\/sport\/","title":{"rendered":"Sport"},"content":{"rendered":"<div class=\"wpb-content-wrapper\"><p>[vc_row css_animation=&#8220;&#8220; row_type=&#8220;row&#8220; use_row_as_full_screen_section=&#8220;no&#8220; type=&#8220;full_width&#8220; angled_section=&#8220;no&#8220; text_align=&#8220;left&#8220; background_image_as_pattern=&#8220;without_pattern&#8220;][vc_column][vc_column_text]<\/p>\n<h1 style=\"text-align: center;\">Sport<\/h1>\n<p>[\/vc_column_text][\/vc_column][\/vc_row][vc_row css_animation=&#8220;&#8220; row_type=&#8220;row&#8220; use_row_as_full_screen_section=&#8220;no&#8220; type=&#8220;full_width&#8220; angled_section=&#8220;no&#8220; text_align=&#8220;left&#8220; background_image_as_pattern=&#8220;without_pattern&#8220; z_index=&#8220;&#8220; css=&#8220;.vc_custom_1579693046351{padding-bottom: 30px !important;}&#8220;][vc_column][vc_column_text]<strong>Sie lieben Sport?<\/strong>\u00a0Auch die Marken lieben ihn![\/vc_column_text][vc_row_inner row_type=&#8220;row&#8220; type=&#8220;full_width&#8220; text_align=&#8220;left&#8220; css_animation=&#8220;&#8220; css=&#8220;.vc_custom_1604307503626{margin-bottom: 10px !important;background-color: #ffffff !important;border-radius: 15px !important;}&#8220; padding_top=&#8220;10&#8243; el_class=&#8220;rece-shadow&#8220;][vc_column_inner el_class=&#8220;stelle-rece&#8220; width=&#8220;1\/6&#8243;][vc_single_image image=&#8220;2196&#8243; img_size=&#8220;full&#8220; qode_css_animation=&#8220;&#8220;][vc_single_image image=&#8220;2116&#8243; img_size=&#8220;full&#8220; qode_css_animation=&#8220;&#8220;][\/vc_column_inner][vc_column_inner width=&#8220;5\/6&#8243;][vc_column_text]<\/p>\n<h4>Marco C.<\/h4>\n<p>Sehr sauberes Hotel mit hervorragendem Fr\u00fchst\u00fcck. Sch\u00f6ne Strandpromenade, kongenial, etwas fr\u00fcher aufzustehen, um 4 Schritte am Strand zu machen und &#8222;die Lungen zu \u00f6ffnen&#8220;. Es verf\u00fcgt auch \u00fcber eine Sauna und einen kleinen Fitnessraum mit allem, was Sie brauchen, um Ihre \u00dcbungen in Ruhe durchzuf\u00fchren.[\/vc_column_text][\/vc_column_inner][\/vc_row_inner][vc_column_text]Verbringen Sie Ihren Aktivurlaub hier in unserer Region: Trekking, Radfahren, Mountainbiken sind perfekte Sportarten f\u00fcr diese Region.<\/p>\n<p>Wir geben Ihnen die Informationen, die Sie w\u00fcnschen, Strecken zum Ausw\u00e4hlen, Guides, Spezialgesch\u00e4fte, an die Sie sich wenden k\u00f6nnen.<\/p>\n<p><strong>Wenn Sie Radsportler sind<\/strong>, sind die Marken eine wunderbare Region mit wirklich reizvollen Strecken, leichte ebenso wie \u00e4u\u00dferst anspruchsvolle f\u00fcr echte Profis.<br \/>\nSie k\u00f6nnen am Meer bleiben oder das Hinterland entdecken, wo H\u00fcgel mit Burgen und einzigartige Landschaften auf Sie warten.<\/p>\n<p>Das\u00a0<strong>Hotel Universal<\/strong>\u00a0bietet ma\u00dfgeschneiderte Leistungen f\u00fcr alle leidenschaftlichen Radfahrer und eine Verpflegung, die die Bed\u00fcrfnisse der Sportler ber\u00fccksichtigt.[\/vc_column_text][\/vc_column][\/vc_row][vc_row css_animation=&#8220;&#8220; row_type=&#8220;row&#8220; use_row_as_full_screen_section=&#8220;no&#8220; type=&#8220;full_width&#8220; angled_section=&#8220;no&#8220; text_align=&#8220;left&#8220; background_image_as_pattern=&#8220;without_pattern&#8220;][vc_column][vc_empty_space][\/vc_column][\/vc_row][vc_row css_animation=&#8220;&#8220; row_type=&#8220;row&#8220; use_row_as_full_screen_section=&#8220;no&#8220; type=&#8220;full_width&#8220; angled_section=&#8220;no&#8220; text_align=&#8220;left&#8220; background_image_as_pattern=&#8220;without_pattern&#8220; z_index=&#8220;&#8220; css=&#8220;.vc_custom_1579693046351{padding-bottom: 30px !important;}&#8220;][vc_column width=&#8220;7\/12&#8243;][vc_column_text]<\/p>\n<h3 class=\"entry-title\">Leistungen f\u00fcr Radfahrer<\/h3>\n<ul>\n<li><strong>Sichere Unterbringung der R\u00e4der<\/strong> im Hotel, in einem abgeschlossenen Raum, der mit Fahrradst\u00e4ndern und Haken sowie Sitzb\u00e4nken ausgestattet ist<\/li>\n<li><strong>Werkstatt im Abstellraum<\/strong> mit n\u00f6tigem Werkzeug und einer Basis-Ersatzteilausstattung f\u00fcr die Eigenreparatur<\/li>\n<li><strong>Radw\u00e4sche<\/strong> auf einem eigens eingerichteten Platz im Abstellraum<\/li>\n<li>Erfahrene Radf\u00fchrer f\u00fcr Gruppen und Einzelfahrer, Kartenmaterial und Strecken des Gebietes mit technischen Beschreibungen samt H\u00f6henangaben und \u00dcbersetzungen in verschiedene Fremdsprachen<\/li>\n<li>T\u00e4gliche W\u00e4sche der Sportbekleidung auf Anfrage<\/li>\n<li>Flexible Essenszeiten im Restaurant, mit Men\u00fcs, die auf die Bed\u00fcrfnisse der Sportler abgestimmt werden<\/li>\n<li>Medizinische und physiotherapeutische Betreuung auf Anfrage<\/li>\n<li>Preisarrangements mit Spezialgesch\u00e4ften f\u00fcr au\u00dfergew\u00f6hnliche mechanische Reparaturen<\/li>\n<li>Mountainbike-Verleih<\/li>\n<li>Fitnessraum<\/li>\n<\/ul>\n<p>[\/vc_column_text][\/vc_column][vc_column width=&#8220;5\/12&#8243;][vc_single_image image=&#8220;1403&#8243; img_size=&#8220;full&#8220; qode_css_animation=&#8220;&#8220;][\/vc_column][\/vc_row][vc_row css_animation=&#8220;&#8220; row_type=&#8220;row&#8220; use_row_as_full_screen_section=&#8220;no&#8220; type=&#8220;full_width&#8220; angled_section=&#8220;no&#8220; text_align=&#8220;left&#8220; background_image_as_pattern=&#8220;without_pattern&#8220;][vc_column][vc_column_text]<\/p>\n<h3 class=\"entry-title\">Strecken<\/h3>\n<p>Echten <strong>Mountainbikefreaks <\/strong>bieten wir eine <strong>wundersch\u00f6ne Ausflugsstrecke mitten in die Natur<\/strong>, entlang des Flusses Misa, gerne auch mit unserem Super-Guide Mario!<br \/>\nDie Strecke schl\u00e4ngelt sich vom Hotel als Ausgangspunkt 2 km ins Landesinnere Richtung A14 und m\u00fcndet auf H\u00f6he der Zavatti-Br\u00fccke in einen Pfad.<\/p>\n<p><strong>Die komplett geschotterte Strecke verl\u00e4uft entlang des linken Ufers des Misa-Flusses \u2013 vom Meer Richtung Berg \u2013\u00a0 <\/strong><strong>und ist im zweiten Abschnitt gro\u00dfteils als Singletrail angelegt<\/strong>.<\/p>\n<p>Die Strecke endet nach ca. 14 km auf einer Br\u00fccke in der N\u00e4he des Ortsteils \u00a0Casine di Ostra und bietet auch Gelegenheit das wundersch\u00f6ne <strong>historische Zentrum<\/strong> <strong>von Ostra<\/strong> (2km von Casine) zu besichtigen, anschlie\u00dfend f\u00e4hrt man dieselbe Strecke oder auf der Staatsstra\u00dfe Arceviese zur\u00fcck, die man 400 Meter nach dem Streckenende erreicht.<\/p>\n<p>F\u00fcr die, die es nicht schaffen, die gesamte Strecke zu bew\u00e4ltigen, gibt es verschiedene Ausfahrten Richtung Staatsstra\u00dfe: bei km 5 in der Ortschaft Vallone und bei km 9,5 in der Ortschaft Bettolelle.<\/p>\n<p><strong>Eine wirklich sehr vergn\u00fcgliche Strecke, ideal auch f\u00fcr Anf\u00e4nger und Jugendliche, <\/strong><strong>vorausgesetzt sie werden begleitet, und man kann sie zu jeder Jahreszeit befahren! <\/strong><br \/>\nAn hei\u00dfen Tagen radelt man 80% im Schatten, da die Strecke von einer \u00fcppigen Vegetation bestehend aus Schilfrohren, Buchen, Eichen, Pappeln und Akazien ges\u00e4umt ist, au\u00dferdem kann man w\u00e4hrend der Fahrt den Fischreiher in mehreren Arten sowie andere Vogelarten, wie Fasane, \u00a0Amseln usw. bewundern.<\/p>\n<p>Diese Strecke bietet wenige Kilometer vor dem Ende in der Ortschaft Pianello eine Reparaturwerkst\u00e4tte.<\/p>\n<p>Entdecken Sie die vielen <strong>Strecken<\/strong>, die vom <strong>Hotel Universal<\/strong> ausgehen und f\u00fcr alle Geschm\u00e4cker und Bed\u00fcrfnisse geeignet sind: <strong>Strecken auf Asphalt<\/strong> mitten in der Natur und <strong>Moutainbikestrecken<\/strong> mit verschiedenen Schwierigkeitsgraden.[\/vc_column_text][\/vc_column][\/vc_row]<\/p>\n<\/div>","protected":false},"excerpt":{"rendered":"<p>[vc_row css_animation=&#8220;&#8220; row_type=&#8220;row&#8220; use_row_as_full_screen_section=&#8220;no&#8220; type=&#8220;full_width&#8220; angled_section=&#8220;no&#8220; text_align=&#8220;left&#8220; background_image_as_pattern=&#8220;without_pattern&#8220;][vc_column][vc_column_text] Sport [\/vc_column_text][\/vc_column][\/vc_row][vc_row css_animation=&#8220;&#8220; row_type=&#8220;row&#8220; use_row_as_full_screen_section=&#8220;no&#8220; type=&#8220;full_width&#8220; angled_section=&#8220;no&#8220; text_align=&#8220;left&#8220; background_image_as_pattern=&#8220;without_pattern&#8220; z_index=&#8220;&#8220; css=&#8220;.vc_custom_1579693046351{padding-bottom: 30px !important;}&#8220;][vc_column][vc_column_text]Sie lieben Sport?\u00a0Auch die Marken lieben ihn![\/vc_column_text][vc_row_inner row_type=&#8220;row&#8220; type=&#8220;full_width&#8220; text_align=&#8220;left&#8220; css_animation=&#8220;&#8220; css=&#8220;.vc_custom_1604307503626{margin-bottom: 10px !important;background-color: #ffffff !important;border-radius: 15px !important;}&#8220; padding_top=&#8220;10&#8243; el_class=&#8220;rece-shadow&#8220;][vc_column_inner el_class=&#8220;stelle-rece&#8220; width=&#8220;1\/6&#8243;][vc_single_image image=&#8220;2196&#8243; img_size=&#8220;full&#8220; qode_css_animation=&#8220;&#8220;][vc_single_image&#8230;<\/p>\n","protected":false},"author":2,"featured_media":1399,"parent":0,"menu_order":0,"comment_status":"closed","ping_status":"closed","template":"","meta":{"_acf_changed":false,"footnotes":""},"class_list":["post-1390","page","type-page","status-publish","has-post-thumbnail","hentry"],"acf":[],"yoast_head":"<!-- This site is optimized with the Yoast SEO plugin v25.7 - https:\/\/yoast.com\/wordpress\/plugins\/seo\/ -->\n<title>Sport | Hotel Universal - Senigallia (AN)<\/title>\n<meta name=\"robots\" content=\"index, follow, max-snippet:-1, max-image-preview:large, max-video-preview:-1\" \/>\n<link rel=\"canonical\" href=\"https:\/\/www.hoteluniversal.it\/de\/sport\/\" \/>\n<meta property=\"og:locale\" content=\"de_DE\" \/>\n<meta property=\"og:type\" content=\"article\" \/>\n<meta property=\"og:title\" content=\"Sport | Hotel Universal - Senigallia (AN)\" \/>\n<meta property=\"og:description\" content=\"[vc_row css_animation=&#8220;&#8220; row_type=&#8220;row&#8220; use_row_as_full_screen_section=&#8220;no&#8220; type=&#8220;full_width&#8220; angled_section=&#8220;no&#8220; text_align=&#8220;left&#8220; background_image_as_pattern=&#8220;without_pattern&#8220;][vc_column][vc_column_text] Sport [\/vc_column_text][\/vc_column][\/vc_row][vc_row css_animation=&#8220;&#8220; row_type=&#8220;row&#8220; use_row_as_full_screen_section=&#8220;no&#8220; type=&#8220;full_width&#8220; angled_section=&#8220;no&#8220; text_align=&#8220;left&#8220; background_image_as_pattern=&#8220;without_pattern&#8220; z_index=&#8220;&#8220; css=&#8220;.vc_custom_1579693046351{padding-bottom: 30px !important;}&#8220;][vc_column][vc_column_text]Sie lieben Sport?\u00a0Auch die Marken lieben ihn![\/vc_column_text][vc_row_inner row_type=&#8220;row&#8220; type=&#8220;full_width&#8220; text_align=&#8220;left&#8220; css_animation=&#8220;&#8220; css=&#8220;.vc_custom_1604307503626{margin-bottom: 10px !important;background-color: #ffffff !important;border-radius: 15px !important;}&#8220; padding_top=&#8220;10&#8243; el_class=&#8220;rece-shadow&#8220;][vc_column_inner el_class=&#8220;stelle-rece&#8220; width=&#8220;1\/6&#8243;][vc_single_image image=&#8220;2196&#8243; img_size=&#8220;full&#8220; qode_css_animation=&#8220;&#8220;][vc_single_image...\" \/>\n<meta property=\"og:url\" content=\"https:\/\/www.hoteluniversal.it\/de\/sport\/\" \/>\n<meta property=\"og:site_name\" content=\"Hotel Universal - Senigallia (AN)\" \/>\n<meta property=\"article:modified_time\" content=\"2020-11-03T15:06:05+00:00\" \/>\n<meta property=\"og:image\" content=\"https:\/\/www.hoteluniversal.it\/wp-content\/uploads\/2020\/01\/slide-ciclismo-hotel-universal.jpg\" \/>\n\t<meta property=\"og:image:width\" content=\"2000\" \/>\n\t<meta property=\"og:image:height\" content=\"510\" \/>\n\t<meta property=\"og:image:type\" content=\"image\/jpeg\" \/>\n<meta name=\"twitter:card\" content=\"summary_large_image\" \/>\n<meta name=\"twitter:label1\" content=\"Gesch\u00e4tzte Lesezeit\" \/>\n\t<meta name=\"twitter:data1\" content=\"4\u00a0Minuten\" \/>\n<script type=\"application\/ld+json\" class=\"yoast-schema-graph\">{\"@context\":\"https:\/\/schema.org\",\"@graph\":[{\"@type\":\"WebPage\",\"@id\":\"https:\/\/www.hoteluniversal.it\/de\/sport\/\",\"url\":\"https:\/\/www.hoteluniversal.it\/de\/sport\/\",\"name\":\"Sport | Hotel Universal - Senigallia (AN)\",\"isPartOf\":{\"@id\":\"https:\/\/www.hoteluniversal.it\/de\/#website\"},\"primaryImageOfPage\":{\"@id\":\"https:\/\/www.hoteluniversal.it\/de\/sport\/#primaryimage\"},\"image\":{\"@id\":\"https:\/\/www.hoteluniversal.it\/de\/sport\/#primaryimage\"},\"thumbnailUrl\":\"https:\/\/www.hoteluniversal.it\/wp-content\/uploads\/2020\/01\/slide-ciclismo-hotel-universal.jpg\",\"datePublished\":\"2020-01-28T14:44:47+00:00\",\"dateModified\":\"2020-11-03T15:06:05+00:00\",\"breadcrumb\":{\"@id\":\"https:\/\/www.hoteluniversal.it\/de\/sport\/#breadcrumb\"},\"inLanguage\":\"de\",\"potentialAction\":[{\"@type\":\"ReadAction\",\"target\":[\"https:\/\/www.hoteluniversal.it\/de\/sport\/\"]}]},{\"@type\":\"ImageObject\",\"inLanguage\":\"de\",\"@id\":\"https:\/\/www.hoteluniversal.it\/de\/sport\/#primaryimage\",\"url\":\"https:\/\/www.hoteluniversal.it\/wp-content\/uploads\/2020\/01\/slide-ciclismo-hotel-universal.jpg\",\"contentUrl\":\"https:\/\/www.hoteluniversal.it\/wp-content\/uploads\/2020\/01\/slide-ciclismo-hotel-universal.jpg\",\"width\":2000,\"height\":510},{\"@type\":\"BreadcrumbList\",\"@id\":\"https:\/\/www.hoteluniversal.it\/de\/sport\/#breadcrumb\",\"itemListElement\":[{\"@type\":\"ListItem\",\"position\":1,\"name\":\"Home\",\"item\":\"https:\/\/www.hoteluniversal.it\/de\/\"},{\"@type\":\"ListItem\",\"position\":2,\"name\":\"Sport\"}]},{\"@type\":\"WebSite\",\"@id\":\"https:\/\/www.hoteluniversal.it\/de\/#website\",\"url\":\"https:\/\/www.hoteluniversal.it\/de\/\",\"name\":\"Hotel Universal - Senigallia (AN)\",\"description\":\"\",\"potentialAction\":[{\"@type\":\"SearchAction\",\"target\":{\"@type\":\"EntryPoint\",\"urlTemplate\":\"https:\/\/www.hoteluniversal.it\/de\/?s={search_term_string}\"},\"query-input\":{\"@type\":\"PropertyValueSpecification\",\"valueRequired\":true,\"valueName\":\"search_term_string\"}}],\"inLanguage\":\"de\"}]}<\/script>\n<!-- \/ Yoast SEO plugin. -->","yoast_head_json":{"title":"Sport | Hotel Universal - Senigallia (AN)","robots":{"index":"index","follow":"follow","max-snippet":"max-snippet:-1","max-image-preview":"max-image-preview:large","max-video-preview":"max-video-preview:-1"},"canonical":"https:\/\/www.hoteluniversal.it\/de\/sport\/","og_locale":"de_DE","og_type":"article","og_title":"Sport | Hotel Universal - Senigallia (AN)","og_description":"[vc_row css_animation=&#8220;&#8220; row_type=&#8220;row&#8220; use_row_as_full_screen_section=&#8220;no&#8220; type=&#8220;full_width&#8220; angled_section=&#8220;no&#8220; text_align=&#8220;left&#8220; background_image_as_pattern=&#8220;without_pattern&#8220;][vc_column][vc_column_text] Sport [\/vc_column_text][\/vc_column][\/vc_row][vc_row css_animation=&#8220;&#8220; row_type=&#8220;row&#8220; use_row_as_full_screen_section=&#8220;no&#8220; type=&#8220;full_width&#8220; angled_section=&#8220;no&#8220; text_align=&#8220;left&#8220; background_image_as_pattern=&#8220;without_pattern&#8220; z_index=&#8220;&#8220; css=&#8220;.vc_custom_1579693046351{padding-bottom: 30px !important;}&#8220;][vc_column][vc_column_text]Sie lieben Sport?\u00a0Auch die Marken lieben ihn![\/vc_column_text][vc_row_inner row_type=&#8220;row&#8220; type=&#8220;full_width&#8220; text_align=&#8220;left&#8220; css_animation=&#8220;&#8220; css=&#8220;.vc_custom_1604307503626{margin-bottom: 10px !important;background-color: #ffffff !important;border-radius: 15px !important;}&#8220; padding_top=&#8220;10&#8243; el_class=&#8220;rece-shadow&#8220;][vc_column_inner el_class=&#8220;stelle-rece&#8220; width=&#8220;1\/6&#8243;][vc_single_image image=&#8220;2196&#8243; img_size=&#8220;full&#8220; qode_css_animation=&#8220;&#8220;][vc_single_image...","og_url":"https:\/\/www.hoteluniversal.it\/de\/sport\/","og_site_name":"Hotel Universal - Senigallia (AN)","article_modified_time":"2020-11-03T15:06:05+00:00","og_image":[{"width":2000,"height":510,"url":"https:\/\/www.hoteluniversal.it\/wp-content\/uploads\/2020\/01\/slide-ciclismo-hotel-universal.jpg","type":"image\/jpeg"}],"twitter_card":"summary_large_image","twitter_misc":{"Gesch\u00e4tzte Lesezeit":"4\u00a0Minuten"},"schema":{"@context":"https:\/\/schema.org","@graph":[{"@type":"WebPage","@id":"https:\/\/www.hoteluniversal.it\/de\/sport\/","url":"https:\/\/www.hoteluniversal.it\/de\/sport\/","name":"Sport | Hotel Universal - Senigallia (AN)","isPartOf":{"@id":"https:\/\/www.hoteluniversal.it\/de\/#website"},"primaryImageOfPage":{"@id":"https:\/\/www.hoteluniversal.it\/de\/sport\/#primaryimage"},"image":{"@id":"https:\/\/www.hoteluniversal.it\/de\/sport\/#primaryimage"},"thumbnailUrl":"https:\/\/www.hoteluniversal.it\/wp-content\/uploads\/2020\/01\/slide-ciclismo-hotel-universal.jpg","datePublished":"2020-01-28T14:44:47+00:00","dateModified":"2020-11-03T15:06:05+00:00","breadcrumb":{"@id":"https:\/\/www.hoteluniversal.it\/de\/sport\/#breadcrumb"},"inLanguage":"de","potentialAction":[{"@type":"ReadAction","target":["https:\/\/www.hoteluniversal.it\/de\/sport\/"]}]},{"@type":"ImageObject","inLanguage":"de","@id":"https:\/\/www.hoteluniversal.it\/de\/sport\/#primaryimage","url":"https:\/\/www.hoteluniversal.it\/wp-content\/uploads\/2020\/01\/slide-ciclismo-hotel-universal.jpg","contentUrl":"https:\/\/www.hoteluniversal.it\/wp-content\/uploads\/2020\/01\/slide-ciclismo-hotel-universal.jpg","width":2000,"height":510},{"@type":"BreadcrumbList","@id":"https:\/\/www.hoteluniversal.it\/de\/sport\/#breadcrumb","itemListElement":[{"@type":"ListItem","position":1,"name":"Home","item":"https:\/\/www.hoteluniversal.it\/de\/"},{"@type":"ListItem","position":2,"name":"Sport"}]},{"@type":"WebSite","@id":"https:\/\/www.hoteluniversal.it\/de\/#website","url":"https:\/\/www.hoteluniversal.it\/de\/","name":"Hotel Universal - Senigallia (AN)","description":"","potentialAction":[{"@type":"SearchAction","target":{"@type":"EntryPoint","urlTemplate":"https:\/\/www.hoteluniversal.it\/de\/?s={search_term_string}"},"query-input":{"@type":"PropertyValueSpecification","valueRequired":true,"valueName":"search_term_string"}}],"inLanguage":"de"}]}},"_links":{"self":[{"href":"https:\/\/www.hoteluniversal.it\/de\/wp-json\/wp\/v2\/pages\/1390","targetHints":{"allow":["GET"]}}],"collection":[{"href":"https:\/\/www.hoteluniversal.it\/de\/wp-json\/wp\/v2\/pages"}],"about":[{"href":"https:\/\/www.hoteluniversal.it\/de\/wp-json\/wp\/v2\/types\/page"}],"author":[{"embeddable":true,"href":"https:\/\/www.hoteluniversal.it\/de\/wp-json\/wp\/v2\/users\/2"}],"replies":[{"embeddable":true,"href":"https:\/\/www.hoteluniversal.it\/de\/wp-json\/wp\/v2\/comments?post=1390"}],"version-history":[{"count":0,"href":"https:\/\/www.hoteluniversal.it\/de\/wp-json\/wp\/v2\/pages\/1390\/revisions"}],"wp:featuredmedia":[{"embeddable":true,"href":"https:\/\/www.hoteluniversal.it\/de\/wp-json\/wp\/v2\/media\/1399"}],"wp:attachment":[{"href":"https:\/\/www.hoteluniversal.it\/de\/wp-json\/wp\/v2\/media?parent=1390"}],"curies":[{"name":"wp","href":"https:\/\/api.w.org\/{rel}","templated":true}]}}