{"id":1356,"date":"2020-01-28T14:40:32","date_gmt":"2020-01-28T13:40:32","guid":{"rendered":"https:\/\/www.hoteluniversal.it\/?page_id=1356"},"modified":"2024-10-15T09:55:52","modified_gmt":"2024-10-15T07:55:52","slug":"hinterland","status":"publish","type":"page","link":"https:\/\/www.hoteluniversal.it\/de\/hinterland\/","title":{"rendered":"Hinterland"},"content":{"rendered":"<div class=\"wpb-content-wrapper\"><p>[vc_row css_animation=&#8220;&#8220; row_type=&#8220;row&#8220; use_row_as_full_screen_section=&#8220;no&#8220; type=&#8220;full_width&#8220; angled_section=&#8220;no&#8220; text_align=&#8220;left&#8220; background_image_as_pattern=&#8220;without_pattern&#8220;][vc_column][vc_column_text]<\/p>\n<h1 style=\"text-align: center;\">Hinterland<\/h1>\n<p>[\/vc_column_text][\/vc_column][\/vc_row][vc_row css_animation=&#8220;&#8220; row_type=&#8220;row&#8220; use_row_as_full_screen_section=&#8220;no&#8220; type=&#8220;full_width&#8220; angled_section=&#8220;no&#8220; text_align=&#8220;left&#8220; background_image_as_pattern=&#8220;without_pattern&#8220;][vc_column][vc_column_text]Hier finden Sie unsere sch\u00f6nsten mittelalterlichen D\u00f6rfer, lange Kultur- und Wanderpfade, die sich von Senigallia bis zur Grenze zur Toskana erstrecken. [\/vc_column_text][\/vc_column][\/vc_row][vc_row css_animation=&#8220;&#8220; row_type=&#8220;row&#8220; use_row_as_full_screen_section=&#8220;no&#8220; type=&#8220;full_width&#8220; angled_section=&#8220;no&#8220; text_align=&#8220;left&#8220; background_image_as_pattern=&#8220;without_pattern&#8220;][vc_column][vc_empty_space][\/vc_column][\/vc_row][vc_row css_animation=&#8220;&#8220; row_type=&#8220;row&#8220; use_row_as_full_screen_section=&#8220;no&#8220; type=&#8220;full_width&#8220; angled_section=&#8220;no&#8220; text_align=&#8220;left&#8220; background_image_as_pattern=&#8220;without_pattern&#8220;][vc_column width=&#8220;1\/2&#8243;][vc_column_text css=&#8220;.vc_custom_1582988937500{padding-top: 10px !important;padding-bottom: 10px !important;}&#8220;]<\/p>\n<h3 class=\"entry-title\" style=\"text-align: left;\">Corinaldo<\/h3>\n<p class=\"entry-title\" style=\"text-align: left;\">18 km von Senigallia entfernt.<br \/>\nDieses <strong>mittelalterliche Dorf<\/strong>, ein seltenes Beispiel einer befestigten Stadt, bewahrt seine aus dem 15. Jahrhundert stammenden Mauern fast unversehrt. Es ist auch als \u201eDorf der Verr\u00fcckten\u201d bekannt. Die Einwohner dieses Dorfes gelten n\u00e4mlich laut einer jahrhundertealten Tradition als echte Verr\u00fcckte. Und \u00fcber sie erz\u00e4hlt man sich nette Geschichten\u2026.<\/p>\n<p>[\/vc_column_text][\/vc_column][vc_column width=&#8220;1\/2&#8243;][vc_column_text css=&#8220;.vc_custom_1580212715016{padding-top: 10px !important;padding-bottom: 10px !important;}&#8220;]<\/p>\n<h3 class=\"entry-title\" style=\"text-align: left;\">H\u00f6hlen von Frasassi<\/h3>\n<p class=\"entry-title\" style=\"text-align: left;\">60 km von Senigallia entfernt.<br \/>\nEindrucksvoller H\u00f6hlenkomplex mit gigantischen Stalaktiten und Stalagmiten, klaren Seen und interessanten Lichtspielen: Diese unbeschreiblichen Naturschauspiele kann nur die Natur selbst f\u00fcr den Besucher bereithalten. Die <strong>\u201eGrotta grande del Vento\u201c (Gro\u00dfe Windh\u00f6hle)<\/strong> wird Ihnen unvergesslich bleiben.<\/p>\n<p>[\/vc_column_text][\/vc_column][\/vc_row][vc_row css_animation=&#8220;&#8220; row_type=&#8220;row&#8220; use_row_as_full_screen_section=&#8220;no&#8220; type=&#8220;full_width&#8220; angled_section=&#8220;no&#8220; text_align=&#8220;left&#8220; background_image_as_pattern=&#8220;without_pattern&#8220;][vc_column width=&#8220;1\/2&#8243;][vc_column_text css=&#8220;.vc_custom_1580212737343{padding-top: 10px !important;padding-bottom: 10px !important;}&#8220;]<\/p>\n<h3>Loreto<\/h3>\n<p>40 km von Senigallia entfernt.<br \/>\nDie Lage auf einem H\u00fcgel mit Panoramablick auf das Meer ist einzigartig. Teilweise von Mauern und Schutzw\u00e4llen aus dem 16. Jahrhundert umgeben. Die Stadt wird von der ber\u00fchmten <strong>Wallfahrtskapelle Santa Casa<\/strong> beherrscht, die zu den am meisten verehrten Bauwerken der Christenheit geh\u00f6rt und ohne Zweifel zu den bedeutendsten in Italien.[\/vc_column_text][\/vc_column][vc_column width=&#8220;1\/2&#8243;][vc_column_text css=&#8220;.vc_custom_1580212757725{padding-top: 10px !important;padding-bottom: 10px !important;}&#8220;]<\/p>\n<h3>Recanati<\/h3>\n<p>50 km von Senigallia entfernt.<br \/>\nHeimatstadt von Leopardi und Beniamino Gigli sowie zahlreichen anderen K\u00fcnstlern und Wissenschaftlern. Sie beherbergt Denkm\u00e4ler, Kirchen, Pal\u00e4ste, Pinakotheken, Museen und Bibliotheken. Hier befindet sich das nationale Zentrum der Leopardi-Forschung. Es werden verschiedene Kunst-, Literatur- und Musikveranstaltungen ausgerichtet, die gro\u00dfen Anklang finden.[\/vc_column_text][\/vc_column][\/vc_row][vc_row css_animation=&#8220;&#8220; row_type=&#8220;row&#8220; use_row_as_full_screen_section=&#8220;no&#8220; type=&#8220;full_width&#8220; angled_section=&#8220;no&#8220; text_align=&#8220;left&#8220; background_image_as_pattern=&#8220;without_pattern&#8220;][vc_column width=&#8220;1\/2&#8243;][vc_column_text css=&#8220;.vc_custom_1580212790067{padding-top: 10px !important;padding-bottom: 10px !important;}&#8220;]<\/p>\n<h3>Urbino<\/h3>\n<p>70 km von Senigallia entfernt.<br \/>\nUniversit\u00e4tsstadt, <strong>Juwel der Renaissance<\/strong>, wundersch\u00f6ne Lage auf zwei H\u00fcgeln in der Mitte des von den Fl\u00fcssen Foglia und Metauro gebildeten Tales. Das Zentrum der Stadt ist uralt und der Herzogspalast ist von einer solchen architektonischen Reinheit, dass er mit keinem anderen zivilen Bauwerk in Italien verglichen werden kann. Die dort aufbewahrten Gem\u00e4lde sind von ber\u00fchmten K\u00fcnstlern wie Raffael und Tizian.[\/vc_column_text][\/vc_column][vc_column width=&#8220;1\/2&#8243;][vc_column_text css=&#8220;.vc_custom_1580212823196{padding-top: 10px !important;padding-bottom: 10px !important;}&#8220;]<\/p>\n<h3>Gradara<\/h3>\n<p>40 km von Senigallia entfernt.<br \/>\nGradara ist ber\u00fchmt f\u00fcr die Festung <strong>Rocca Malatestiana<\/strong>, die sich auf einem H\u00fcgel zwischen den Marken und der Romagna erhebt, nur 15 km von Pesaro entfernt, wo Paolo und Francesca ihre tragische Liebesgeschichte erlebten. Die Burg ist eine der best erhaltenen mittelalterlichen Festungen Italiens. [\/vc_column_text][\/vc_column][\/vc_row][vc_row css_animation=&#8220;&#8220; row_type=&#8220;row&#8220; use_row_as_full_screen_section=&#8220;no&#8220; type=&#8220;full_width&#8220; angled_section=&#8220;no&#8220; text_align=&#8220;left&#8220; background_image_as_pattern=&#8220;without_pattern&#8220;][vc_column][vc_column_text css=&#8220;.vc_custom_1586856706461{padding-top: 10px !important;padding-bottom: 10px !important;}&#8220;]<\/p>\n<h3>Outlets und Gesch\u00e4fte<\/h3>\n<p>Aber Senigallia ist nicht nur Kunst und Kultur. In ihrem Umfeld gibt es auch viele <strong>Outlets und Gesch\u00e4fte<\/strong> mit unendlichen Einkaufsm\u00f6glichkeiten.<\/p>\n<p><strong>Unionmoda<\/strong> &#8211; Sant&#8217;Ippolito (PU)<br \/>\n300 Brand di grandi Firme nazionali ed internazionali su 3,000 mq di Superficie Espositiva: il pi\u00f9 grande Outlet delle Marche!<\/p>\n<p><strong>Il Castagno Brand Village<\/strong> &#8211; Casette d\u2019Ete, Sant&#8217;Elpidio a Mare (FM)<br \/>\ncon i negozi di grandi firme pregiate come Prada, Miu Miu, Tosca Blu e molte altre.<\/p>\n<p><strong>Trendy Birdie<\/strong> &#8211; Sede centrale: via Giovanni Pascoli, 8, Pergola (PU). Succursale: via Raffaello Sanzio, 285\/E, Senigallia (AN).<br \/>\nnegozio specializzato in abbigliamento da bambino 0-18 anni. Grazie a 30 anni di esperienza nel settore, vengono selezionati i migliori brand e fornitori in grado di garantire outfit trendy, per tutte le occasioni: dai look pratici per la scuola a quelli da cerimonia, tutti di altissima qualit\u00e0 a prezzi super vantaggiosi.<\/p>\n<p><strong>Simonetta Factory Store<\/strong> &#8211; via Letteria Belardinelli, 6\/8, Jesi (AN)<br \/>\nSimonetta \u00e8 leader nel settore della produzione di vestiti per bambini e vanta collaborazioni con le pi\u00f9 grandi case di moda.<\/p>\n<p><strong>Dirk Bikkembergs Outlet<\/strong> &#8211; via Luigi Einaudi, 56, Fano (PU)<\/p>\n<p>Sant\u2019Epidio a Mare (FN) ist ein Paradies f\u00fcr Schuhe, Taschen und G\u00fcrtel der Marke <strong>Tod\u2019s<\/strong>.<br \/>\nUnd in Porto San Giorgio (FN) finden Sie das <strong>Outlet Walk Safari<\/strong>, der ideale Ort f\u00fcr den Einkauf von Kinderbekleidung der Marken Pickwick, Walk Safari, Andrea Morelli, Air-On, Kubo, SweetYears, Trudi footwear, Alviero Martini 1. Klasse.[\/vc_column_text][\/vc_column][\/vc_row][vc_row css_animation=&#8220;&#8220; row_type=&#8220;row&#8220; use_row_as_full_screen_section=&#8220;no&#8220; type=&#8220;full_width&#8220; angled_section=&#8220;no&#8220; text_align=&#8220;left&#8220; background_image_as_pattern=&#8220;without_pattern&#8220;][vc_column][vc_empty_space][\/vc_column][\/vc_row][vc_row css_animation=&#8220;&#8220; row_type=&#8220;row&#8220; use_row_as_full_screen_section=&#8220;no&#8220; type=&#8220;grid&#8220; angled_section=&#8220;no&#8220; text_align=&#8220;left&#8220; background_image_as_pattern=&#8220;without_pattern&#8220; z_index=&#8220;&#8220; padding_bottom=&#8220;45&#8243; css=&#8220;.vc_custom_1579864113174{background-color: #f6f6f6 !important;}&#8220; padding_top=&#8220;35&#8243; background_color=&#8220;#f6f6f6&#8243;][vc_column][vc_row_inner row_type=&#8220;row&#8220; type=&#8220;full_width&#8220; text_align=&#8220;left&#8220; css_animation=&#8220;&#8220; el_class=&#8220;tipology-inner-two-wrap&#8220; background_color=&#8220;#f6f6f6&#8243;][vc_column_inner el_class=&#8220;tipology-inner-two-wrap-block&#8220; width=&#8220;1\/3&#8243;][vc_single_image image=&#8220;1314&#8243; img_size=&#8220;full&#8220; alignment=&#8220;center&#8220; onclick=&#8220;custom_link&#8220; css=&#8220;&#8220; qode_css_animation=&#8220;&#8220; el_class=&#8220;tipology-inner-two-img-block&#8220; link=&#8220;https:\/\/www.hoteluniversal.it\/de\/denkmaeler\/&#8220;][vc_column_text css=&#8220;&#8220; el_class=&#8220;tipology-inner-two-text-block&#8220;]<\/p>\n<h4><a style=\"color: #ffffff;\" href=\"https:\/\/www.hoteluniversal.it\/de\/denkmaeler\/\">Denkm\u00e4ler<\/a><\/h4>\n<p>[\/vc_column_text][\/vc_column_inner][vc_column_inner el_class=&#8220;tipology-inner-two-wrap-block&#8220; width=&#8220;1\/3&#8243;][vc_single_image image=&#8220;1318&#8243; img_size=&#8220;full&#8220; alignment=&#8220;center&#8220; onclick=&#8220;custom_link&#8220; css=&#8220;&#8220; qode_css_animation=&#8220;&#8220; el_class=&#8220;tipology-inner-two-img-block&#8220; link=&#8220;https:\/\/www.hoteluniversal.it\/de\/veranstaltungen\/&#8220;][vc_column_text css=&#8220;&#8220; el_class=&#8220;tipology-inner-two-text-block&#8220;]<\/p>\n<h4><a style=\"color: #ffffff;\" href=\"https:\/\/www.hoteluniversal.it\/de\/veranstaltungen\/\">Veranstaltungen<\/a><\/h4>\n<p>[\/vc_column_text][\/vc_column_inner][vc_column_inner el_class=&#8220;tipology-inner-two-wrap-block&#8220; width=&#8220;1\/3&#8243;][vc_single_image image=&#8220;1322&#8243; img_size=&#8220;full&#8220; alignment=&#8220;center&#8220; onclick=&#8220;custom_link&#8220; css=&#8220;&#8220; qode_css_animation=&#8220;&#8220; el_class=&#8220;tipology-inner-two-img-block&#8220; link=&#8220;https:\/\/www.hoteluniversal.it\/de\/privatstrand\/&#8220;][vc_column_text css=&#8220;&#8220; el_class=&#8220;tipology-inner-two-text-block&#8220;]<\/p>\n<h4><a style=\"color: #ffffff;\" href=\"https:\/\/www.hoteluniversal.it\/de\/privatstrand\/\">Strand<\/a><\/h4>\n<p>[\/vc_column_text][\/vc_column_inner][\/vc_row_inner][\/vc_column][\/vc_row]<\/p>\n<\/div>","protected":false},"excerpt":{"rendered":"<p>[vc_row css_animation=&#8220;&#8220; row_type=&#8220;row&#8220; use_row_as_full_screen_section=&#8220;no&#8220; type=&#8220;full_width&#8220; angled_section=&#8220;no&#8220; text_align=&#8220;left&#8220; background_image_as_pattern=&#8220;without_pattern&#8220;][vc_column][vc_column_text] Hinterland [\/vc_column_text][\/vc_column][\/vc_row][vc_row css_animation=&#8220;&#8220; row_type=&#8220;row&#8220; use_row_as_full_screen_section=&#8220;no&#8220; type=&#8220;full_width&#8220; angled_section=&#8220;no&#8220; text_align=&#8220;left&#8220; background_image_as_pattern=&#8220;without_pattern&#8220;][vc_column][vc_column_text]Hier finden Sie unsere sch\u00f6nsten mittelalterlichen D\u00f6rfer, lange Kultur- und Wanderpfade, die sich von Senigallia bis zur Grenze zur Toskana erstrecken. [\/vc_column_text][\/vc_column][\/vc_row][vc_row css_animation=&#8220;&#8220; row_type=&#8220;row&#8220; use_row_as_full_screen_section=&#8220;no&#8220; type=&#8220;full_width&#8220; angled_section=&#8220;no&#8220; text_align=&#8220;left&#8220; background_image_as_pattern=&#8220;without_pattern&#8220;][vc_column][vc_empty_space][\/vc_column][\/vc_row][vc_row&#8230;<\/p>\n","protected":false},"author":2,"featured_media":1422,"parent":0,"menu_order":0,"comment_status":"closed","ping_status":"closed","template":"","meta":{"_acf_changed":false,"footnotes":""},"class_list":["post-1356","page","type-page","status-publish","has-post-thumbnail","hentry"],"acf":[],"yoast_head":"<!-- This site is optimized with the Yoast SEO plugin v25.7 - https:\/\/yoast.com\/wordpress\/plugins\/seo\/ -->\n<title>Hinterland | Hotel Universal - Senigallia (AN)<\/title>\n<meta name=\"robots\" content=\"index, follow, max-snippet:-1, max-image-preview:large, max-video-preview:-1\" \/>\n<link rel=\"canonical\" href=\"https:\/\/www.hoteluniversal.it\/de\/hinterland\/\" \/>\n<meta property=\"og:locale\" content=\"de_DE\" \/>\n<meta property=\"og:type\" content=\"article\" \/>\n<meta property=\"og:title\" content=\"Hinterland | Hotel Universal - Senigallia (AN)\" \/>\n<meta property=\"og:description\" content=\"[vc_row css_animation=&#8220;&#8220; row_type=&#8220;row&#8220; use_row_as_full_screen_section=&#8220;no&#8220; type=&#8220;full_width&#8220; angled_section=&#8220;no&#8220; text_align=&#8220;left&#8220; background_image_as_pattern=&#8220;without_pattern&#8220;][vc_column][vc_column_text] Hinterland [\/vc_column_text][\/vc_column][\/vc_row][vc_row css_animation=&#8220;&#8220; row_type=&#8220;row&#8220; use_row_as_full_screen_section=&#8220;no&#8220; type=&#8220;full_width&#8220; angled_section=&#8220;no&#8220; text_align=&#8220;left&#8220; background_image_as_pattern=&#8220;without_pattern&#8220;][vc_column][vc_column_text]Hier finden Sie unsere sch\u00f6nsten mittelalterlichen D\u00f6rfer, lange Kultur- und Wanderpfade, die sich von Senigallia bis zur Grenze zur Toskana erstrecken. [\/vc_column_text][\/vc_column][\/vc_row][vc_row css_animation=&#8220;&#8220; row_type=&#8220;row&#8220; use_row_as_full_screen_section=&#8220;no&#8220; type=&#8220;full_width&#8220; angled_section=&#8220;no&#8220; text_align=&#8220;left&#8220; background_image_as_pattern=&#8220;without_pattern&#8220;][vc_column][vc_empty_space][\/vc_column][\/vc_row][vc_row...\" \/>\n<meta property=\"og:url\" content=\"https:\/\/www.hoteluniversal.it\/de\/hinterland\/\" \/>\n<meta property=\"og:site_name\" content=\"Hotel Universal - Senigallia (AN)\" \/>\n<meta property=\"article:modified_time\" content=\"2024-10-15T07:55:52+00:00\" \/>\n<meta property=\"og:image\" content=\"https:\/\/www.hoteluniversal.it\/wp-content\/uploads\/2020\/01\/slide-dintorni-urbino.jpg\" \/>\n\t<meta property=\"og:image:width\" content=\"2000\" \/>\n\t<meta property=\"og:image:height\" content=\"510\" \/>\n\t<meta property=\"og:image:type\" content=\"image\/jpeg\" \/>\n<meta name=\"twitter:card\" content=\"summary_large_image\" \/>\n<meta name=\"twitter:label1\" content=\"Gesch\u00e4tzte Lesezeit\" \/>\n\t<meta name=\"twitter:data1\" content=\"5\u00a0Minuten\" \/>\n<script type=\"application\/ld+json\" class=\"yoast-schema-graph\">{\"@context\":\"https:\/\/schema.org\",\"@graph\":[{\"@type\":\"WebPage\",\"@id\":\"https:\/\/www.hoteluniversal.it\/de\/hinterland\/\",\"url\":\"https:\/\/www.hoteluniversal.it\/de\/hinterland\/\",\"name\":\"Hinterland | Hotel Universal - Senigallia (AN)\",\"isPartOf\":{\"@id\":\"https:\/\/www.hoteluniversal.it\/de\/#website\"},\"primaryImageOfPage\":{\"@id\":\"https:\/\/www.hoteluniversal.it\/de\/hinterland\/#primaryimage\"},\"image\":{\"@id\":\"https:\/\/www.hoteluniversal.it\/de\/hinterland\/#primaryimage\"},\"thumbnailUrl\":\"https:\/\/www.hoteluniversal.it\/wp-content\/uploads\/2020\/01\/slide-dintorni-urbino.jpg\",\"datePublished\":\"2020-01-28T13:40:32+00:00\",\"dateModified\":\"2024-10-15T07:55:52+00:00\",\"breadcrumb\":{\"@id\":\"https:\/\/www.hoteluniversal.it\/de\/hinterland\/#breadcrumb\"},\"inLanguage\":\"de\",\"potentialAction\":[{\"@type\":\"ReadAction\",\"target\":[\"https:\/\/www.hoteluniversal.it\/de\/hinterland\/\"]}]},{\"@type\":\"ImageObject\",\"inLanguage\":\"de\",\"@id\":\"https:\/\/www.hoteluniversal.it\/de\/hinterland\/#primaryimage\",\"url\":\"https:\/\/www.hoteluniversal.it\/wp-content\/uploads\/2020\/01\/slide-dintorni-urbino.jpg\",\"contentUrl\":\"https:\/\/www.hoteluniversal.it\/wp-content\/uploads\/2020\/01\/slide-dintorni-urbino.jpg\",\"width\":2000,\"height\":510},{\"@type\":\"BreadcrumbList\",\"@id\":\"https:\/\/www.hoteluniversal.it\/de\/hinterland\/#breadcrumb\",\"itemListElement\":[{\"@type\":\"ListItem\",\"position\":1,\"name\":\"Home\",\"item\":\"https:\/\/www.hoteluniversal.it\/de\/\"},{\"@type\":\"ListItem\",\"position\":2,\"name\":\"Hinterland\"}]},{\"@type\":\"WebSite\",\"@id\":\"https:\/\/www.hoteluniversal.it\/de\/#website\",\"url\":\"https:\/\/www.hoteluniversal.it\/de\/\",\"name\":\"Hotel Universal - Senigallia (AN)\",\"description\":\"\",\"potentialAction\":[{\"@type\":\"SearchAction\",\"target\":{\"@type\":\"EntryPoint\",\"urlTemplate\":\"https:\/\/www.hoteluniversal.it\/de\/?s={search_term_string}\"},\"query-input\":{\"@type\":\"PropertyValueSpecification\",\"valueRequired\":true,\"valueName\":\"search_term_string\"}}],\"inLanguage\":\"de\"}]}<\/script>\n<!-- \/ Yoast SEO plugin. -->","yoast_head_json":{"title":"Hinterland | Hotel Universal - Senigallia (AN)","robots":{"index":"index","follow":"follow","max-snippet":"max-snippet:-1","max-image-preview":"max-image-preview:large","max-video-preview":"max-video-preview:-1"},"canonical":"https:\/\/www.hoteluniversal.it\/de\/hinterland\/","og_locale":"de_DE","og_type":"article","og_title":"Hinterland | Hotel Universal - Senigallia (AN)","og_description":"[vc_row css_animation=&#8220;&#8220; row_type=&#8220;row&#8220; use_row_as_full_screen_section=&#8220;no&#8220; type=&#8220;full_width&#8220; angled_section=&#8220;no&#8220; text_align=&#8220;left&#8220; background_image_as_pattern=&#8220;without_pattern&#8220;][vc_column][vc_column_text] Hinterland [\/vc_column_text][\/vc_column][\/vc_row][vc_row css_animation=&#8220;&#8220; row_type=&#8220;row&#8220; use_row_as_full_screen_section=&#8220;no&#8220; type=&#8220;full_width&#8220; angled_section=&#8220;no&#8220; text_align=&#8220;left&#8220; background_image_as_pattern=&#8220;without_pattern&#8220;][vc_column][vc_column_text]Hier finden Sie unsere sch\u00f6nsten mittelalterlichen D\u00f6rfer, lange Kultur- und Wanderpfade, die sich von Senigallia bis zur Grenze zur Toskana erstrecken. [\/vc_column_text][\/vc_column][\/vc_row][vc_row css_animation=&#8220;&#8220; row_type=&#8220;row&#8220; use_row_as_full_screen_section=&#8220;no&#8220; type=&#8220;full_width&#8220; angled_section=&#8220;no&#8220; text_align=&#8220;left&#8220; background_image_as_pattern=&#8220;without_pattern&#8220;][vc_column][vc_empty_space][\/vc_column][\/vc_row][vc_row...","og_url":"https:\/\/www.hoteluniversal.it\/de\/hinterland\/","og_site_name":"Hotel Universal - Senigallia (AN)","article_modified_time":"2024-10-15T07:55:52+00:00","og_image":[{"width":2000,"height":510,"url":"https:\/\/www.hoteluniversal.it\/wp-content\/uploads\/2020\/01\/slide-dintorni-urbino.jpg","type":"image\/jpeg"}],"twitter_card":"summary_large_image","twitter_misc":{"Gesch\u00e4tzte Lesezeit":"5\u00a0Minuten"},"schema":{"@context":"https:\/\/schema.org","@graph":[{"@type":"WebPage","@id":"https:\/\/www.hoteluniversal.it\/de\/hinterland\/","url":"https:\/\/www.hoteluniversal.it\/de\/hinterland\/","name":"Hinterland | Hotel Universal - Senigallia (AN)","isPartOf":{"@id":"https:\/\/www.hoteluniversal.it\/de\/#website"},"primaryImageOfPage":{"@id":"https:\/\/www.hoteluniversal.it\/de\/hinterland\/#primaryimage"},"image":{"@id":"https:\/\/www.hoteluniversal.it\/de\/hinterland\/#primaryimage"},"thumbnailUrl":"https:\/\/www.hoteluniversal.it\/wp-content\/uploads\/2020\/01\/slide-dintorni-urbino.jpg","datePublished":"2020-01-28T13:40:32+00:00","dateModified":"2024-10-15T07:55:52+00:00","breadcrumb":{"@id":"https:\/\/www.hoteluniversal.it\/de\/hinterland\/#breadcrumb"},"inLanguage":"de","potentialAction":[{"@type":"ReadAction","target":["https:\/\/www.hoteluniversal.it\/de\/hinterland\/"]}]},{"@type":"ImageObject","inLanguage":"de","@id":"https:\/\/www.hoteluniversal.it\/de\/hinterland\/#primaryimage","url":"https:\/\/www.hoteluniversal.it\/wp-content\/uploads\/2020\/01\/slide-dintorni-urbino.jpg","contentUrl":"https:\/\/www.hoteluniversal.it\/wp-content\/uploads\/2020\/01\/slide-dintorni-urbino.jpg","width":2000,"height":510},{"@type":"BreadcrumbList","@id":"https:\/\/www.hoteluniversal.it\/de\/hinterland\/#breadcrumb","itemListElement":[{"@type":"ListItem","position":1,"name":"Home","item":"https:\/\/www.hoteluniversal.it\/de\/"},{"@type":"ListItem","position":2,"name":"Hinterland"}]},{"@type":"WebSite","@id":"https:\/\/www.hoteluniversal.it\/de\/#website","url":"https:\/\/www.hoteluniversal.it\/de\/","name":"Hotel Universal - Senigallia (AN)","description":"","potentialAction":[{"@type":"SearchAction","target":{"@type":"EntryPoint","urlTemplate":"https:\/\/www.hoteluniversal.it\/de\/?s={search_term_string}"},"query-input":{"@type":"PropertyValueSpecification","valueRequired":true,"valueName":"search_term_string"}}],"inLanguage":"de"}]}},"_links":{"self":[{"href":"https:\/\/www.hoteluniversal.it\/de\/wp-json\/wp\/v2\/pages\/1356","targetHints":{"allow":["GET"]}}],"collection":[{"href":"https:\/\/www.hoteluniversal.it\/de\/wp-json\/wp\/v2\/pages"}],"about":[{"href":"https:\/\/www.hoteluniversal.it\/de\/wp-json\/wp\/v2\/types\/page"}],"author":[{"embeddable":true,"href":"https:\/\/www.hoteluniversal.it\/de\/wp-json\/wp\/v2\/users\/2"}],"replies":[{"embeddable":true,"href":"https:\/\/www.hoteluniversal.it\/de\/wp-json\/wp\/v2\/comments?post=1356"}],"version-history":[{"count":5,"href":"https:\/\/www.hoteluniversal.it\/de\/wp-json\/wp\/v2\/pages\/1356\/revisions"}],"predecessor-version":[{"id":3775,"href":"https:\/\/www.hoteluniversal.it\/de\/wp-json\/wp\/v2\/pages\/1356\/revisions\/3775"}],"wp:featuredmedia":[{"embeddable":true,"href":"https:\/\/www.hoteluniversal.it\/de\/wp-json\/wp\/v2\/media\/1422"}],"wp:attachment":[{"href":"https:\/\/www.hoteluniversal.it\/de\/wp-json\/wp\/v2\/media?parent=1356"}],"curies":[{"name":"wp","href":"https:\/\/api.w.org\/{rel}","templated":true}]}}