{"id":1090,"date":"2020-01-23T12:05:35","date_gmt":"2020-01-23T11:05:35","guid":{"rendered":"https:\/\/www.hoteluniversal.it\/?page_id=1090"},"modified":"2026-04-23T17:24:03","modified_gmt":"2026-04-23T15:24:03","slug":"meeting","status":"publish","type":"page","link":"https:\/\/www.hoteluniversal.it\/de\/meeting\/","title":{"rendered":"Meeting"},"content":{"rendered":"<div class=\"wpb-content-wrapper\"><p>[vc_row css_animation=&#8220;&#8220; row_type=&#8220;row&#8220; use_row_as_full_screen_section=&#8220;no&#8220; type=&#8220;full_width&#8220; angled_section=&#8220;no&#8220; text_align=&#8220;left&#8220; background_image_as_pattern=&#8220;without_pattern&#8220;][vc_column][vc_column_text]<\/p>\n<h1 style=\"text-align: center;\">Der Konferenzraum<\/h1>\n<p>[\/vc_column_text][\/vc_column][\/vc_row][vc_row css_animation=&#8220;&#8220; row_type=&#8220;row&#8220; use_row_as_full_screen_section=&#8220;no&#8220; type=&#8220;full_width&#8220; angled_section=&#8220;no&#8220; text_align=&#8220;left&#8220; background_image_as_pattern=&#8220;without_pattern&#8220; z_index=&#8220;&#8220; css=&#8220;.vc_custom_1579693046351{padding-bottom: 30px !important;}&#8220;][vc_column width=&#8220;7\/12&#8243;][vc_column_text css=&#8220;&#8220;]Das Hotel Universal verf\u00fcgt \u00fcber einen Meetingraum f\u00fcr <strong>bis zu 30 Teilnehmer.<\/strong><\/p>\n<p>Der Meetingraum kann wie folgt eingerichtet werden:<\/p>\n<ul>\n<li>Theaterbestuhlung f\u00fcr bis zu 30 Teilnehmer<\/li>\n<li>U-Form f\u00fcr 16\/18 Teilnehmer<\/li>\n<li>Schulbestuhlung<\/li>\n<\/ul>\n<p>Die Ausstattung beinhaltet:<\/p>\n<ul>\n<li>Videoprojektor<\/li>\n<li>Flipchart<\/li>\n<li>Lautsprecher<\/li>\n<li>50-Zoll-TV<\/li>\n<\/ul>\n<p>Auf Wunsch k\u00f6nnen wir Coffee-Breaks, Coffee-Corner und Light Lunches organisieren.[\/vc_column_text][\/vc_column][vc_column width=&#8220;5\/12&#8243;][vc_gallery type=&#8220;nivo&#8220; interval=&#8220;3&#8243; images=&#8220;2916,2944,2940,2936,2956,2932,2928,2924,2920,2960,2952&#8243; img_size=&#8220;full&#8220;][\/vc_column][\/vc_row][vc_row css_animation=&#8220;&#8220; row_type=&#8220;row&#8220; use_row_as_full_screen_section=&#8220;no&#8220; type=&#8220;full_width&#8220; angled_section=&#8220;no&#8220; text_align=&#8220;left&#8220; background_image_as_pattern=&#8220;without_pattern&#8220; z_index=&#8220;&#8220;][vc_column][vc_column_text css=&#8220;&#8220;]\n<div class=\"conver-widget-v2\"\n     data-instance=\"conver-v2-2\">\n\n  <div class=\"chat-container\" id=\"chat-section\">\n\n    <div class=\"chat-header\">\n      <div class=\"chat-header-logo\">\n        <img decoding=\"async\"\n          src=\"https:\/\/www.hoteluniversal.it\/wp-content\/themes\/bridge-child\/template-parts\/ricerca-conversazionale-v2\/assets\/img\/logo-ricerca-conv.png\"\n          alt=\"\"\n        >\n        <span>Hallo<\/span>\n      <\/div>\n\n      <h2>Womit fangen wir an?<\/h2>\n    <\/div>\n\n    <!-- Chat -->\n    <div class=\"chat-box\"><\/div>\n\n    <!-- Loading -->\n    <div class=\"loading-conver hidden\" aria-hidden=\"true\">\n      <div class=\"dot\"><\/div><div class=\"dot\"><\/div><div class=\"dot\"><\/div>\n    <\/div>\n\n    <!-- Input -->\n    <div class=\"input-area-conver-wrapper\">\n      <div class=\"input-area-conver\">\n        <textarea\n          class=\"user-input-conver\"\n          placeholder=\"Stelle eine Frage...\"\n          rows=\"1\"\n        ><\/textarea>\n\n        <div class=\"box-btn-conver\">\n          <a class=\"send-btn-conver\" href=\"#\" role=\"button\" aria-label=\"AI Search\">\n            <i class=\"fa-light fa-magnifying-glass icon-search\" aria-hidden=\"true\"><\/i>\n            <i class=\"fa-regular fa-arrow-up icon-send hidden\" aria-hidden=\"true\"><\/i>\n            <span class=\"ai-search-text\">AI Search<\/span>\n          <\/a>\n\n          <i class=\"fa-light fa-close icon-erase hidden\" aria-hidden=\"true\"><\/i>\n        <\/div>\n      <\/div>\n    <\/div>\n    <span class=\"show-quick-questions hidden\">Zeige schnelle Fragen<\/span>\n\n    <!-- Domande rapide -->\n    <div class=\"entry-chats-wrapper\">\n      <!-- \n      <button type=\"button\" class=\"entry-chat\" data-prompt=\"Ein Zimmer f\u00fcr zwei Personen buchen\">\n        Ein Zimmer f\u00fcr zwei Personen buchen      <\/button>\n      -->\n      <button type=\"button\" class=\"entry-chat\" data-prompt=\"Sonderangebote entdecken\">\n        Sonderangebote entdecken      <\/button>\n\n      <button type=\"button\" class=\"entry-chat\" data-prompt=\"Zimmer entdecken\">\n        Zimmer entdecken      <\/button>\n\n      <button type=\"button\" class=\"entry-chat\" data-prompt=\"Entdecke den Wellnessbereich\">\n        Entdecke den Wellnessbereich      <\/button>\n    <\/div>\n\n  <\/div>\n<\/div>\n\n<style>\n  .entry-chats-wrapper {\n    display: flex !important;\n}\n<\/style>[\/vc_column_text][\/vc_column][\/vc_row]<\/p>\n<\/div>","protected":false},"excerpt":{"rendered":"<p>[vc_row css_animation=&#8220;&#8220; row_type=&#8220;row&#8220; use_row_as_full_screen_section=&#8220;no&#8220; type=&#8220;full_width&#8220; angled_section=&#8220;no&#8220; text_align=&#8220;left&#8220; background_image_as_pattern=&#8220;without_pattern&#8220;][vc_column][vc_column_text] Der Konferenzraum [\/vc_column_text][\/vc_column][\/vc_row][vc_row css_animation=&#8220;&#8220; row_type=&#8220;row&#8220; use_row_as_full_screen_section=&#8220;no&#8220; type=&#8220;full_width&#8220; angled_section=&#8220;no&#8220; text_align=&#8220;left&#8220; background_image_as_pattern=&#8220;without_pattern&#8220; z_index=&#8220;&#8220; css=&#8220;.vc_custom_1579693046351{padding-bottom: 30px !important;}&#8220;][vc_column width=&#8220;7\/12&#8243;][vc_column_text css=&#8220;&#8220;]Das Hotel Universal verf\u00fcgt \u00fcber einen Meetingraum f\u00fcr bis zu 30 Teilnehmer. Der Meetingraum kann wie folgt eingerichtet werden: Theaterbestuhlung f\u00fcr bis&#8230;<\/p>\n","protected":false},"author":2,"featured_media":1080,"parent":0,"menu_order":0,"comment_status":"closed","ping_status":"closed","template":"","meta":{"_acf_changed":false,"footnotes":""},"class_list":["post-1090","page","type-page","status-publish","has-post-thumbnail","hentry"],"acf":[],"yoast_head":"<!-- This site is optimized with the Yoast SEO plugin v25.7 - https:\/\/yoast.com\/wordpress\/plugins\/seo\/ -->\n<title>Meeting | Hotel Universal - Senigallia (AN)<\/title>\n<meta name=\"robots\" content=\"index, follow, max-snippet:-1, max-image-preview:large, max-video-preview:-1\" \/>\n<link rel=\"canonical\" href=\"https:\/\/www.hoteluniversal.it\/de\/meeting\/\" \/>\n<meta property=\"og:locale\" content=\"de_DE\" \/>\n<meta property=\"og:type\" content=\"article\" \/>\n<meta property=\"og:title\" content=\"Meeting | Hotel Universal - Senigallia (AN)\" \/>\n<meta property=\"og:description\" content=\"[vc_row css_animation=&#8220;&#8220; row_type=&#8220;row&#8220; use_row_as_full_screen_section=&#8220;no&#8220; type=&#8220;full_width&#8220; angled_section=&#8220;no&#8220; text_align=&#8220;left&#8220; background_image_as_pattern=&#8220;without_pattern&#8220;][vc_column][vc_column_text] Der Konferenzraum [\/vc_column_text][\/vc_column][\/vc_row][vc_row css_animation=&#8220;&#8220; row_type=&#8220;row&#8220; use_row_as_full_screen_section=&#8220;no&#8220; type=&#8220;full_width&#8220; angled_section=&#8220;no&#8220; text_align=&#8220;left&#8220; background_image_as_pattern=&#8220;without_pattern&#8220; z_index=&#8220;&#8220; css=&#8220;.vc_custom_1579693046351{padding-bottom: 30px !important;}&#8220;][vc_column width=&#8220;7\/12&#8243;][vc_column_text css=&#8220;&#8220;]Das Hotel Universal verf\u00fcgt \u00fcber einen Meetingraum f\u00fcr bis zu 30 Teilnehmer. Der Meetingraum kann wie folgt eingerichtet werden: Theaterbestuhlung f\u00fcr bis...\" \/>\n<meta property=\"og:url\" content=\"https:\/\/www.hoteluniversal.it\/de\/meeting\/\" \/>\n<meta property=\"og:site_name\" content=\"Hotel Universal - Senigallia (AN)\" \/>\n<meta property=\"article:modified_time\" content=\"2026-04-23T15:24:03+00:00\" \/>\n<meta property=\"og:image\" content=\"https:\/\/www.hoteluniversal.it\/wp-content\/uploads\/2020\/01\/slide-meeting-hotel-universal.jpg\" \/>\n\t<meta property=\"og:image:width\" content=\"2000\" \/>\n\t<meta property=\"og:image:height\" content=\"510\" \/>\n\t<meta property=\"og:image:type\" content=\"image\/jpeg\" \/>\n<meta name=\"twitter:card\" content=\"summary_large_image\" \/>\n<meta name=\"twitter:label1\" content=\"Gesch\u00e4tzte Lesezeit\" \/>\n\t<meta name=\"twitter:data1\" content=\"1\u00a0Minute\" \/>\n<script type=\"application\/ld+json\" class=\"yoast-schema-graph\">{\"@context\":\"https:\/\/schema.org\",\"@graph\":[{\"@type\":\"WebPage\",\"@id\":\"https:\/\/www.hoteluniversal.it\/de\/meeting\/\",\"url\":\"https:\/\/www.hoteluniversal.it\/de\/meeting\/\",\"name\":\"Meeting | Hotel Universal - Senigallia (AN)\",\"isPartOf\":{\"@id\":\"https:\/\/www.hoteluniversal.it\/de\/#website\"},\"primaryImageOfPage\":{\"@id\":\"https:\/\/www.hoteluniversal.it\/de\/meeting\/#primaryimage\"},\"image\":{\"@id\":\"https:\/\/www.hoteluniversal.it\/de\/meeting\/#primaryimage\"},\"thumbnailUrl\":\"https:\/\/www.hoteluniversal.it\/wp-content\/uploads\/2020\/01\/slide-meeting-hotel-universal.jpg\",\"datePublished\":\"2020-01-23T11:05:35+00:00\",\"dateModified\":\"2026-04-23T15:24:03+00:00\",\"breadcrumb\":{\"@id\":\"https:\/\/www.hoteluniversal.it\/de\/meeting\/#breadcrumb\"},\"inLanguage\":\"de\",\"potentialAction\":[{\"@type\":\"ReadAction\",\"target\":[\"https:\/\/www.hoteluniversal.it\/de\/meeting\/\"]}]},{\"@type\":\"ImageObject\",\"inLanguage\":\"de\",\"@id\":\"https:\/\/www.hoteluniversal.it\/de\/meeting\/#primaryimage\",\"url\":\"https:\/\/www.hoteluniversal.it\/wp-content\/uploads\/2020\/01\/slide-meeting-hotel-universal.jpg\",\"contentUrl\":\"https:\/\/www.hoteluniversal.it\/wp-content\/uploads\/2020\/01\/slide-meeting-hotel-universal.jpg\",\"width\":2000,\"height\":510},{\"@type\":\"BreadcrumbList\",\"@id\":\"https:\/\/www.hoteluniversal.it\/de\/meeting\/#breadcrumb\",\"itemListElement\":[{\"@type\":\"ListItem\",\"position\":1,\"name\":\"Home\",\"item\":\"https:\/\/www.hoteluniversal.it\/de\/\"},{\"@type\":\"ListItem\",\"position\":2,\"name\":\"Meeting\"}]},{\"@type\":\"WebSite\",\"@id\":\"https:\/\/www.hoteluniversal.it\/de\/#website\",\"url\":\"https:\/\/www.hoteluniversal.it\/de\/\",\"name\":\"Hotel Universal - Senigallia (AN)\",\"description\":\"\",\"potentialAction\":[{\"@type\":\"SearchAction\",\"target\":{\"@type\":\"EntryPoint\",\"urlTemplate\":\"https:\/\/www.hoteluniversal.it\/de\/?s={search_term_string}\"},\"query-input\":{\"@type\":\"PropertyValueSpecification\",\"valueRequired\":true,\"valueName\":\"search_term_string\"}}],\"inLanguage\":\"de\"}]}<\/script>\n<!-- \/ Yoast SEO plugin. -->","yoast_head_json":{"title":"Meeting | Hotel Universal - Senigallia (AN)","robots":{"index":"index","follow":"follow","max-snippet":"max-snippet:-1","max-image-preview":"max-image-preview:large","max-video-preview":"max-video-preview:-1"},"canonical":"https:\/\/www.hoteluniversal.it\/de\/meeting\/","og_locale":"de_DE","og_type":"article","og_title":"Meeting | Hotel Universal - Senigallia (AN)","og_description":"[vc_row css_animation=&#8220;&#8220; row_type=&#8220;row&#8220; use_row_as_full_screen_section=&#8220;no&#8220; type=&#8220;full_width&#8220; angled_section=&#8220;no&#8220; text_align=&#8220;left&#8220; background_image_as_pattern=&#8220;without_pattern&#8220;][vc_column][vc_column_text] Der Konferenzraum [\/vc_column_text][\/vc_column][\/vc_row][vc_row css_animation=&#8220;&#8220; row_type=&#8220;row&#8220; use_row_as_full_screen_section=&#8220;no&#8220; type=&#8220;full_width&#8220; angled_section=&#8220;no&#8220; text_align=&#8220;left&#8220; background_image_as_pattern=&#8220;without_pattern&#8220; z_index=&#8220;&#8220; css=&#8220;.vc_custom_1579693046351{padding-bottom: 30px !important;}&#8220;][vc_column width=&#8220;7\/12&#8243;][vc_column_text css=&#8220;&#8220;]Das Hotel Universal verf\u00fcgt \u00fcber einen Meetingraum f\u00fcr bis zu 30 Teilnehmer. Der Meetingraum kann wie folgt eingerichtet werden: Theaterbestuhlung f\u00fcr bis...","og_url":"https:\/\/www.hoteluniversal.it\/de\/meeting\/","og_site_name":"Hotel Universal - Senigallia (AN)","article_modified_time":"2026-04-23T15:24:03+00:00","og_image":[{"width":2000,"height":510,"url":"https:\/\/www.hoteluniversal.it\/wp-content\/uploads\/2020\/01\/slide-meeting-hotel-universal.jpg","type":"image\/jpeg"}],"twitter_card":"summary_large_image","twitter_misc":{"Gesch\u00e4tzte Lesezeit":"1\u00a0Minute"},"schema":{"@context":"https:\/\/schema.org","@graph":[{"@type":"WebPage","@id":"https:\/\/www.hoteluniversal.it\/de\/meeting\/","url":"https:\/\/www.hoteluniversal.it\/de\/meeting\/","name":"Meeting | Hotel Universal - Senigallia (AN)","isPartOf":{"@id":"https:\/\/www.hoteluniversal.it\/de\/#website"},"primaryImageOfPage":{"@id":"https:\/\/www.hoteluniversal.it\/de\/meeting\/#primaryimage"},"image":{"@id":"https:\/\/www.hoteluniversal.it\/de\/meeting\/#primaryimage"},"thumbnailUrl":"https:\/\/www.hoteluniversal.it\/wp-content\/uploads\/2020\/01\/slide-meeting-hotel-universal.jpg","datePublished":"2020-01-23T11:05:35+00:00","dateModified":"2026-04-23T15:24:03+00:00","breadcrumb":{"@id":"https:\/\/www.hoteluniversal.it\/de\/meeting\/#breadcrumb"},"inLanguage":"de","potentialAction":[{"@type":"ReadAction","target":["https:\/\/www.hoteluniversal.it\/de\/meeting\/"]}]},{"@type":"ImageObject","inLanguage":"de","@id":"https:\/\/www.hoteluniversal.it\/de\/meeting\/#primaryimage","url":"https:\/\/www.hoteluniversal.it\/wp-content\/uploads\/2020\/01\/slide-meeting-hotel-universal.jpg","contentUrl":"https:\/\/www.hoteluniversal.it\/wp-content\/uploads\/2020\/01\/slide-meeting-hotel-universal.jpg","width":2000,"height":510},{"@type":"BreadcrumbList","@id":"https:\/\/www.hoteluniversal.it\/de\/meeting\/#breadcrumb","itemListElement":[{"@type":"ListItem","position":1,"name":"Home","item":"https:\/\/www.hoteluniversal.it\/de\/"},{"@type":"ListItem","position":2,"name":"Meeting"}]},{"@type":"WebSite","@id":"https:\/\/www.hoteluniversal.it\/de\/#website","url":"https:\/\/www.hoteluniversal.it\/de\/","name":"Hotel Universal - Senigallia (AN)","description":"","potentialAction":[{"@type":"SearchAction","target":{"@type":"EntryPoint","urlTemplate":"https:\/\/www.hoteluniversal.it\/de\/?s={search_term_string}"},"query-input":{"@type":"PropertyValueSpecification","valueRequired":true,"valueName":"search_term_string"}}],"inLanguage":"de"}]}},"_links":{"self":[{"href":"https:\/\/www.hoteluniversal.it\/de\/wp-json\/wp\/v2\/pages\/1090","targetHints":{"allow":["GET"]}}],"collection":[{"href":"https:\/\/www.hoteluniversal.it\/de\/wp-json\/wp\/v2\/pages"}],"about":[{"href":"https:\/\/www.hoteluniversal.it\/de\/wp-json\/wp\/v2\/types\/page"}],"author":[{"embeddable":true,"href":"https:\/\/www.hoteluniversal.it\/de\/wp-json\/wp\/v2\/users\/2"}],"replies":[{"embeddable":true,"href":"https:\/\/www.hoteluniversal.it\/de\/wp-json\/wp\/v2\/comments?post=1090"}],"version-history":[{"count":5,"href":"https:\/\/www.hoteluniversal.it\/de\/wp-json\/wp\/v2\/pages\/1090\/revisions"}],"predecessor-version":[{"id":4940,"href":"https:\/\/www.hoteluniversal.it\/de\/wp-json\/wp\/v2\/pages\/1090\/revisions\/4940"}],"wp:featuredmedia":[{"embeddable":true,"href":"https:\/\/www.hoteluniversal.it\/de\/wp-json\/wp\/v2\/media\/1080"}],"wp:attachment":[{"href":"https:\/\/www.hoteluniversal.it\/de\/wp-json\/wp\/v2\/media?parent=1090"}],"curies":[{"name":"wp","href":"https:\/\/api.w.org\/{rel}","templated":true}]}}